{"id":28353,"date":"2024-03-07T15:51:07","date_gmt":"2024-03-07T14:51:07","guid":{"rendered":"https:\/\/preview.efk.admin.ch\/cose-il-controllo-federale-delle-finanze\/la-strategie-du-cdf\/"},"modified":"2026-03-26T11:36:17","modified_gmt":"2026-03-26T10:36:17","slug":"strategia-del-cdf","status":"publish","type":"page","link":"https:\/\/www.efk.admin.ch\/it\/cose-il-cdf\/strategia-del-cdf\/","title":{"rendered":"Strategia del CDF"},"content":{"rendered":"\n<h2 class=\"wp-block-heading\" id=\"h-visione\">Visione<\/h2>\n\n\n\n<p>Apportiamo cambiamenti positivi nell\u2019interesse della popolazione e creiamo fiducia promuovendo la trasparenza.<\/p>\n\n\n\n<h2 class=\"wp-block-heading\" id=\"h-missione\">Missione<\/h2>\n\n\n\n<ul class=\"wp-block-list\">\n<li>Interveniamo dove vale la pena.<\/li>\n\n\n\n<li>Siamo vigili e rompiamo gli schemi di pensiero.<\/li>\n\n\n\n<li>Difendiamo le nostre convinzioni in modo coerente e corretto.<\/li>\n\n\n\n<li>Pensiamo e lavoriamo in modo indipendente.<\/li>\n\n\n\n<li>Abbiamo menti brillanti che portano avanti il cambiamento.<\/li>\n\n\n\n<li>Dimostriamo leadership nella vigilanza finanziaria a livello nazionale e internazionale.<\/li>\n<\/ul>\n\n\n\n<h2 class=\"wp-block-heading\" id=\"h-valori\">Valori<\/h2>\n\n\n\n<ul class=\"wp-block-list\">\n<li>Condotta: nello svolgimento dei miei compiti dirigenziali assicuro trasparenza e affidabilit\u00e0.<\/li>\n<\/ul>\n\n\n\n<ul class=\"wp-block-list\">\n<li>Collaborazione: mi comporto con gli altri come vorrei che gli altri si comportassero con me.<\/li>\n<\/ul>\n\n\n\n<ul class=\"wp-block-list\">\n<li>Professionalit\u00e0: lavoro con credibilit\u00e0 e affidabilit\u00e0 e creo valore.<\/li>\n<\/ul>\n\n\n\n<ul class=\"wp-block-list\">\n<li>Innovazione: esco dalla mia zona di comfort per cercare soluzioni migliori e sperimento novit\u00e0.<\/li>\n<\/ul>\n\n\n\n<h2 class=\"wp-block-heading\" id=\"h-obiettivi-strategici-per-gli-anni-2025-2028\">Obiettivi strategici per gli anni 2025-2028<\/h2>\n\n\n\n<p><strong><mark style=\"background-color:rgba(0, 0, 0, 0)\" class=\"has-inline-color has-vivid-red-color\">Prospettiva esterna<\/mark><\/strong><\/p>\n\n\n\n<ul class=\"wp-block-list\">\n<li>Vogliamo rendere il nostro lavoro pi\u00f9 visibile e apprezzabile.<\/li>\n\n\n\n<li>Vogliamo gestire i nostri stakeholder in modo pi\u00f9 mirato e vantaggioso.<\/li>\n<\/ul>\n\n\n\n<p><strong><mark style=\"background-color:rgba(0, 0, 0, 0)\" class=\"has-inline-color has-vivid-red-color\">Prospettiva interna<\/mark><\/strong><\/p>\n\n\n\n<ul class=\"wp-block-list\">\n<li>Vogliamo aumentare l\u2019efficienza dei processi interni e privilegiamo soluzioni semplici e pragmatiche.<\/li>\n\n\n\n<li>Vogliamo offrire ulteriori prospettive ai nostri collaboratori e preservarne l\u2019entusiasmo sul posto di lavoro.<\/li>\n<\/ul>\n","protected":false},"excerpt":{"rendered":"<p>Visione Apportiamo cambiamenti positivi nell\u2019interesse della popolazione e creiamo fiducia promuovendo la trasparenza. Missione Valori Obiettivi strategici per gli anni 2025-2028 Prospettiva esterna Prospettiva interna<\/p>\n","protected":false},"author":10,"featured_media":0,"parent":25114,"menu_order":69,"comment_status":"closed","ping_status":"closed","template":"","meta":{"_acf_changed":false,"footnotes":""},"class_list":["post-28353","page","type-page","status-publish","hentry"],"acf":[],"yoast_head":"<!-- This site is optimized with the Yoast SEO Premium plugin v27.2 (Yoast SEO v27.2) - https:\/\/yoast.com\/product\/yoast-seo-premium-wordpress\/ -->\n<title>Strategia del CDF - Controllo federale delle finanze (CDF)<\/title>\n<meta name=\"robots\" content=\"index, follow, max-snippet:-1, max-image-preview:large, max-video-preview:-1\" \/>\n<link rel=\"canonical\" href=\"https:\/\/www.efk.admin.ch\/it\/cose-il-cdf\/strategia-del-cdf\/\" \/>\n<meta property=\"og:locale\" content=\"it_IT\" \/>\n<meta property=\"og:type\" content=\"article\" \/>\n<meta property=\"og:title\" content=\"Strategia del CDF\" \/>\n<meta property=\"og:description\" content=\"Visione Apportiamo cambiamenti positivi nell\u2019interesse della popolazione e creiamo fiducia promuovendo la trasparenza. Missione Valori Obiettivi strategici per gli anni 2025-2028 Prospettiva esterna Prospettiva interna\" \/>\n<meta property=\"og:url\" content=\"https:\/\/www.efk.admin.ch\/it\/cose-il-cdf\/strategia-del-cdf\/\" \/>\n<meta property=\"og:site_name\" content=\"Controllo federale delle finanze (CDF)\" \/>\n<meta property=\"article:modified_time\" content=\"2026-03-26T10:36:17+00:00\" \/>\n<meta property=\"og:image\" content=\"https:\/\/www.efk.admin.ch\/wp-content\/uploads\/test\/palais.jpg\" \/>\n\t<meta property=\"og:image:width\" content=\"750\" \/>\n\t<meta property=\"og:image:height\" content=\"500\" \/>\n\t<meta property=\"og:image:type\" content=\"image\/jpeg\" \/>\n<meta name=\"twitter:card\" content=\"summary_large_image\" \/>\n<meta name=\"twitter:label1\" content=\"Est. reading time\" \/>\n\t<meta name=\"twitter:data1\" content=\"1 minute\" \/>\n<script type=\"application\/ld+json\" class=\"yoast-schema-graph\">{\"@context\":\"https:\/\/schema.org\",\"@graph\":[{\"@type\":\"WebPage\",\"@id\":\"https:\/\/www.efk.admin.ch\/it\/cose-il-cdf\/strategia-del-cdf\/\",\"url\":\"https:\/\/www.efk.admin.ch\/it\/cose-il-cdf\/strategia-del-cdf\/\",\"name\":\"Strategia del CDF - Controllo federale delle finanze (CDF)\",\"isPartOf\":{\"@id\":\"https:\/\/www.efk.admin.ch\/it\/#website\"},\"datePublished\":\"2024-03-07T14:51:07+00:00\",\"dateModified\":\"2026-03-26T10:36:17+00:00\",\"breadcrumb\":{\"@id\":\"https:\/\/www.efk.admin.ch\/it\/cose-il-cdf\/strategia-del-cdf\/#breadcrumb\"},\"inLanguage\":\"it-IT\",\"potentialAction\":[{\"@type\":\"ReadAction\",\"target\":[\"https:\/\/www.efk.admin.ch\/it\/cose-il-cdf\/strategia-del-cdf\/\"]}]},{\"@type\":\"BreadcrumbList\",\"@id\":\"https:\/\/www.efk.admin.ch\/it\/cose-il-cdf\/strategia-del-cdf\/#breadcrumb\",\"itemListElement\":[{\"@type\":\"ListItem\",\"position\":1,\"name\":\"Home\",\"item\":\"https:\/\/www.efk.admin.ch\/it\/\"},{\"@type\":\"ListItem\",\"position\":2,\"name\":\"Cos\u2019\u00e8 il CDF?\",\"item\":\"https:\/\/www.efk.admin.ch\/it\/cose-il-cdf\/\"},{\"@type\":\"ListItem\",\"position\":3,\"name\":\"Strategia del CDF\"}]},{\"@type\":\"WebSite\",\"@id\":\"https:\/\/www.efk.admin.ch\/it\/#website\",\"url\":\"https:\/\/www.efk.admin.ch\/it\/\",\"name\":\"Informationen \u00fcber das oberste Finanzaufsichtsorgan der Schweiz\",\"description\":\"Il Controllo federale delle finanze (CDF) \u00e8 l'organo supremo di vigilanza finanziaria della Confederazione svizzera.\",\"publisher\":{\"@id\":\"https:\/\/www.efk.admin.ch\/it\/#organization\"},\"alternateName\":\"EFK\",\"potentialAction\":[{\"@type\":\"SearchAction\",\"target\":{\"@type\":\"EntryPoint\",\"urlTemplate\":\"https:\/\/www.efk.admin.ch\/it\/?s={search_term_string}\"},\"query-input\":{\"@type\":\"PropertyValueSpecification\",\"valueRequired\":true,\"valueName\":\"search_term_string\"}}],\"inLanguage\":\"it-IT\"},{\"@type\":\"Organization\",\"@id\":\"https:\/\/www.efk.admin.ch\/it\/#organization\",\"name\":\"Controllo federale delle finanze (CDF)\",\"alternateName\":\"EFK\",\"url\":\"https:\/\/www.efk.admin.ch\/it\/\",\"logo\":{\"@type\":\"ImageObject\",\"inLanguage\":\"it-IT\",\"@id\":\"https:\/\/www.efk.admin.ch\/it\/#\/schema\/logo\/image\/\",\"url\":\"https:\/\/www.efk.admin.ch\/wp-content\/uploads\/efk_cdf_logo_ohne_claim.png\",\"contentUrl\":\"https:\/\/www.efk.admin.ch\/wp-content\/uploads\/efk_cdf_logo_ohne_claim.png\",\"width\":268,\"height\":258,\"caption\":\"Controllo federale delle finanze (CDF)\"},\"image\":{\"@id\":\"https:\/\/www.efk.admin.ch\/it\/#\/schema\/logo\/image\/\"},\"sameAs\":[\"https:\/\/www.instagram.com\/efk_cdf_sfao\/\",\"https:\/\/www.youtube.com\/channel\/UCm-bXj227VE5sJzhB-ihdvw\/featured\",\"https:\/\/www.linkedin.com\/company\/11081578\/\"]}]}<\/script>\n<!-- \/ Yoast SEO Premium plugin. -->","yoast_head_json":{"title":"Strategia del CDF - Controllo federale delle finanze (CDF)","robots":{"index":"index","follow":"follow","max-snippet":"max-snippet:-1","max-image-preview":"max-image-preview:large","max-video-preview":"max-video-preview:-1"},"canonical":"https:\/\/www.efk.admin.ch\/it\/cose-il-cdf\/strategia-del-cdf\/","og_locale":"it_IT","og_type":"article","og_title":"Strategia del CDF","og_description":"Visione Apportiamo cambiamenti positivi nell\u2019interesse della popolazione e creiamo fiducia promuovendo la trasparenza. Missione Valori Obiettivi strategici per gli anni 2025-2028 Prospettiva esterna Prospettiva interna","og_url":"https:\/\/www.efk.admin.ch\/it\/cose-il-cdf\/strategia-del-cdf\/","og_site_name":"Controllo federale delle finanze (CDF)","article_modified_time":"2026-03-26T10:36:17+00:00","og_image":[{"width":750,"height":500,"url":"https:\/\/www.efk.admin.ch\/wp-content\/uploads\/test\/palais.jpg","type":"image\/jpeg"}],"twitter_card":"summary_large_image","twitter_misc":{"Est. reading time":"1 minute"},"schema":{"@context":"https:\/\/schema.org","@graph":[{"@type":"WebPage","@id":"https:\/\/www.efk.admin.ch\/it\/cose-il-cdf\/strategia-del-cdf\/","url":"https:\/\/www.efk.admin.ch\/it\/cose-il-cdf\/strategia-del-cdf\/","name":"Strategia del CDF - Controllo federale delle finanze (CDF)","isPartOf":{"@id":"https:\/\/www.efk.admin.ch\/it\/#website"},"datePublished":"2024-03-07T14:51:07+00:00","dateModified":"2026-03-26T10:36:17+00:00","breadcrumb":{"@id":"https:\/\/www.efk.admin.ch\/it\/cose-il-cdf\/strategia-del-cdf\/#breadcrumb"},"inLanguage":"it-IT","potentialAction":[{"@type":"ReadAction","target":["https:\/\/www.efk.admin.ch\/it\/cose-il-cdf\/strategia-del-cdf\/"]}]},{"@type":"BreadcrumbList","@id":"https:\/\/www.efk.admin.ch\/it\/cose-il-cdf\/strategia-del-cdf\/#breadcrumb","itemListElement":[{"@type":"ListItem","position":1,"name":"Home","item":"https:\/\/www.efk.admin.ch\/it\/"},{"@type":"ListItem","position":2,"name":"Cos\u2019\u00e8 il CDF?","item":"https:\/\/www.efk.admin.ch\/it\/cose-il-cdf\/"},{"@type":"ListItem","position":3,"name":"Strategia del CDF"}]},{"@type":"WebSite","@id":"https:\/\/www.efk.admin.ch\/it\/#website","url":"https:\/\/www.efk.admin.ch\/it\/","name":"Informationen \u00fcber das oberste Finanzaufsichtsorgan der Schweiz","description":"Il Controllo federale delle finanze (CDF) \u00e8 l'organo supremo di vigilanza finanziaria della Confederazione svizzera.","publisher":{"@id":"https:\/\/www.efk.admin.ch\/it\/#organization"},"alternateName":"EFK","potentialAction":[{"@type":"SearchAction","target":{"@type":"EntryPoint","urlTemplate":"https:\/\/www.efk.admin.ch\/it\/?s={search_term_string}"},"query-input":{"@type":"PropertyValueSpecification","valueRequired":true,"valueName":"search_term_string"}}],"inLanguage":"it-IT"},{"@type":"Organization","@id":"https:\/\/www.efk.admin.ch\/it\/#organization","name":"Controllo federale delle finanze (CDF)","alternateName":"EFK","url":"https:\/\/www.efk.admin.ch\/it\/","logo":{"@type":"ImageObject","inLanguage":"it-IT","@id":"https:\/\/www.efk.admin.ch\/it\/#\/schema\/logo\/image\/","url":"https:\/\/www.efk.admin.ch\/wp-content\/uploads\/efk_cdf_logo_ohne_claim.png","contentUrl":"https:\/\/www.efk.admin.ch\/wp-content\/uploads\/efk_cdf_logo_ohne_claim.png","width":268,"height":258,"caption":"Controllo federale delle finanze (CDF)"},"image":{"@id":"https:\/\/www.efk.admin.ch\/it\/#\/schema\/logo\/image\/"},"sameAs":["https:\/\/www.instagram.com\/efk_cdf_sfao\/","https:\/\/www.youtube.com\/channel\/UCm-bXj227VE5sJzhB-ihdvw\/featured","https:\/\/www.linkedin.com\/company\/11081578\/"]}]}},"_links":{"self":[{"href":"https:\/\/www.efk.admin.ch\/it\/wp-json\/wp\/v2\/pages\/28353","targetHints":{"allow":["GET"]}}],"collection":[{"href":"https:\/\/www.efk.admin.ch\/it\/wp-json\/wp\/v2\/pages"}],"about":[{"href":"https:\/\/www.efk.admin.ch\/it\/wp-json\/wp\/v2\/types\/page"}],"author":[{"embeddable":true,"href":"https:\/\/www.efk.admin.ch\/it\/wp-json\/wp\/v2\/users\/10"}],"replies":[{"embeddable":true,"href":"https:\/\/www.efk.admin.ch\/it\/wp-json\/wp\/v2\/comments?post=28353"}],"version-history":[{"count":15,"href":"https:\/\/www.efk.admin.ch\/it\/wp-json\/wp\/v2\/pages\/28353\/revisions"}],"predecessor-version":[{"id":43466,"href":"https:\/\/www.efk.admin.ch\/it\/wp-json\/wp\/v2\/pages\/28353\/revisions\/43466"}],"up":[{"embeddable":true,"href":"https:\/\/www.efk.admin.ch\/it\/wp-json\/wp\/v2\/pages\/25114"}],"wp:attachment":[{"href":"https:\/\/www.efk.admin.ch\/it\/wp-json\/wp\/v2\/media?parent=28353"}],"curies":[{"name":"wp","href":"https:\/\/api.w.org\/{rel}","templated":true}]}}