{"id":26302,"date":"2023-09-25T10:59:52","date_gmt":"2023-09-25T08:59:52","guid":{"rendered":"https:\/\/preview.efk.admin.ch\/?page_id=26302"},"modified":"2025-02-05T15:05:33","modified_gmt":"2025-02-05T14:05:33","slug":"basi-legali","status":"publish","type":"page","link":"https:\/\/www.efk.admin.ch\/it\/basi-legali\/","title":{"rendered":"Basi legali"},"content":{"rendered":"\n<h4 class=\"wp-block-heading\" id=\"h-responsabilita\">Responsabilit\u00e0<\/h4>\n\n\n\n<p>Nonostante si presti grande attenzione all\u2019esattezza delle informazioni pubblicate su questo sito, le autorit\u00e0 federali declinano ogni responsabilit\u00e0 per la fedelt\u00e0, l\u2019esattezza, l\u2019attualit\u00e0, l\u2019affidabilit\u00e0 e la completezza di tali informazioni.<\/p>\n\n\n\n<p>Le autorit\u00e0 federali si riservano esplicitamente il diritto in qualsiasi momento di modificare parzialmente o completamente il contenuto del sito, di cancellarlo o di sospenderne temporaneamente la pubblicazione, senza alcun preavviso.<\/p>\n\n\n\n<p>Le autorit\u00e0 federali declinano ogni responsabilit\u00e0 per danni materiali o immateriali derivanti dall\u2019accesso alle informazioni diffuse, dall\u2019uso o dal mancato uso del sito, oppure che sono riconducibili a un malfunzionamento del collegamento o a disturbi tecnici del sito.<\/p>\n\n\n\n<h4 class=\"wp-block-heading\" id=\"h-rimandi-e-collegamenti\">Rimandi e collegamenti<\/h4>\n\n\n\n<p>Rimandi e collegamenti a siti web di terzi non rientrano nella sfera di responsabilit\u00e0 delle autorit\u00e0 federali.L\u2019utente consulta e utilizza queste pagine web a proprio rischio. Le autorit\u00e0 federali dichiarano esplicitamente di non avere nessuna influenza sulla forma, il contenuto e le offerte delle pagine collegate. Le informazioni e i servizi offerti da queste pagine web sono interamente di responsabilit\u00e0 dei loro autori.<\/p>\n\n\n\n<p>Le autorit\u00e0 federali declinano ogni responsabilit\u00e0 per queste pagine web.<\/p>\n\n\n\n<h4 class=\"wp-block-heading\" id=\"h-diritti-d-autore\">Diritti d&#8217;autore<\/h4>\n\n\n\n<p>Diritti d\u2019autore: autorit\u00e0 della Confederazione Svizzera.<\/p>\n\n\n\n<p>Le informazioni contenute nei siti Web delle autorit\u00e0 federali sono messe a disposizione del pubblico. Lo scaricamento o la copia di testi, immagini, fotografie e altri dati non implicano il trasferimento dei diritti sui contenuti.<\/p>\n\n\n\n<p>I diritti d\u2019autore vincolati ai testi, alle immagini, alle fotografie e agli altri dati pubblicati sui siti Web delle autorit\u00e0 federali sono di loro propriet\u00e0 esclusiva o dei loro detentori espressamente menzionati. Ogni riproduzione \u00e8 subordinata all\u2019autorizzazione previa scritta del detentore dei diritti.<\/p>\n\n\n\n<h4 class=\"wp-block-heading\" id=\"h-dichiarazione-concernente-la-protezione-dei-dati\">Dichiarazione concernente la protezione dei dati<\/h4>\n\n\n\n<p>1. In generale<\/p>\n\n\n\n<p>L\u2019Amministrazione federale tratta i dati personali in maniera confidenziale e raccoglie quelli indispensabili ad adempiere i propri compiti (economia dei dati). I dati memorizzati sono gestiti con cura e protetti contro ogni tipo di abuso.<\/p>\n\n\n\n<p>Conformemente all\u2019articolo 13 della Costituzione federale e alle disposizioni federali in materia di protezione dei dati, ognuno ha diritto alla protezione della sua sfera privata e alla protezione contro l\u2019impiego abusivo dei suoi dati personali. L\u2019Amministrazione federale si attiene a queste disposizioni per quanto riguarda la gestione delle proprie pagine e servizi web.<\/p>\n\n\n\n<p>2. Campo d\u2019applicazione<\/p>\n\n\n\n<p>La presente dichiarazione concernente la protezione dei dati si applica a tutte le pagine Internet dell\u2019Amministrazione federale del dominio \u00abadmin.ch\u00bb, alle pagine web gestite da terzi su incarico dell\u2019Amministrazione federale e ai dati personali raccolti tramite tali pagine. La dichiarazione pu\u00f2 essere modificata in qualsiasi momento senza preavviso. Per le pagine Internet di altri offerenti alle quali si accede dalle pagine dell\u2019Amministrazione federale (gestite internamente o da terzi) valgono le avvertenze e dichiarazioni sulla protezione dei dati di tali offerenti.<\/p>\n\n\n\n<p>Alcuni uffici dell\u2019Amministrazione federale seguono disposizioni in materia di protezione dei dati interne che differiscono dalla presente dichiarazione o la integrano. Alle app (abbreviazione di applicazione, dall&#8217;inglese&nbsp;<em>application<\/em>) sviluppate in collaborazione con l\u2019Amministrazione federale possono applicarsi disposizioni sulla protezione dei dati adattate all\u2019uso specifico. Si noti che quando viene scaricata un\u2019app, il gestore della piattaforma che la mette a disposizione \u00e8 generalmente in grado di individuare chi l\u2019ha scaricata.<\/p>\n\n\n\n<p>3. Rimandi<\/p>\n\n\n\n<p>L\u2019Amministrazione federale non ha alcun controllo sulle pagine esterne a cui rimandano le pagine del proprio sito n\u00e9 sulle pagine esterne che rimandano a servizi offerti sul proprio sito. Non pu\u00f2 pertanto garantire che le informazioni contenute in queste pagine siano corrette o prive di malware (p.&nbsp;es. virus). Le informazioni e le prestazioni di tali siti o servizi web collegati sono interamente di pertinenza dei terzi in questione. Si declina dunque ogni responsabilit\u00e0 per tali pagine o servizi web.<\/p>\n\n\n\n<p>4. Cosa succede ai vostri dati?<\/p>\n\n\n\n<p>a) Conservazione e cancellazione<\/p>\n\n\n\n<p>Sui siti web della Confederazione vengono trattati unicamente i dati indispensabili a predisporre pagine Internet funzionali nonch\u00e9 contenuti e servizi di facile utilizzo oppure i dati forniti dall\u2019utente stesso. I dati personali sono conservati solo per il tempo necessario a soddisfare lo scopo per il quale sono stati raccolti. Eventuali prescrizioni di natura legale o altri vincoli possono prolungare la durata della conservazione.<\/p>\n\n\n\n<p>b) Memorizzazione in caso di compilazione di un modulo<\/p>\n\n\n\n<p>Quando si compila un modulo siti dell\u2019Amministrazione federale (p.&nbsp;es. un modulo di contatto), i dati inseriti vengono elaborati per lo scopo previsto. Di solito, i campi per l\u2019inserimento dei dati sono facoltativi. I campi obbligatori sono contrassegnati come tali unicamente se le informazioni sono necessarie per adempiere il compito legale previsto oppure la richiesta dell\u2019utente. I dati inseriti saranno cancellati al pi\u00f9 tardi allo scadere del periodo di conservazione legale.<\/p>\n\n\n\n<p>c) Memorizzazione ai fini dell\u2019invio di newsletter<\/p>\n\n\n\n<p>Quando ci si iscrive a una newsletter, vengono raccolti i seguenti dati: indirizzo e-mail (obbligatorio); titolo, nome e cognome (facoltativi). I dati personali necessari per l\u2019invio di newsletter saranno cancellati non appena si annulla l\u2019iscrizione.<\/p>\n\n\n\n<p>d) Memorizzazione ai fini di analisi web<\/p>\n\n\n\n<p>Quando si accede alle pagine e ai servizi web dell\u2019Amministrazione federale, i seguenti dati vengono memorizzati in file di log: indirizzo IP, data, ora, richiesta del browser, informazioni sul dispositivo utilizzato, inclusi il sistema operativo e il browser. Questi dati sono valutati utilizzando strumenti di analisi web (vedi sotto). L\u2019obiettivo dell\u2019Amministrazione federale \u00e8 quello di migliorare costantemente la comunicazione.<\/p>\n\n\n\n<p><strong>Strumenti<\/strong>&nbsp;<strong>di analisi web<\/strong>: per l\u2019analisi web non relativa alle persone, l\u2019Amministrazione federale utilizza come impostazione predefinita il software Matomo, gestito dall\u2019Ufficio federale dell\u2019informatica e della telecomunicazione (UFIT). I dati raccolti vengono utilizzati esclusivamente per analisi web, non vengono condivisi n\u00e9 inseriti in altri set di dati.<\/p>\n\n\n\n<p>Alcuni uffici federali fanno capo anche ad altri strumenti per l\u2019analisi web, come Siteimprove. Il Regolamento generale sulla protezione dei dati (GDPR) prevede tuttavia che i dati siano trattati in Europa (<a href=\"https:\/\/siteimprove.com\/en\/privacy\/privacy-policy\/\" target=\"_blank\" rel=\"noreferrer noopener\">Privacy Policy: Siteimprove Services<\/a>).<\/p>\n\n\n\n<p>e) Cookie<\/p>\n\n\n\n<p>In varie pagine web della Confederazione sono utilizzati cookie, il cui scopo \u00e8 migliorare l\u2019esperienza di navigazione dell\u2019utente e consentire l\u2019uso di determinate funzioni. Si tratta di file di testo di piccole dimensioni che vengono memorizzati nel computer. La maggior parte dei cookie utilizzati sono cancellati dal disco rigido alla fine della sessione del browser (cosiddetti cookie di sessione). Altri rimangono invece nel computer e permettono di riconoscere l\u2019utente alla prossima visita della stessa pagina (cosiddetti cookie permanenti).<\/p>\n\n\n\n<p>Nel browser in uso \u00e8 possibile limitare o disattivare la memorizzazione e la lettura dei cookie. Occorre tuttavia tenere presente che alcune funzioni del sito non sono utilizzabili senza cookie.<\/p>\n\n\n\n<p>f) Reti sociali<\/p>\n\n\n\n<p>L\u2019Amministrazione federale gestisce vari account e profili sulle reti sociali (tra cui Twitter, Facebook, LinkedIN, Xing, Instagram ecc.), i propri canali YouTube nonch\u00e9 diverse app. Queste pagine e servizi sono offerti e gestiti da terzi. Ognuno di questi servizi ha disposizioni proprie in materia di protezione dei dati.<\/p>\n\n\n\n<p>Inoltre, in alcune pagine web dell\u2019Amministrazione federale sono incorporati servizi di terzi come YouTube, Twitter, Google Maps, Google Ads, Google Custom Search, Instagram, bit.ly ecc. Questi offerenti utilizzano fra altre cose anche cookie. Quando si visitano queste pagine web, i dati degli utenti sono trasmessi automaticamente alla rispettiva societ\u00e0. In tali casi, si applicano espressamente le disposizioni sulla protezione dei dati dell\u2019offerente in questione. Gli utenti devono essere consapevoli che i dati possono essere raccolti attraverso questi servizi e anche trasmessi a terzi. Se pi\u00f9 utenti usano simultaneamente un account di uno stesso servizio, l\u2019offerente pu\u00f2 attribuire le informazioni trasmesse al rispettivo account personale.<\/p>\n\n\n\n<p>Non avendo alcun controllo sulla raccolta dei dati e sul loro utilizzo da parte dei suddetti offerenti, l\u2019Amministrazione federale non ha modo di sapere quanti dati sono memorizzati, dove sono memorizzati e per quanto tempo, n\u00e9 tantomeno se eventuali obblighi di cancellazione vengono rispettati, quali valutazioni e collegamenti vengono fatti con i dati e a chi sono trasmessi.<\/p>\n\n\n\n<p>Qui di seguito sono riportati i principali servizi gestiti da terzi utilizzati dall\u2019Amministrazione federale:<\/p>\n\n\n\n<p><strong>YouTube:&nbsp;<\/strong>non appena si richiama una pagina dell\u2019Amministrazione federale che incorpora un video di YouTube viene stabilita una connessione con i server di YouTube e occasionalmente vengono utilizzati plug-in di YouTube (YouTube LLC, 901 Cherry Ave., San Bruno, CA 94066, USA; filiale di Google LLC). In tal modo la pagina visitata e l\u2019indirizzo IP sono comunicati a YouTube.<\/p>\n\n\n\n<p><strong>Google Maps:<\/strong>&nbsp;Il servizio Google Maps di Google LLC (1600 Amphitheatre Parkway, Mountain View, CA 94043, USA) \u00e8 occasionalmente utilizzato per visualizzare una mappa interattiva e per fornire indicazioni stradali. Quando si utilizza Google Maps, le informazioni relative al suo utilizzo (p. es. l\u2019indirizzo IP) possono essere memorizzate e trasmesse a un server di Google negli Stati Uniti.<\/p>\n\n\n\n<p><strong>Google Custom Search:&nbsp;<\/strong>singoli uffici dell\u2019Amministrazione federale utilizzano il campo di ricerca \u00abCustom Search\u00bb della societ\u00e0 Google LLC. Quando si utilizza il campo di ricerca (inviando il modulo), i dati dell\u2019utente vengono trasmessi a tale societ\u00e0. Le informazioni sul trattamento dei dati degli utenti sono consultabili nelle&nbsp;<a href=\"https:\/\/policies.google.com\/privacy?hl=it\" target=\"_blank\" rel=\"noreferrer noopener\">Norme sulla privacy di Google.<\/a><\/p>\n\n\n\n<p><strong>Instagram:<\/strong>&nbsp;Instagram, Inc. appartiene a Facebook. Per informazioni sul trattamento dei dati degli utenti, si prega di consultare la&nbsp;<a href=\"https:\/\/help.instagram.com\/519522125107875\" target=\"_blank\" rel=\"noreferrer noopener\">Normativa sui dati di Instagram<\/a>.<\/p>\n\n\n\n<p><strong>X:<\/strong>\u00a0X Corp. (successore legale di Twitter Inc.), 1355 Market Street, Suite 900 San Francisco, CA 94103. Per informazioni sul trattamento dei dati degli utenti, si prega di consultare la\u00a0<a href=\"https:\/\/twitter.com\/it\/privacy\" target=\"_blank\" rel=\"noreferrer noopener\">Informativa sulla Privacy di Tw<\/a><a href=\"https:\/\/x.com\/it\/privacy\" target=\"_blank\" rel=\"noreferrer noopener\">i<\/a><a href=\"https:\/\/twitter.com\/it\/privacy\" target=\"_blank\" rel=\"noreferrer noopener\">tter<\/a>\u00a0e le <a href=\"https:\/\/help.x.com\/it\/rules-and-policies\/x-cookies\" target=\"_blank\" rel=\"noreferrer noopener\">Linee guida sui cookie di X<\/a>.<\/p>\n\n\n\n<p><strong>Bitly:<\/strong>&nbsp;Bitly \u00e8 un cosiddetto servizio di URL breve con sede a New York, USA. Le informazioni sul trattamento dei dati degli utenti possono essere trovate a questo indirizzo:&nbsp;<a href=\"https:\/\/bitly.com\/pages\/privacy\"><\/a><a href=\"https:\/\/bitly.com\/pages\/privacy\" target=\"_blank\" rel=\"noreferrer noopener\">Bitly Privacy Policy<\/a><\/p>\n\n\n\n<p><strong>Google reCaptcha<\/strong>: Sotto il nome di reCaptcha, Google LLC gestisce servizi che possono riconoscere e prevenire azioni automatizzate sui siti web.&nbsp;<a href=\"https:\/\/policies.google.com\/privacy?hl=it\" target=\"_blank\" rel=\"noreferrer noopener\">Norme sulla privacy<\/a>&nbsp;e&nbsp;<a href=\"https:\/\/policies.google.com\/terms?hl=it\" target=\"_blank\" rel=\"noreferrer noopener\">condizioni d&#8217;uso<\/a>&nbsp;di Google.<\/p>\n\n\n\n<p><strong>Fornitori di identit\u00e0<\/strong>: per l&#8217;accesso autentico alle applicazioni dell&#8217;Amministrazione federale \u00e8 possibile utilizzare identit\u00e0 elettroniche tramite fornitori di identit\u00e0 terzi.&nbsp;<a href=\"https:\/\/www.eiam.swiss\/pages\/f!idps!pub_it.html?&amp;https:\/\/www.eiam.swiss\/idps\/&amp;l=it&amp;ll=1\" target=\"_blank\" rel=\"noreferrer noopener\">Elenco dei fornitori di identit\u00e0 utilizzati<\/a>.<\/p>\n\n\n\n<p>5. I diritti degli utenti<\/p>\n\n\n\n<p>Su richiesta, gli utenti hanno il diritto di ottenere dalla rispettiva unit\u00e0 amministrativa federale, gratuitamente e in qualsiasi momento, informazioni sul trattamento dei propri dati personali. Per farlo, possono contattare il servizio indicato nell\u2019Impressum. Ulteriori diritti come quelli relativi alla cancellazione o correzione dei dati, alla limitazione del loro trattamento e alla loro trasmissione possono essere fatti valere entro i limiti del quadro legale prescritto.<\/p>\n\n\n\n<p>La raccolta dei dati per la predisposizione del sito web e la memorizzazione dei dati nei file di log sono indispensabili per il funzionamento del sito stesso. Gli utenti non hanno pertanto alcun diritto di opposizione.<\/p>\n\n\n\n<p>6. Sicurezza dei dati<\/p>\n\n\n\n<p>Siti web: la comunicazione dei dati sui siti dell\u2019Amministrazione federale avviene in modalit\u00e0 sicura grazie al protocollo TLS combinato con il massimo livello di crittografia supportato dal browser dell\u2019utente. Per sapere se una pagina web \u00e8 trasmessa in forma criptata, basta controllare se appare il simbolo della chiave o del lucchetto chiuso nella barra degli indirizzi del browser in uso.<\/p>\n\n\n\n<p>Elaborazione dei dati in generale: durante l\u2019elaborazione dei dati, l\u2019Amministrazione federale adotta adeguate misure di sicurezza tecniche e organizzative per proteggere i dati personali contro manipolazioni accidentali o intenzionali, la perdita parziale o totale, la distruzione o l\u2019accesso non autorizzato da parte di terzi. Le misure di sicurezza dell\u2019Amministrazione federale sono conformi allo stato attuale della tecnica.<\/p>\n\n\n\n<p>7. Esercizio<\/p>\n\n\n\n<p>In generale, i server per l\u2019esercizio delle pagine web sono gestiti dalla Confederazione tramite fornitori di prestazioni interni. Determinati servizi possono essere gestiti da partner esterni. In tal caso, si applicano gli stessi requisiti di protezione dei dati validi per le applicazioni gestite internamente.<\/p>\n\n\n\n<p>8. Contatto<\/p>\n\n\n\n<p>In caso di domande sul trattamento dei dati o qualora si ritenga che il trattamento dei dati personali da parte dell\u2019Amministrazione federale violi determinati diritti, si prega di rivolgersi al consulente per la protezione dei dati presso l\u2019ufficio federale responsabile del sito web.<\/p>\n","protected":false},"excerpt":{"rendered":"<p>Responsabilit\u00e0 Nonostante si presti grande attenzione all\u2019esattezza delle informazioni pubblicate su questo sito, le autorit\u00e0 federali declinano ogni responsabilit\u00e0 per la fedelt\u00e0, l\u2019esattezza, l\u2019attualit\u00e0, l\u2019affidabilit\u00e0 e la completezza di tali informazioni. Le autorit\u00e0 federali si riservano esplicitamente il diritto in qualsiasi momento di modificare parzialmente o completamente il contenuto del sito, di cancellarlo o di [&hellip;]<\/p>\n","protected":false},"author":14,"featured_media":0,"parent":0,"menu_order":116,"comment_status":"closed","ping_status":"closed","template":"","meta":{"_acf_changed":false,"footnotes":""},"class_list":["post-26302","page","type-page","status-publish","hentry"],"acf":[],"yoast_head":"<!-- This site is optimized with the Yoast SEO Premium plugin v27.2 (Yoast SEO v27.2) - https:\/\/yoast.com\/product\/yoast-seo-premium-wordpress\/ -->\n<title>Basi legali - Controllo federale delle finanze (CDF)<\/title>\n<meta name=\"robots\" content=\"index, follow, max-snippet:-1, max-image-preview:large, max-video-preview:-1\" \/>\n<link rel=\"canonical\" href=\"https:\/\/www.efk.admin.ch\/it\/basi-legali\/\" \/>\n<meta property=\"og:locale\" content=\"it_IT\" \/>\n<meta property=\"og:type\" content=\"article\" \/>\n<meta property=\"og:title\" content=\"Basi legali\" \/>\n<meta property=\"og:description\" content=\"Responsabilit\u00e0 Nonostante si presti grande attenzione all\u2019esattezza delle informazioni pubblicate su questo sito, le autorit\u00e0 federali declinano ogni responsabilit\u00e0 per la fedelt\u00e0, l\u2019esattezza, l\u2019attualit\u00e0, l\u2019affidabilit\u00e0 e la completezza di tali informazioni. Le autorit\u00e0 federali si riservano esplicitamente il diritto in qualsiasi momento di modificare parzialmente o completamente il contenuto del sito, di cancellarlo o di [&hellip;]\" \/>\n<meta property=\"og:url\" content=\"https:\/\/www.efk.admin.ch\/it\/basi-legali\/\" \/>\n<meta property=\"og:site_name\" content=\"Controllo federale delle finanze (CDF)\" \/>\n<meta property=\"article:modified_time\" content=\"2025-02-05T14:05:33+00:00\" \/>\n<meta property=\"og:image\" content=\"https:\/\/www.efk.admin.ch\/wp-content\/uploads\/test\/palais.jpg\" \/>\n\t<meta property=\"og:image:width\" content=\"750\" \/>\n\t<meta property=\"og:image:height\" content=\"500\" \/>\n\t<meta property=\"og:image:type\" content=\"image\/jpeg\" \/>\n<meta name=\"twitter:card\" content=\"summary_large_image\" \/>\n<meta name=\"twitter:label1\" content=\"Est. reading time\" \/>\n\t<meta name=\"twitter:data1\" content=\"11 minutes\" \/>\n<script type=\"application\/ld+json\" class=\"yoast-schema-graph\">{\"@context\":\"https:\/\/schema.org\",\"@graph\":[{\"@type\":\"WebPage\",\"@id\":\"https:\/\/www.efk.admin.ch\/it\/basi-legali\/\",\"url\":\"https:\/\/www.efk.admin.ch\/it\/basi-legali\/\",\"name\":\"Basi legali - Controllo federale delle finanze (CDF)\",\"isPartOf\":{\"@id\":\"https:\/\/www.efk.admin.ch\/it\/#website\"},\"datePublished\":\"2023-09-25T08:59:52+00:00\",\"dateModified\":\"2025-02-05T14:05:33+00:00\",\"breadcrumb\":{\"@id\":\"https:\/\/www.efk.admin.ch\/it\/basi-legali\/#breadcrumb\"},\"inLanguage\":\"it-IT\",\"potentialAction\":[{\"@type\":\"ReadAction\",\"target\":[\"https:\/\/www.efk.admin.ch\/it\/basi-legali\/\"]}]},{\"@type\":\"BreadcrumbList\",\"@id\":\"https:\/\/www.efk.admin.ch\/it\/basi-legali\/#breadcrumb\",\"itemListElement\":[{\"@type\":\"ListItem\",\"position\":1,\"name\":\"Home\",\"item\":\"https:\/\/www.efk.admin.ch\/it\/\"},{\"@type\":\"ListItem\",\"position\":2,\"name\":\"Basi legali\"}]},{\"@type\":\"WebSite\",\"@id\":\"https:\/\/www.efk.admin.ch\/it\/#website\",\"url\":\"https:\/\/www.efk.admin.ch\/it\/\",\"name\":\"Informationen \u00fcber das oberste Finanzaufsichtsorgan der Schweiz\",\"description\":\"Il Controllo federale delle finanze (CDF) \u00e8 l'organo supremo di vigilanza finanziaria della Confederazione svizzera.\",\"publisher\":{\"@id\":\"https:\/\/www.efk.admin.ch\/it\/#organization\"},\"alternateName\":\"EFK\",\"potentialAction\":[{\"@type\":\"SearchAction\",\"target\":{\"@type\":\"EntryPoint\",\"urlTemplate\":\"https:\/\/www.efk.admin.ch\/it\/?s={search_term_string}\"},\"query-input\":{\"@type\":\"PropertyValueSpecification\",\"valueRequired\":true,\"valueName\":\"search_term_string\"}}],\"inLanguage\":\"it-IT\"},{\"@type\":\"Organization\",\"@id\":\"https:\/\/www.efk.admin.ch\/it\/#organization\",\"name\":\"Controllo federale delle finanze (CDF)\",\"alternateName\":\"EFK\",\"url\":\"https:\/\/www.efk.admin.ch\/it\/\",\"logo\":{\"@type\":\"ImageObject\",\"inLanguage\":\"it-IT\",\"@id\":\"https:\/\/www.efk.admin.ch\/it\/#\/schema\/logo\/image\/\",\"url\":\"https:\/\/www.efk.admin.ch\/wp-content\/uploads\/efk_cdf_logo_ohne_claim.png\",\"contentUrl\":\"https:\/\/www.efk.admin.ch\/wp-content\/uploads\/efk_cdf_logo_ohne_claim.png\",\"width\":268,\"height\":258,\"caption\":\"Controllo federale delle finanze (CDF)\"},\"image\":{\"@id\":\"https:\/\/www.efk.admin.ch\/it\/#\/schema\/logo\/image\/\"},\"sameAs\":[\"https:\/\/www.instagram.com\/efk_cdf_sfao\/\",\"https:\/\/www.youtube.com\/channel\/UCm-bXj227VE5sJzhB-ihdvw\/featured\",\"https:\/\/www.linkedin.com\/company\/11081578\/\"]}]}<\/script>\n<!-- \/ Yoast SEO Premium plugin. -->","yoast_head_json":{"title":"Basi legali - Controllo federale delle finanze (CDF)","robots":{"index":"index","follow":"follow","max-snippet":"max-snippet:-1","max-image-preview":"max-image-preview:large","max-video-preview":"max-video-preview:-1"},"canonical":"https:\/\/www.efk.admin.ch\/it\/basi-legali\/","og_locale":"it_IT","og_type":"article","og_title":"Basi legali","og_description":"Responsabilit\u00e0 Nonostante si presti grande attenzione all\u2019esattezza delle informazioni pubblicate su questo sito, le autorit\u00e0 federali declinano ogni responsabilit\u00e0 per la fedelt\u00e0, l\u2019esattezza, l\u2019attualit\u00e0, l\u2019affidabilit\u00e0 e la completezza di tali informazioni. Le autorit\u00e0 federali si riservano esplicitamente il diritto in qualsiasi momento di modificare parzialmente o completamente il contenuto del sito, di cancellarlo o di [&hellip;]","og_url":"https:\/\/www.efk.admin.ch\/it\/basi-legali\/","og_site_name":"Controllo federale delle finanze (CDF)","article_modified_time":"2025-02-05T14:05:33+00:00","og_image":[{"width":750,"height":500,"url":"https:\/\/www.efk.admin.ch\/wp-content\/uploads\/test\/palais.jpg","type":"image\/jpeg"}],"twitter_card":"summary_large_image","twitter_misc":{"Est. reading time":"11 minutes"},"schema":{"@context":"https:\/\/schema.org","@graph":[{"@type":"WebPage","@id":"https:\/\/www.efk.admin.ch\/it\/basi-legali\/","url":"https:\/\/www.efk.admin.ch\/it\/basi-legali\/","name":"Basi legali - Controllo federale delle finanze (CDF)","isPartOf":{"@id":"https:\/\/www.efk.admin.ch\/it\/#website"},"datePublished":"2023-09-25T08:59:52+00:00","dateModified":"2025-02-05T14:05:33+00:00","breadcrumb":{"@id":"https:\/\/www.efk.admin.ch\/it\/basi-legali\/#breadcrumb"},"inLanguage":"it-IT","potentialAction":[{"@type":"ReadAction","target":["https:\/\/www.efk.admin.ch\/it\/basi-legali\/"]}]},{"@type":"BreadcrumbList","@id":"https:\/\/www.efk.admin.ch\/it\/basi-legali\/#breadcrumb","itemListElement":[{"@type":"ListItem","position":1,"name":"Home","item":"https:\/\/www.efk.admin.ch\/it\/"},{"@type":"ListItem","position":2,"name":"Basi legali"}]},{"@type":"WebSite","@id":"https:\/\/www.efk.admin.ch\/it\/#website","url":"https:\/\/www.efk.admin.ch\/it\/","name":"Informationen \u00fcber das oberste Finanzaufsichtsorgan der Schweiz","description":"Il Controllo federale delle finanze (CDF) \u00e8 l'organo supremo di vigilanza finanziaria della Confederazione svizzera.","publisher":{"@id":"https:\/\/www.efk.admin.ch\/it\/#organization"},"alternateName":"EFK","potentialAction":[{"@type":"SearchAction","target":{"@type":"EntryPoint","urlTemplate":"https:\/\/www.efk.admin.ch\/it\/?s={search_term_string}"},"query-input":{"@type":"PropertyValueSpecification","valueRequired":true,"valueName":"search_term_string"}}],"inLanguage":"it-IT"},{"@type":"Organization","@id":"https:\/\/www.efk.admin.ch\/it\/#organization","name":"Controllo federale delle finanze (CDF)","alternateName":"EFK","url":"https:\/\/www.efk.admin.ch\/it\/","logo":{"@type":"ImageObject","inLanguage":"it-IT","@id":"https:\/\/www.efk.admin.ch\/it\/#\/schema\/logo\/image\/","url":"https:\/\/www.efk.admin.ch\/wp-content\/uploads\/efk_cdf_logo_ohne_claim.png","contentUrl":"https:\/\/www.efk.admin.ch\/wp-content\/uploads\/efk_cdf_logo_ohne_claim.png","width":268,"height":258,"caption":"Controllo federale delle finanze (CDF)"},"image":{"@id":"https:\/\/www.efk.admin.ch\/it\/#\/schema\/logo\/image\/"},"sameAs":["https:\/\/www.instagram.com\/efk_cdf_sfao\/","https:\/\/www.youtube.com\/channel\/UCm-bXj227VE5sJzhB-ihdvw\/featured","https:\/\/www.linkedin.com\/company\/11081578\/"]}]}},"_links":{"self":[{"href":"https:\/\/www.efk.admin.ch\/it\/wp-json\/wp\/v2\/pages\/26302","targetHints":{"allow":["GET"]}}],"collection":[{"href":"https:\/\/www.efk.admin.ch\/it\/wp-json\/wp\/v2\/pages"}],"about":[{"href":"https:\/\/www.efk.admin.ch\/it\/wp-json\/wp\/v2\/types\/page"}],"author":[{"embeddable":true,"href":"https:\/\/www.efk.admin.ch\/it\/wp-json\/wp\/v2\/users\/14"}],"replies":[{"embeddable":true,"href":"https:\/\/www.efk.admin.ch\/it\/wp-json\/wp\/v2\/comments?post=26302"}],"version-history":[{"count":4,"href":"https:\/\/www.efk.admin.ch\/it\/wp-json\/wp\/v2\/pages\/26302\/revisions"}],"predecessor-version":[{"id":36165,"href":"https:\/\/www.efk.admin.ch\/it\/wp-json\/wp\/v2\/pages\/26302\/revisions\/36165"}],"wp:attachment":[{"href":"https:\/\/www.efk.admin.ch\/it\/wp-json\/wp\/v2\/media?parent=26302"}],"curies":[{"name":"wp","href":"https:\/\/api.w.org\/{rel}","templated":true}]}}