{"id":25029,"date":"2024-02-27T08:45:25","date_gmt":"2024-02-27T07:45:25","guid":{"rendered":"https:\/\/preview.efk.admin.ch\/?page_id=25029"},"modified":"2025-03-06T08:50:55","modified_gmt":"2025-03-06T07:50:55","slug":"link","status":"publish","type":"page","link":"https:\/\/www.efk.admin.ch\/it\/link\/","title":{"rendered":"Link"},"content":{"rendered":"\n<section\n  class=\"content-block no-img\">\n  <div class=\"content-block__wrapper\">\n        <div class=\"content-block__text \">\n            <h2 class=\"content-block__title secondary_title color-blue\">\n        Confederazione      <\/h2>\n                        <div class=\"content-block__content \">\n        <p><strong><a href=\"https:\/\/www.parlament.ch\/it\" target=\"_blank\" rel=\"noopener\">Il Parlamento svizzero<\/a><\/strong><\/p>\n<p><strong><a href=\"https:\/\/www.admin.ch\/gov\/it\/pagina-iniziale.html\" target=\"_blank\" rel=\"noopener\">Il Consiglio federale &#8211; Il portale del Governo svizzero<\/a><\/strong><\/p>\n<p><strong><a href=\"https:\/\/www.efd.admin.ch\/efd\/it\/home.html\" target=\"_blank\" rel=\"noopener\">Il Dipartimento federale delle finanze<\/a><\/strong><\/p>\n<p><strong><a href=\"https:\/\/www.ch.ch\/it\/\" target=\"_blank\" rel=\"noopener\">Il portale di accesso a Confederazione, Cantoni e Comuni<\/a><\/strong><\/p>\n      <\/div>\n                <\/div>\n  <\/div>\n<\/section>\n\n\n\n<section\n  class=\"content-block no-img\">\n  <div class=\"content-block__wrapper\">\n        <div class=\"content-block__text \">\n            <h2 class=\"content-block__title secondary_title color-blue\">\n        Controlli cantonali delle finanze      <\/h2>\n                        <div class=\"content-block__content double-column\">\n        <p><strong><a href=\"http:\/\/www.finanzkontrolle.ch\/\" target=\"_blank\" rel=\"noopener\">Associazione dei controlli delle finanze svizzeri<\/a><\/strong><\/p>\n<p><strong><a href=\"https:\/\/www.ag.ch\/de\/verwaltung\/dfr\/ueber-uns\/organisation\/finanzkontrolle\" target=\"_blank\" rel=\"noopener\">Argovia<\/a><\/strong><\/p>\n<p><strong><a href=\"https:\/\/ar.ch\/verwaltung\/finanzkontrolle\/\" target=\"_blank\" rel=\"noopener\">Appenzello Esterno<\/a><\/strong><\/p>\n<p><a href=\"https:\/\/www.ai.ch\/verwaltung\/finanzdepartement\/finanzkontrolle\"><strong>Appenzello Interno<\/strong><\/a><\/p>\n<p><strong><a href=\"https:\/\/www.baselland.ch\/politik-und-behorden\/besondere-behoerden\/finanzkontrolle\" target=\"_blank\" rel=\"noopener\">Basilea-Campagna<\/a><\/strong><\/p>\n<p><strong><a href=\"http:\/\/www.finanzkontrolle.bs.ch\/\" target=\"_blank\" rel=\"noopener\">Basilea-Citt\u00e0<\/a><\/strong><\/p>\n<p><strong><a href=\"https:\/\/www.finanzkontrolle.be.ch\/fr\/start.html\" target=\"_blank\" rel=\"noopener\">Berna<\/a><\/strong><\/p>\n<p><a href=\"https:\/\/www.fr.ch\/dfin\/if\"><strong>Friburgo<\/strong><\/a><\/p>\n<p><strong><a href=\"http:\/\/www.cdc-ge.ch\/fr\/index.html\" target=\"_blank\" rel=\"noopener\">Ginevra (Corte dei conti)<\/a><\/strong><\/p>\n<p><strong><a href=\"https:\/\/www.ge.ch\/organisation\/service-audit-interne-etat-geneve\" target=\"_blank\" rel=\"noopener\">Ginevra<\/a><\/strong><\/p>\n<p><strong><a href=\"https:\/\/www.gl.ch\/verwaltung\/staatskanzlei\/finanzkontrolle.html\/1336\" target=\"_blank\" rel=\"noopener\">Glarona<\/a><\/strong><\/p>\n<p><strong><a href=\"https:\/\/www.gr.ch\/IT\/istituzioni\/amministrazione\/dfg\/fiko\/chisiamo\/Seiten\/default.aspx\" target=\"_blank\" rel=\"noopener\">Grigioni<\/a><\/strong><\/p>\n<p><strong><a href=\"https:\/\/www.jura.ch\/fr\/Autorites\/Administration\/DFI\/CFI\/Controle-des-finances-CFI.html\">Giura<\/a><\/strong><\/p>\n<p><strong><a href=\"http:\/\/www.finanzkontrolle.lu.ch\/\" target=\"_blank\" rel=\"noopener\">Lucerna<\/a><\/strong><\/p>\n<p><strong><a href=\"http:\/\/www.ne.ch\/autorites\/CCFI\/Pages\/accueil.aspx\" target=\"_blank\" rel=\"noopener\">Neuch\u00e2tel<\/a><\/strong><\/p>\n<p><strong><a href=\"https:\/\/www.nw.ch\/finanzkontrolle\/299\" target=\"_blank\" rel=\"noopener\">Nidvaldo<\/a><\/strong><\/p>\n<p><strong><a href=\"http:\/\/www.obwalden.ch\/de\/verwaltung\/aemter\/?amt_id=123\" target=\"_blank\" rel=\"noopener\">Obwaldo<\/a><\/strong><\/p>\n<p><a href=\"https:\/\/www.sg.ch\/politik-verwaltung\/departemente-und-staatskanzlei\/finanzdepartement\/finanzkontrolle.html\"><strong>San Gallo<\/strong><\/a><\/p>\n<p><strong><a href=\"https:\/\/sh.ch\/CMS\/Webseite\/Kanton-Schaffhausen\/Beh-rde\/Verwaltung\/Finanzdepartement\/Finanzkontrolle-Kanton-und-Stadt-3922-DE.html\" target=\"_blank\" rel=\"noopener\">Sciaffusa<\/a><\/strong><\/p>\n<p><strong><a href=\"https:\/\/www.so.ch\/verwaltung\/finanzdepartement\/kantonale-finanzkontrolle\/\" target=\"_blank\" rel=\"noopener\">Soletta<\/a><\/strong><\/p>\n<p><strong><a href=\"http:\/\/www4.ti.ch\/di\/ccf\/\" target=\"_blank\" rel=\"noopener\">Ticino<\/a><\/strong><\/p>\n<p><strong><a href=\"https:\/\/finanzkontrolle.tg.ch\/revisorat.html\/6609\" target=\"_blank\" rel=\"noopener\">Turgovia<\/a><\/strong><\/p>\n<p><strong><a href=\"http:\/\/www.ur.ch\/de\/verwaltung\/verwaltungorg\/?amt_id=942\">Uri<\/a><\/strong><\/p>\n<p><strong><a href=\"https:\/\/www.vd.ch\/toutes-les-autorites\/cour-des-comptes\/\" target=\"_blank\" rel=\"noopener\">Vaud (Corte dei conti)<\/a><\/strong><\/p>\n<p><strong><a href=\"https:\/\/www.vd.ch\/toutes-les-autorites\/controle-cantonal-des-finances-ccf\/\">Vaud<\/a><\/strong><\/p>\n<p><strong><a href=\"https:\/\/www.vs.ch\/fr\/web\/if\" target=\"_blank\" rel=\"noopener\">Vallese<\/a><\/strong><\/p>\n<p><strong><a href=\"https:\/\/zg.ch\/de\/finanzdirektion\/finanzkontrolle\" target=\"_blank\" rel=\"noopener\">Zugo<\/a><\/strong><\/p>\n<p><strong><a href=\"http:\/\/www.finanzkontrolle.zh.ch\/\" target=\"_blank\" rel=\"noopener\">Zurigo<\/a><\/strong><\/p>\n      <\/div>\n                <\/div>\n  <\/div>\n<\/section>\n\n\n\n<section\n  class=\"content-block no-img\">\n  <div class=\"content-block__wrapper\">\n        <div class=\"content-block__text \">\n            <h2 class=\"content-block__title secondary_title color-blue\">\n        Internazionale      <\/h2>\n                        <div class=\"content-block__content \">\n        <p><strong><a href=\"https:\/\/www.intosai.org\/fr\/\">International Organization of Supreme Audit Institutions (INTOSAI)<\/a><\/strong><\/p>\n<p><strong><a href=\"https:\/\/wgeppp.net\/\">INTOSAI Working Group on Evaluation of Public Policies and Programs (WGEPPP)<\/a><\/strong><\/p>\n<p><strong><a href=\"https:\/\/www.eurosai.org\/fr\/\">European Organisation of Supreme Audit Institutions (EUROSAI)<\/a><\/strong><\/p>\n<p><strong><a href=\"http:\/\/www.eurosai-it.org\/\">EUROSAI IT Working Group<\/a><\/strong><\/p>\n<p><strong><a href=\"https:\/\/www.environmental-auditing.org\/regional\/eurosai-wgea\/\">EUROSAI Working Group on Environmental Auditing (WGEA)<\/a><\/strong><\/p>\n<p><strong><a href=\"http:\/\/www.un.org\/auditors\/panel\/\">Board and Panel of External Auditors of the United Nations<\/a><\/strong><\/p>\n<p><strong><a href=\"https:\/\/anti-fraud.ec.europa.eu\/index_it\">Europ\u00e4isches Amt f\u00fcr Betrugsbek\u00e4mpfung (OLAF)<\/a><\/strong><\/p>\n<p><strong><a href=\"http:\/\/www.bundesrechnungshof.de\/\">Bundesrechnungshof Deutschland<\/a><\/strong><\/p>\n<p><strong><a href=\"http:\/\/www.ccomptes.fr\/\">Cours des comptes France<\/a><\/strong><\/p>\n<p><strong><a href=\"http:\/\/www.corteconti.it\/\">Corte dei conti Italia<\/a><\/strong><\/p>\n<p><strong><a href=\"https:\/\/www.rechnungshof.gv.at\/rh\/Startseite.html\">Rechnungshof \u00d6sterreich<\/a><\/strong><\/p>\n<p><strong><a href=\"http:\/\/www.nao.org.uk\/\">National Audit Office United Kingdom<\/a><\/strong><\/p>\n      <\/div>\n                <\/div>\n  <\/div>\n<\/section>\n\n\n\n<section\n  class=\"content-block no-img\">\n  <div class=\"content-block__wrapper\">\n        <div class=\"content-block__text \">\n            <h2 class=\"content-block__title secondary_title color-blue\">\n        Altri      <\/h2>\n                        <div class=\"content-block__content \">\n        <p><a href=\"http:\/\/www.theiia.org\/\"><strong>The Institute of Internal Auditors (IIA)<\/strong><\/a><\/p>\n<p><strong><a href=\"https:\/\/www.ifaci.com\/\">Institut Fran\u00e7ais de l\u2019Audit et du Contr\u00f4le Internes (IFACI)<\/a><\/strong><\/p>\n<p><strong><a href=\"https:\/\/www.diir.de\/\">Deutsches Institut f\u00fcr Interne Revision (DIIR)<\/a><\/strong><\/p>\n<p><strong><a href=\"http:\/\/www.isaca.org\/\">Information Systems Audit and Control Association (ISACA)<\/a><\/strong><\/p>\n<p><strong><a href=\"http:\/\/www.isaca.ch\/\">ISACA Swiss Chapter<\/a><\/strong><\/p>\n<p><strong><a href=\"https:\/\/www.acfe.ch\/it\/\">Association of Certified Fraud Examiners (ACFE)<\/a><\/strong><\/p>\n<p><strong><a href=\"https:\/\/www.expertsuisse.ch\/it-home\">EXPERTsuisse<\/a><\/strong><\/p>\n<p><strong><a href=\"https:\/\/www.seval.ch\/it\">Societ\u00e0 svizzera di valutazione (SEVAL)<\/a><\/strong><\/p>\n<p><strong><a href=\"http:\/\/www.ifac.org\/\">International Federation of Accountants (IFAC)<\/a><\/strong><\/p>\n<p><strong><a href=\"http:\/\/www.pcaobus.org\/\">Public Company Accounting Oversight Board (PCAOB)<\/a><\/strong><\/p>\n<p><strong><a href=\"https:\/\/www.rab-asr.ch\/#\/?lang=it\">Autorit\u00e0 federale di sorveglianza dei revisori (ASR)<\/a><\/strong><\/p>\n<p><strong><a href=\"http:\/\/www.voefrw.ch\/f\/index.html\">Association pour les finances et la comptabilit\u00e9 publiques (AFCP)<\/a><\/strong><\/p>\n<p><strong><a href=\"https:\/\/www.netzwerk-risikomanagement.ch\/\">Netzwerk Risikomanagement<\/a><\/strong><\/p>\n<p><strong><a href=\"http:\/\/www.oecd.org\/\">OECD &#8211; Public Management<\/a><\/strong><\/p>\n<p><strong><a href=\"https:\/\/www.srs-cspcp.ch\/it\/pagina-iniziale-n80\">Commissione svizzera per la presentazione della contabilit\u00e0 pubblica (CSPCP)<\/a><\/strong><\/p>\n<p><strong><a href=\"https:\/\/www.fer.ch\/fr\/\">Swiss GAAP FER<\/a><\/strong><\/p>\n<p><strong><a href=\"https:\/\/www.ipsasb.org\/\">International Public Sector Accounting Standards Board (IPSASB)<\/a><\/strong><\/p>\n<p><strong><a href=\"https:\/\/www.iaasb.org\/\">International Auditing and Assurance Standards Board (IAASB)<\/a><\/strong><\/p>\n<p><strong><a href=\"https:\/\/www.ifrs.org\/\">International Financial Reporting Standards (IFRS)<\/a><\/strong><\/p>\n<p><strong><a href=\"https:\/\/www.iso.org\/fr\/home.html\">International Organization for Standardization (ISO)<\/a><\/strong><\/p>\n<p><strong><a href=\"http:\/\/www.clusis.ch\/\">CLUSIS (Club de la S\u00e9curit\u00e9 informatique Suisse)<\/a><\/strong><\/p>\n<p><strong><a href=\"https:\/\/sgvw.ch\/fr\/\">SSSA &#8211; Le r\u00e9seau de connaissances sur la transformation du secteur public<\/a><\/strong><\/p>\n<p><strong><a href=\"https:\/\/www.unil.ch\/idheap\">Institut de hautes \u00e9tudes en administration publique <\/a><a href=\"https:\/\/www.unil.ch\/idheap\">IDHEAP<\/a><\/strong><\/p>\n      <\/div>\n                <\/div>\n  <\/div>\n<\/section>\n","protected":false},"excerpt":{"rendered":"","protected":false},"author":10,"featured_media":0,"parent":0,"menu_order":74,"comment_status":"closed","ping_status":"closed","template":"","meta":{"_acf_changed":false,"footnotes":""},"class_list":["post-25029","page","type-page","status-publish","hentry"],"acf":[],"yoast_head":"<!-- This site is optimized with the Yoast SEO Premium plugin v27.3 (Yoast SEO v27.3) - https:\/\/yoast.com\/product\/yoast-seo-premium-wordpress\/ -->\n<title>Link - Controllo federale delle finanze (CDF)<\/title>\n<meta name=\"robots\" content=\"index, follow, max-snippet:-1, max-image-preview:large, max-video-preview:-1\" \/>\n<link rel=\"canonical\" href=\"https:\/\/www.efk.admin.ch\/it\/link\/\" \/>\n<meta property=\"og:locale\" content=\"it_IT\" \/>\n<meta property=\"og:type\" content=\"article\" \/>\n<meta property=\"og:title\" content=\"Link\" \/>\n<meta property=\"og:url\" content=\"https:\/\/www.efk.admin.ch\/it\/link\/\" \/>\n<meta property=\"og:site_name\" content=\"Controllo federale delle finanze (CDF)\" \/>\n<meta property=\"article:modified_time\" content=\"2025-03-06T07:50:55+00:00\" \/>\n<meta property=\"og:image\" content=\"https:\/\/www.efk.admin.ch\/wp-content\/uploads\/test\/palais.jpg\" \/>\n\t<meta property=\"og:image:width\" content=\"750\" \/>\n\t<meta property=\"og:image:height\" content=\"500\" \/>\n\t<meta property=\"og:image:type\" content=\"image\/jpeg\" \/>\n<meta name=\"twitter:card\" content=\"summary_large_image\" \/>\n<script type=\"application\/ld+json\" class=\"yoast-schema-graph\">{\"@context\":\"https:\\\/\\\/schema.org\",\"@graph\":[{\"@type\":\"WebPage\",\"@id\":\"https:\\\/\\\/www.efk.admin.ch\\\/it\\\/link\\\/\",\"url\":\"https:\\\/\\\/www.efk.admin.ch\\\/it\\\/link\\\/\",\"name\":\"Link - Controllo federale delle finanze (CDF)\",\"isPartOf\":{\"@id\":\"https:\\\/\\\/www.efk.admin.ch\\\/it\\\/#website\"},\"datePublished\":\"2024-02-27T07:45:25+00:00\",\"dateModified\":\"2025-03-06T07:50:55+00:00\",\"breadcrumb\":{\"@id\":\"https:\\\/\\\/www.efk.admin.ch\\\/it\\\/link\\\/#breadcrumb\"},\"inLanguage\":\"it-IT\",\"potentialAction\":[{\"@type\":\"ReadAction\",\"target\":[\"https:\\\/\\\/www.efk.admin.ch\\\/it\\\/link\\\/\"]}]},{\"@type\":\"BreadcrumbList\",\"@id\":\"https:\\\/\\\/www.efk.admin.ch\\\/it\\\/link\\\/#breadcrumb\",\"itemListElement\":[{\"@type\":\"ListItem\",\"position\":1,\"name\":\"Home\",\"item\":\"https:\\\/\\\/www.efk.admin.ch\\\/it\\\/\"},{\"@type\":\"ListItem\",\"position\":2,\"name\":\"Link\"}]},{\"@type\":\"WebSite\",\"@id\":\"https:\\\/\\\/www.efk.admin.ch\\\/it\\\/#website\",\"url\":\"https:\\\/\\\/www.efk.admin.ch\\\/it\\\/\",\"name\":\"Informationen \u00fcber das oberste Finanzaufsichtsorgan der Schweiz\",\"description\":\"Il Controllo federale delle finanze (CDF) \u00e8 l'organo supremo di vigilanza finanziaria della Confederazione svizzera.\",\"publisher\":{\"@id\":\"https:\\\/\\\/www.efk.admin.ch\\\/it\\\/#organization\"},\"alternateName\":\"EFK\",\"potentialAction\":[{\"@type\":\"SearchAction\",\"target\":{\"@type\":\"EntryPoint\",\"urlTemplate\":\"https:\\\/\\\/www.efk.admin.ch\\\/it\\\/?s={search_term_string}\"},\"query-input\":{\"@type\":\"PropertyValueSpecification\",\"valueRequired\":true,\"valueName\":\"search_term_string\"}}],\"inLanguage\":\"it-IT\"},{\"@type\":\"Organization\",\"@id\":\"https:\\\/\\\/www.efk.admin.ch\\\/it\\\/#organization\",\"name\":\"Controllo federale delle finanze (CDF)\",\"alternateName\":\"EFK\",\"url\":\"https:\\\/\\\/www.efk.admin.ch\\\/it\\\/\",\"logo\":{\"@type\":\"ImageObject\",\"inLanguage\":\"it-IT\",\"@id\":\"https:\\\/\\\/www.efk.admin.ch\\\/it\\\/#\\\/schema\\\/logo\\\/image\\\/\",\"url\":\"https:\\\/\\\/www.efk.admin.ch\\\/wp-content\\\/uploads\\\/efk_cdf_logo_ohne_claim.png\",\"contentUrl\":\"https:\\\/\\\/www.efk.admin.ch\\\/wp-content\\\/uploads\\\/efk_cdf_logo_ohne_claim.png\",\"width\":268,\"height\":258,\"caption\":\"Controllo federale delle finanze (CDF)\"},\"image\":{\"@id\":\"https:\\\/\\\/www.efk.admin.ch\\\/it\\\/#\\\/schema\\\/logo\\\/image\\\/\"},\"sameAs\":[\"https:\\\/\\\/www.instagram.com\\\/efk_cdf_sfao\\\/\",\"https:\\\/\\\/www.youtube.com\\\/channel\\\/UCm-bXj227VE5sJzhB-ihdvw\\\/featured\",\"https:\\\/\\\/www.linkedin.com\\\/company\\\/11081578\\\/\"]}]}<\/script>\n<!-- \/ Yoast SEO Premium plugin. -->","yoast_head_json":{"title":"Link - Controllo federale delle finanze (CDF)","robots":{"index":"index","follow":"follow","max-snippet":"max-snippet:-1","max-image-preview":"max-image-preview:large","max-video-preview":"max-video-preview:-1"},"canonical":"https:\/\/www.efk.admin.ch\/it\/link\/","og_locale":"it_IT","og_type":"article","og_title":"Link","og_url":"https:\/\/www.efk.admin.ch\/it\/link\/","og_site_name":"Controllo federale delle finanze (CDF)","article_modified_time":"2025-03-06T07:50:55+00:00","og_image":[{"width":750,"height":500,"url":"https:\/\/www.efk.admin.ch\/wp-content\/uploads\/test\/palais.jpg","type":"image\/jpeg"}],"twitter_card":"summary_large_image","schema":{"@context":"https:\/\/schema.org","@graph":[{"@type":"WebPage","@id":"https:\/\/www.efk.admin.ch\/it\/link\/","url":"https:\/\/www.efk.admin.ch\/it\/link\/","name":"Link - Controllo federale delle finanze (CDF)","isPartOf":{"@id":"https:\/\/www.efk.admin.ch\/it\/#website"},"datePublished":"2024-02-27T07:45:25+00:00","dateModified":"2025-03-06T07:50:55+00:00","breadcrumb":{"@id":"https:\/\/www.efk.admin.ch\/it\/link\/#breadcrumb"},"inLanguage":"it-IT","potentialAction":[{"@type":"ReadAction","target":["https:\/\/www.efk.admin.ch\/it\/link\/"]}]},{"@type":"BreadcrumbList","@id":"https:\/\/www.efk.admin.ch\/it\/link\/#breadcrumb","itemListElement":[{"@type":"ListItem","position":1,"name":"Home","item":"https:\/\/www.efk.admin.ch\/it\/"},{"@type":"ListItem","position":2,"name":"Link"}]},{"@type":"WebSite","@id":"https:\/\/www.efk.admin.ch\/it\/#website","url":"https:\/\/www.efk.admin.ch\/it\/","name":"Informationen \u00fcber das oberste Finanzaufsichtsorgan der Schweiz","description":"Il Controllo federale delle finanze (CDF) \u00e8 l'organo supremo di vigilanza finanziaria della Confederazione svizzera.","publisher":{"@id":"https:\/\/www.efk.admin.ch\/it\/#organization"},"alternateName":"EFK","potentialAction":[{"@type":"SearchAction","target":{"@type":"EntryPoint","urlTemplate":"https:\/\/www.efk.admin.ch\/it\/?s={search_term_string}"},"query-input":{"@type":"PropertyValueSpecification","valueRequired":true,"valueName":"search_term_string"}}],"inLanguage":"it-IT"},{"@type":"Organization","@id":"https:\/\/www.efk.admin.ch\/it\/#organization","name":"Controllo federale delle finanze (CDF)","alternateName":"EFK","url":"https:\/\/www.efk.admin.ch\/it\/","logo":{"@type":"ImageObject","inLanguage":"it-IT","@id":"https:\/\/www.efk.admin.ch\/it\/#\/schema\/logo\/image\/","url":"https:\/\/www.efk.admin.ch\/wp-content\/uploads\/efk_cdf_logo_ohne_claim.png","contentUrl":"https:\/\/www.efk.admin.ch\/wp-content\/uploads\/efk_cdf_logo_ohne_claim.png","width":268,"height":258,"caption":"Controllo federale delle finanze (CDF)"},"image":{"@id":"https:\/\/www.efk.admin.ch\/it\/#\/schema\/logo\/image\/"},"sameAs":["https:\/\/www.instagram.com\/efk_cdf_sfao\/","https:\/\/www.youtube.com\/channel\/UCm-bXj227VE5sJzhB-ihdvw\/featured","https:\/\/www.linkedin.com\/company\/11081578\/"]}]}},"_links":{"self":[{"href":"https:\/\/www.efk.admin.ch\/it\/wp-json\/wp\/v2\/pages\/25029","targetHints":{"allow":["GET"]}}],"collection":[{"href":"https:\/\/www.efk.admin.ch\/it\/wp-json\/wp\/v2\/pages"}],"about":[{"href":"https:\/\/www.efk.admin.ch\/it\/wp-json\/wp\/v2\/types\/page"}],"author":[{"embeddable":true,"href":"https:\/\/www.efk.admin.ch\/it\/wp-json\/wp\/v2\/users\/10"}],"replies":[{"embeddable":true,"href":"https:\/\/www.efk.admin.ch\/it\/wp-json\/wp\/v2\/comments?post=25029"}],"version-history":[{"count":17,"href":"https:\/\/www.efk.admin.ch\/it\/wp-json\/wp\/v2\/pages\/25029\/revisions"}],"predecessor-version":[{"id":37058,"href":"https:\/\/www.efk.admin.ch\/it\/wp-json\/wp\/v2\/pages\/25029\/revisions\/37058"}],"wp:attachment":[{"href":"https:\/\/www.efk.admin.ch\/it\/wp-json\/wp\/v2\/media?parent=25029"}],"curies":[{"name":"wp","href":"https:\/\/api.w.org\/{rel}","templated":true}]}}