{"id":35105,"date":"2024-12-17T10:53:45","date_gmt":"2024-12-17T09:53:45","guid":{"rendered":"https:\/\/www.efk.admin.ch\/weiterbildung\/"},"modified":"2026-04-08T12:01:31","modified_gmt":"2026-04-08T10:01:31","slug":"formation-continue","status":"publish","type":"page","link":"https:\/\/www.efk.admin.ch\/fr\/formation-continue\/","title":{"rendered":"Formation continue"},"content":{"rendered":"<div class=\"headline\">\n  <div class=\"headline__wrapper\">\n\n    \n        <div class=\"headline__content\">\n      <p>Le CDF attache une grande importance \u00e0 la formation continue. Il prend lui-m\u00eame une part active au partage de connaissances en r\u00e9alisant les activit\u00e9s suivantes :<\/p>\n<p>&nbsp;<\/p>\n<ul>\n<li>encouragement de la formation initiale et continue du personnel des services de r\u00e9vision internes de l\u2019administration f\u00e9d\u00e9rale, notamment dans le cadre de la formation de janvier. Le personnel des contr\u00f4les cantonaux des finances peut aussi b\u00e9n\u00e9ficier de cette formation\u00a0;<\/li>\n<li>mise \u00e0 disposition de sp\u00e9cialistes pour l\u2019ex\u00e9cution de cours magistraux et de s\u00e9minaires de formation continue dans des hautes \u00e9coles telles que l\u2019\u00c9cole polytechnique f\u00e9d\u00e9rale de Zurich, les Universit\u00e9s de Berne et de Lausanne, la Haute \u00e9cole sp\u00e9cialis\u00e9e bernoise et la Haute \u00e9cole des sciences appliqu\u00e9es de Zurich\u00a0;<\/li>\n<li>mise sur pied, en collaboration avec l\u2019Institut de hautes \u00e9tudes en administration publique (IDHEAP) de l\u2019Universit\u00e9 de Lausanne, d\u2019un certificat d\u2019\u00e9tudes avanc\u00e9es (<em>certificate of advanced studies<\/em>, CAS) en surveillance et audit du secteur public (<em>public sector audit and oversight<\/em>, PSAO). Cette formation s\u2019adresse \u00e0 un public assez large.<\/li>\n<\/ul>\n    <\/div>\n    \n\n    \n    \n    \n  <\/div>\n<\/div>\n\n\n\n<hr class=\"wp-block-separator has-alpha-channel-opacity\"\/>\n\n\n\n<section class=\"pages-block\">\n    <a href=\"https:\/\/www.efk.admin.ch\/fr\/formation-continue\/certificate-of-advanced-studies-public-sector-audit-and-oversight\/\" class=\"page-card\">\n            <figure class=\"page-card__img\">\n      <img decoding=\"async\" src=\"https:\/\/www.efk.admin.ch\/wp-content\/uploads\/bilder\/absolventinnen-und-absolventen-des-ersten-cas-psao.jpeg\" alt=\"\">\n    <\/figure>\n            <div class=\"page-card__content\">\n      <h2 class=\"secondary_title\">Certificate of Advanced Studies: Public Sector Audit and Oversight<\/h2>\n              <p class=\"page-card__headline\">Traduisant la longue exp\u00e9rience de l\u2019IDHEAP et du CDF, le CAS Public sector audit and oversight est ax\u00e9 sur la (haute) surveillance et l\u2019audit des collectivit\u00e9s publiques de tous les&#8230;<\/p>\n            <div class=\"card__footer page-card__footer\">\n        <span class=\"tag-small\">Lire la suite<\/span>\n      <\/div>\n    <\/div>\n\n  <\/a>\n  <\/section>\n\n<section class=\"blue-section cta-block\">\n  <div class=\"cta-block__wrapper\">\n                <h2 class=\"secondary-title cta-block__title\">\n            Places disponibles        <\/h2>\n        \n                <p class=\"cta-block__text\">CAS Public sector audit and oversight (CDF \/ IDHEAP) <\/p>\n        \n                <div class=\"cta-block__links\">\n                            <a href=\"https:\/\/www.unil.ch\/idheap\/fr\/home\/menuinst\/formation\/cas\/public-sector-and-oversight.html\" class=\"btn btn--cta\" target=\"_blank\">En savoir plus<\/a>\n                    <\/div>\n        \n                    <svg xmlns=\"http:\/\/www.w3.org\/2000\/svg\" viewBox=\"0 0 366.98 366.98\" width=\"500\">\n  <path d=\"m0 0 101.9 348.78 71.12-117.45 135.65 135.65 29.16-29.16 29.16-29.16-135.64-135.65 117.45-71.12L0 0Z\"\n    style=\"stroke-width:0\" \/>\n<\/svg>          <\/div>\n<\/section>\n","protected":false},"excerpt":{"rendered":"","protected":false},"author":14,"featured_media":0,"parent":0,"menu_order":15,"comment_status":"closed","ping_status":"closed","template":"","meta":{"_acf_changed":false,"footnotes":""},"class_list":["post-35105","page","type-page","status-publish","hentry"],"acf":[],"yoast_head":"<!-- This site is optimized with the Yoast SEO Premium plugin v27.3 (Yoast SEO v27.3) - https:\/\/yoast.com\/product\/yoast-seo-premium-wordpress\/ -->\n<title>Formation continue - Contr\u00f4le f\u00e9d\u00e9ral des finances (CDF)<\/title>\n<meta name=\"robots\" content=\"index, follow, max-snippet:-1, max-image-preview:large, max-video-preview:-1\" \/>\n<link rel=\"canonical\" href=\"https:\/\/www.efk.admin.ch\/fr\/formation-continue\/\" \/>\n<meta property=\"og:locale\" content=\"fr_FR\" \/>\n<meta property=\"og:type\" content=\"article\" \/>\n<meta property=\"og:title\" content=\"Formation continue\" \/>\n<meta property=\"og:url\" content=\"https:\/\/www.efk.admin.ch\/fr\/formation-continue\/\" \/>\n<meta property=\"og:site_name\" content=\"Contr\u00f4le f\u00e9d\u00e9ral des finances (CDF)\" \/>\n<meta property=\"article:modified_time\" content=\"2026-04-08T10:01:31+00:00\" \/>\n<meta property=\"og:image\" content=\"https:\/\/www.efk.admin.ch\/wp-content\/uploads\/test\/palais.jpg\" \/>\n\t<meta property=\"og:image:width\" content=\"750\" \/>\n\t<meta property=\"og:image:height\" content=\"500\" \/>\n\t<meta property=\"og:image:type\" content=\"image\/jpeg\" \/>\n<meta name=\"twitter:card\" content=\"summary_large_image\" \/>\n<script type=\"application\/ld+json\" class=\"yoast-schema-graph\">{\"@context\":\"https:\\\/\\\/schema.org\",\"@graph\":[{\"@type\":\"WebPage\",\"@id\":\"https:\\\/\\\/www.efk.admin.ch\\\/fr\\\/formation-continue\\\/\",\"url\":\"https:\\\/\\\/www.efk.admin.ch\\\/fr\\\/formation-continue\\\/\",\"name\":\"Formation continue - Contr\u00f4le f\u00e9d\u00e9ral des finances (CDF)\",\"isPartOf\":{\"@id\":\"https:\\\/\\\/www.efk.admin.ch\\\/fr\\\/#website\"},\"datePublished\":\"2024-12-17T09:53:45+00:00\",\"dateModified\":\"2026-04-08T10:01:31+00:00\",\"breadcrumb\":{\"@id\":\"https:\\\/\\\/www.efk.admin.ch\\\/fr\\\/formation-continue\\\/#breadcrumb\"},\"inLanguage\":\"fr-FR\",\"potentialAction\":[{\"@type\":\"ReadAction\",\"target\":[\"https:\\\/\\\/www.efk.admin.ch\\\/fr\\\/formation-continue\\\/\"]}]},{\"@type\":\"BreadcrumbList\",\"@id\":\"https:\\\/\\\/www.efk.admin.ch\\\/fr\\\/formation-continue\\\/#breadcrumb\",\"itemListElement\":[{\"@type\":\"ListItem\",\"position\":1,\"name\":\"Home\",\"item\":\"https:\\\/\\\/www.efk.admin.ch\\\/fr\\\/\"},{\"@type\":\"ListItem\",\"position\":2,\"name\":\"Formation continue\"}]},{\"@type\":\"WebSite\",\"@id\":\"https:\\\/\\\/www.efk.admin.ch\\\/fr\\\/#website\",\"url\":\"https:\\\/\\\/www.efk.admin.ch\\\/fr\\\/\",\"name\":\"Informationen \u00fcber das oberste Finanzaufsichtsorgan der Schweiz\",\"description\":\"Le Contr\u00f4le f\u00e9d\u00e9ral des finances (CDF) est l'organe supr\u00eame de surveillance financi\u00e8re de la Conf\u00e9d\u00e9ration suisse.\",\"publisher\":{\"@id\":\"https:\\\/\\\/www.efk.admin.ch\\\/fr\\\/#organization\"},\"alternateName\":\"EFK\",\"potentialAction\":[{\"@type\":\"SearchAction\",\"target\":{\"@type\":\"EntryPoint\",\"urlTemplate\":\"https:\\\/\\\/www.efk.admin.ch\\\/fr\\\/?s={search_term_string}\"},\"query-input\":{\"@type\":\"PropertyValueSpecification\",\"valueRequired\":true,\"valueName\":\"search_term_string\"}}],\"inLanguage\":\"fr-FR\"},{\"@type\":\"Organization\",\"@id\":\"https:\\\/\\\/www.efk.admin.ch\\\/fr\\\/#organization\",\"name\":\"Contr\u00f4le f\u00e9d\u00e9ral des finances (CDF)\",\"alternateName\":\"EFK\",\"url\":\"https:\\\/\\\/www.efk.admin.ch\\\/fr\\\/\",\"logo\":{\"@type\":\"ImageObject\",\"inLanguage\":\"fr-FR\",\"@id\":\"https:\\\/\\\/www.efk.admin.ch\\\/fr\\\/#\\\/schema\\\/logo\\\/image\\\/\",\"url\":\"https:\\\/\\\/www.efk.admin.ch\\\/wp-content\\\/uploads\\\/efk_cdf_logo_ohne_claim.png\",\"contentUrl\":\"https:\\\/\\\/www.efk.admin.ch\\\/wp-content\\\/uploads\\\/efk_cdf_logo_ohne_claim.png\",\"width\":268,\"height\":258,\"caption\":\"Contr\u00f4le f\u00e9d\u00e9ral des finances (CDF)\"},\"image\":{\"@id\":\"https:\\\/\\\/www.efk.admin.ch\\\/fr\\\/#\\\/schema\\\/logo\\\/image\\\/\"},\"sameAs\":[\"https:\\\/\\\/www.instagram.com\\\/efk_cdf_sfao\\\/\",\"https:\\\/\\\/www.youtube.com\\\/channel\\\/UCm-bXj227VE5sJzhB-ihdvw\\\/featured\",\"https:\\\/\\\/www.linkedin.com\\\/company\\\/11081578\\\/\"]}]}<\/script>\n<!-- \/ Yoast SEO Premium plugin. -->","yoast_head_json":{"title":"Formation continue - Contr\u00f4le f\u00e9d\u00e9ral des finances (CDF)","robots":{"index":"index","follow":"follow","max-snippet":"max-snippet:-1","max-image-preview":"max-image-preview:large","max-video-preview":"max-video-preview:-1"},"canonical":"https:\/\/www.efk.admin.ch\/fr\/formation-continue\/","og_locale":"fr_FR","og_type":"article","og_title":"Formation continue","og_url":"https:\/\/www.efk.admin.ch\/fr\/formation-continue\/","og_site_name":"Contr\u00f4le f\u00e9d\u00e9ral des finances (CDF)","article_modified_time":"2026-04-08T10:01:31+00:00","og_image":[{"width":750,"height":500,"url":"https:\/\/www.efk.admin.ch\/wp-content\/uploads\/test\/palais.jpg","type":"image\/jpeg"}],"twitter_card":"summary_large_image","schema":{"@context":"https:\/\/schema.org","@graph":[{"@type":"WebPage","@id":"https:\/\/www.efk.admin.ch\/fr\/formation-continue\/","url":"https:\/\/www.efk.admin.ch\/fr\/formation-continue\/","name":"Formation continue - Contr\u00f4le f\u00e9d\u00e9ral des finances (CDF)","isPartOf":{"@id":"https:\/\/www.efk.admin.ch\/fr\/#website"},"datePublished":"2024-12-17T09:53:45+00:00","dateModified":"2026-04-08T10:01:31+00:00","breadcrumb":{"@id":"https:\/\/www.efk.admin.ch\/fr\/formation-continue\/#breadcrumb"},"inLanguage":"fr-FR","potentialAction":[{"@type":"ReadAction","target":["https:\/\/www.efk.admin.ch\/fr\/formation-continue\/"]}]},{"@type":"BreadcrumbList","@id":"https:\/\/www.efk.admin.ch\/fr\/formation-continue\/#breadcrumb","itemListElement":[{"@type":"ListItem","position":1,"name":"Home","item":"https:\/\/www.efk.admin.ch\/fr\/"},{"@type":"ListItem","position":2,"name":"Formation continue"}]},{"@type":"WebSite","@id":"https:\/\/www.efk.admin.ch\/fr\/#website","url":"https:\/\/www.efk.admin.ch\/fr\/","name":"Informationen \u00fcber das oberste Finanzaufsichtsorgan der Schweiz","description":"Le Contr\u00f4le f\u00e9d\u00e9ral des finances (CDF) est l'organe supr\u00eame de surveillance financi\u00e8re de la Conf\u00e9d\u00e9ration suisse.","publisher":{"@id":"https:\/\/www.efk.admin.ch\/fr\/#organization"},"alternateName":"EFK","potentialAction":[{"@type":"SearchAction","target":{"@type":"EntryPoint","urlTemplate":"https:\/\/www.efk.admin.ch\/fr\/?s={search_term_string}"},"query-input":{"@type":"PropertyValueSpecification","valueRequired":true,"valueName":"search_term_string"}}],"inLanguage":"fr-FR"},{"@type":"Organization","@id":"https:\/\/www.efk.admin.ch\/fr\/#organization","name":"Contr\u00f4le f\u00e9d\u00e9ral des finances (CDF)","alternateName":"EFK","url":"https:\/\/www.efk.admin.ch\/fr\/","logo":{"@type":"ImageObject","inLanguage":"fr-FR","@id":"https:\/\/www.efk.admin.ch\/fr\/#\/schema\/logo\/image\/","url":"https:\/\/www.efk.admin.ch\/wp-content\/uploads\/efk_cdf_logo_ohne_claim.png","contentUrl":"https:\/\/www.efk.admin.ch\/wp-content\/uploads\/efk_cdf_logo_ohne_claim.png","width":268,"height":258,"caption":"Contr\u00f4le f\u00e9d\u00e9ral des finances (CDF)"},"image":{"@id":"https:\/\/www.efk.admin.ch\/fr\/#\/schema\/logo\/image\/"},"sameAs":["https:\/\/www.instagram.com\/efk_cdf_sfao\/","https:\/\/www.youtube.com\/channel\/UCm-bXj227VE5sJzhB-ihdvw\/featured","https:\/\/www.linkedin.com\/company\/11081578\/"]}]}},"_links":{"self":[{"href":"https:\/\/www.efk.admin.ch\/fr\/wp-json\/wp\/v2\/pages\/35105","targetHints":{"allow":["GET"]}}],"collection":[{"href":"https:\/\/www.efk.admin.ch\/fr\/wp-json\/wp\/v2\/pages"}],"about":[{"href":"https:\/\/www.efk.admin.ch\/fr\/wp-json\/wp\/v2\/types\/page"}],"author":[{"embeddable":true,"href":"https:\/\/www.efk.admin.ch\/fr\/wp-json\/wp\/v2\/users\/14"}],"replies":[{"embeddable":true,"href":"https:\/\/www.efk.admin.ch\/fr\/wp-json\/wp\/v2\/comments?post=35105"}],"version-history":[{"count":7,"href":"https:\/\/www.efk.admin.ch\/fr\/wp-json\/wp\/v2\/pages\/35105\/revisions"}],"predecessor-version":[{"id":43551,"href":"https:\/\/www.efk.admin.ch\/fr\/wp-json\/wp\/v2\/pages\/35105\/revisions\/43551"}],"wp:attachment":[{"href":"https:\/\/www.efk.admin.ch\/fr\/wp-json\/wp\/v2\/media?parent=35105"}],"curies":[{"name":"wp","href":"https:\/\/api.w.org\/{rel}","templated":true}]}}