{"id":35096,"date":"2024-12-17T14:52:30","date_gmt":"2024-12-17T13:52:30","guid":{"rendered":"https:\/\/www.efk.admin.ch\/certificate-of-advanced-studies-public-sector-audit-oversight\/"},"modified":"2026-03-30T12:33:03","modified_gmt":"2026-03-30T10:33:03","slug":"certificate-of-advanced-studies-public-sector-audit-and-oversight","status":"publish","type":"page","link":"https:\/\/www.efk.admin.ch\/fr\/formation-continue\/certificate-of-advanced-studies-public-sector-audit-and-oversight\/","title":{"rendered":"Certificate of Advanced Studies: Public Sector Audit and Oversight"},"content":{"rendered":"\n<p>Il s\u2019adresse aux responsables hi\u00e9rarchiques, aux sp\u00e9cialistes de la surveillance financi\u00e8re et de l\u2019audit des comptes et, plus g\u00e9n\u00e9ralement, aux personnes qui s\u2019int\u00e9ressent \u00e0 la politique, \u00e0 l\u2019administration publique et \u00e0 la presse.<\/p>\n\n\n\n<p>Il est possible de ne suivre qu\u2019un des quatre s\u00e9minaires de quatre jours propos\u00e9s. Le CAS est d\u00e9livr\u00e9 apr\u00e8s la r\u00e9ussite de trois des quatre s\u00e9minaires suivants&nbsp;:<\/p>\n\n\n\n<ol class=\"wp-block-list\">\n<li>Audit de performance et \u00e9valuation<\/li>\n\n\n\n<li>Surveillance financi\u00e8re dans le secteur public<\/li>\n\n\n\n<li>Audit d\u2019organisation et de management<\/li>\n\n\n\n<li>Transformation num\u00e9rique<\/li>\n<\/ol>\n\n\n\n<p>Les s\u00e9minaires sont donn\u00e9s en fran\u00e7ais \u00e0 Lausanne et en allemand \u00e0 Soleure. Associant transmission de connaissances th\u00e9oriques et exercices pratiques, ils comprennent des pr\u00e9sentations de sp\u00e9cialistes aussi qualifi\u00e9s que motiv\u00e9s provenant de l\u2019administration publique de tous les \u00e9chelons de l\u2019\u00c9tat. En l\u2019espace de deux ans, il est possible de suivre tous les s\u00e9minaires requis dans la m\u00eame langue.<\/p>\n\n\n\n<p><a href=\"https:\/\/www.unil.ch\/idheap\/fr\/home\/menuinst\/formation\/cas\/public-sector-and-oversight.html\" target=\"_blank\" rel=\"noreferrer noopener\">PLUS D&#8217;INFORMATIONS ET CONTACT<\/a><\/p>\n\n\n\n<figure class=\"wp-block-image size-large is-resized\"><img loading=\"lazy\" decoding=\"async\" width=\"1024\" height=\"768\" src=\"https:\/\/www.efk.admin.ch\/wp-content\/uploads\/bilder\/absolventinnen-und-absolventen-des-ersten-cas-psao-1024x768.jpeg\" alt=\"\" class=\"wp-image-34984\" style=\"width:644px;height:auto\" srcset=\"https:\/\/www.efk.admin.ch\/wp-content\/uploads\/bilder\/absolventinnen-und-absolventen-des-ersten-cas-psao-1024x768.jpeg 1024w, https:\/\/www.efk.admin.ch\/wp-content\/uploads\/bilder\/absolventinnen-und-absolventen-des-ersten-cas-psao-300x225.jpeg 300w, https:\/\/www.efk.admin.ch\/wp-content\/uploads\/bilder\/absolventinnen-und-absolventen-des-ersten-cas-psao-768x576.jpeg 768w, https:\/\/www.efk.admin.ch\/wp-content\/uploads\/bilder\/absolventinnen-und-absolventen-des-ersten-cas-psao-1536x1152.jpeg 1536w, https:\/\/www.efk.admin.ch\/wp-content\/uploads\/bilder\/absolventinnen-und-absolventen-des-ersten-cas-psao-2048x1536.jpeg 2048w, https:\/\/www.efk.admin.ch\/wp-content\/uploads\/bilder\/absolventinnen-und-absolventen-des-ersten-cas-psao.jpeg 1600w\" sizes=\"auto, (max-width: 1024px) 100vw, 1024px\" \/><figcaption class=\"wp-element-caption\">Ils l\u2019ont fait&nbsp;! Les titulaires du premier CAS&nbsp;Public sector audit and oversight (2024)&nbsp;; \u00a9IDHEAP<\/figcaption><\/figure>\n","protected":false},"excerpt":{"rendered":"<p>Il s\u2019adresse aux responsables hi\u00e9rarchiques, aux sp\u00e9cialistes de la surveillance financi\u00e8re et de l\u2019audit des comptes et, plus g\u00e9n\u00e9ralement, aux personnes qui s\u2019int\u00e9ressent \u00e0 la politique, \u00e0 l\u2019administration publique et \u00e0 la presse. Il est possible de ne suivre qu\u2019un des quatre s\u00e9minaires de quatre jours propos\u00e9s. Le CAS est d\u00e9livr\u00e9 apr\u00e8s la r\u00e9ussite de [&hellip;]<\/p>\n","protected":false},"author":14,"featured_media":34986,"parent":35105,"menu_order":13,"comment_status":"closed","ping_status":"closed","template":"","meta":{"_acf_changed":false,"footnotes":""},"class_list":["post-35096","page","type-page","status-publish","has-post-thumbnail","hentry"],"acf":[],"yoast_head":"<!-- This site is optimized with the Yoast SEO Premium plugin v27.4 (Yoast SEO v27.4) - https:\/\/yoast.com\/product\/yoast-seo-premium-wordpress\/ -->\n<title>Certificate of Advanced Studies: Public Sector Audit and Oversight - Contr\u00f4le f\u00e9d\u00e9ral des finances (CDF)<\/title>\n<meta name=\"robots\" content=\"index, follow, max-snippet:-1, max-image-preview:large, max-video-preview:-1\" \/>\n<link rel=\"canonical\" href=\"https:\/\/www.efk.admin.ch\/fr\/formation-continue\/certificate-of-advanced-studies-public-sector-audit-and-oversight\/\" \/>\n<meta property=\"og:locale\" content=\"fr_FR\" \/>\n<meta property=\"og:type\" content=\"article\" \/>\n<meta property=\"og:title\" content=\"Certificate of Advanced Studies: Public Sector Audit and Oversight\" \/>\n<meta property=\"og:description\" content=\"Il s\u2019adresse aux responsables hi\u00e9rarchiques, aux sp\u00e9cialistes de la surveillance financi\u00e8re et de l\u2019audit des comptes et, plus g\u00e9n\u00e9ralement, aux personnes qui s\u2019int\u00e9ressent \u00e0 la politique, \u00e0 l\u2019administration publique et \u00e0 la presse. Il est possible de ne suivre qu\u2019un des quatre s\u00e9minaires de quatre jours propos\u00e9s. Le CAS est d\u00e9livr\u00e9 apr\u00e8s la r\u00e9ussite de [&hellip;]\" \/>\n<meta property=\"og:url\" content=\"https:\/\/www.efk.admin.ch\/fr\/formation-continue\/certificate-of-advanced-studies-public-sector-audit-and-oversight\/\" \/>\n<meta property=\"og:site_name\" content=\"Contr\u00f4le f\u00e9d\u00e9ral des finances (CDF)\" \/>\n<meta property=\"article:modified_time\" content=\"2026-03-30T10:33:03+00:00\" \/>\n<meta property=\"og:image\" content=\"https:\/\/www.efk.admin.ch\/wp-content\/uploads\/bilder\/absolventinnen-und-absolventen-des-ersten-cas-psao.jpeg\" \/>\n\t<meta property=\"og:image:width\" content=\"1600\" \/>\n\t<meta property=\"og:image:height\" content=\"1200\" \/>\n\t<meta property=\"og:image:type\" content=\"image\/jpeg\" \/>\n<meta name=\"twitter:card\" content=\"summary_large_image\" \/>\n<meta name=\"twitter:label1\" content=\"Dur\u00e9e de lecture estim\u00e9e\" \/>\n\t<meta name=\"twitter:data1\" content=\"2 minutes\" \/>\n<script type=\"application\/ld+json\" class=\"yoast-schema-graph\">{\"@context\":\"https:\\\/\\\/schema.org\",\"@graph\":[{\"@type\":\"WebPage\",\"@id\":\"https:\\\/\\\/www.efk.admin.ch\\\/fr\\\/formation-continue\\\/certificate-of-advanced-studies-public-sector-audit-and-oversight\\\/\",\"url\":\"https:\\\/\\\/www.efk.admin.ch\\\/fr\\\/formation-continue\\\/certificate-of-advanced-studies-public-sector-audit-and-oversight\\\/\",\"name\":\"Certificate of Advanced Studies: Public Sector Audit and Oversight - Contr\u00f4le f\u00e9d\u00e9ral des finances (CDF)\",\"isPartOf\":{\"@id\":\"https:\\\/\\\/www.efk.admin.ch\\\/fr\\\/#website\"},\"primaryImageOfPage\":{\"@id\":\"https:\\\/\\\/www.efk.admin.ch\\\/fr\\\/formation-continue\\\/certificate-of-advanced-studies-public-sector-audit-and-oversight\\\/#primaryimage\"},\"image\":{\"@id\":\"https:\\\/\\\/www.efk.admin.ch\\\/fr\\\/formation-continue\\\/certificate-of-advanced-studies-public-sector-audit-and-oversight\\\/#primaryimage\"},\"thumbnailUrl\":\"https:\\\/\\\/www.efk.admin.ch\\\/wp-content\\\/uploads\\\/bilder\\\/absolventinnen-und-absolventen-des-ersten-cas-psao.jpeg\",\"datePublished\":\"2024-12-17T13:52:30+00:00\",\"dateModified\":\"2026-03-30T10:33:03+00:00\",\"breadcrumb\":{\"@id\":\"https:\\\/\\\/www.efk.admin.ch\\\/fr\\\/formation-continue\\\/certificate-of-advanced-studies-public-sector-audit-and-oversight\\\/#breadcrumb\"},\"inLanguage\":\"fr-FR\",\"potentialAction\":[{\"@type\":\"ReadAction\",\"target\":[\"https:\\\/\\\/www.efk.admin.ch\\\/fr\\\/formation-continue\\\/certificate-of-advanced-studies-public-sector-audit-and-oversight\\\/\"]}]},{\"@type\":\"ImageObject\",\"inLanguage\":\"fr-FR\",\"@id\":\"https:\\\/\\\/www.efk.admin.ch\\\/fr\\\/formation-continue\\\/certificate-of-advanced-studies-public-sector-audit-and-oversight\\\/#primaryimage\",\"url\":\"https:\\\/\\\/www.efk.admin.ch\\\/wp-content\\\/uploads\\\/bilder\\\/absolventinnen-und-absolventen-des-ersten-cas-psao.jpeg\",\"contentUrl\":\"https:\\\/\\\/www.efk.admin.ch\\\/wp-content\\\/uploads\\\/bilder\\\/absolventinnen-und-absolventen-des-ersten-cas-psao.jpeg\",\"width\":1600,\"height\":1200},{\"@type\":\"BreadcrumbList\",\"@id\":\"https:\\\/\\\/www.efk.admin.ch\\\/fr\\\/formation-continue\\\/certificate-of-advanced-studies-public-sector-audit-and-oversight\\\/#breadcrumb\",\"itemListElement\":[{\"@type\":\"ListItem\",\"position\":1,\"name\":\"Home\",\"item\":\"https:\\\/\\\/www.efk.admin.ch\\\/fr\\\/\"},{\"@type\":\"ListItem\",\"position\":2,\"name\":\"Formation continue\",\"item\":\"https:\\\/\\\/www.efk.admin.ch\\\/fr\\\/formation-continue\\\/\"},{\"@type\":\"ListItem\",\"position\":3,\"name\":\"Certificate of Advanced Studies: Public Sector Audit and Oversight\"}]},{\"@type\":\"WebSite\",\"@id\":\"https:\\\/\\\/www.efk.admin.ch\\\/fr\\\/#website\",\"url\":\"https:\\\/\\\/www.efk.admin.ch\\\/fr\\\/\",\"name\":\"Informationen \u00fcber das oberste Finanzaufsichtsorgan der Schweiz\",\"description\":\"Le Contr\u00f4le f\u00e9d\u00e9ral des finances (CDF) est l'organe supr\u00eame de surveillance financi\u00e8re de la Conf\u00e9d\u00e9ration suisse.\",\"publisher\":{\"@id\":\"https:\\\/\\\/www.efk.admin.ch\\\/fr\\\/#organization\"},\"alternateName\":\"EFK\",\"potentialAction\":[{\"@type\":\"SearchAction\",\"target\":{\"@type\":\"EntryPoint\",\"urlTemplate\":\"https:\\\/\\\/www.efk.admin.ch\\\/fr\\\/?s={search_term_string}\"},\"query-input\":{\"@type\":\"PropertyValueSpecification\",\"valueRequired\":true,\"valueName\":\"search_term_string\"}}],\"inLanguage\":\"fr-FR\"},{\"@type\":\"Organization\",\"@id\":\"https:\\\/\\\/www.efk.admin.ch\\\/fr\\\/#organization\",\"name\":\"Contr\u00f4le f\u00e9d\u00e9ral des finances (CDF)\",\"alternateName\":\"EFK\",\"url\":\"https:\\\/\\\/www.efk.admin.ch\\\/fr\\\/\",\"logo\":{\"@type\":\"ImageObject\",\"inLanguage\":\"fr-FR\",\"@id\":\"https:\\\/\\\/www.efk.admin.ch\\\/fr\\\/#\\\/schema\\\/logo\\\/image\\\/\",\"url\":\"https:\\\/\\\/www.efk.admin.ch\\\/wp-content\\\/uploads\\\/efk_cdf_logo_ohne_claim.png\",\"contentUrl\":\"https:\\\/\\\/www.efk.admin.ch\\\/wp-content\\\/uploads\\\/efk_cdf_logo_ohne_claim.png\",\"width\":268,\"height\":258,\"caption\":\"Contr\u00f4le f\u00e9d\u00e9ral des finances (CDF)\"},\"image\":{\"@id\":\"https:\\\/\\\/www.efk.admin.ch\\\/fr\\\/#\\\/schema\\\/logo\\\/image\\\/\"},\"sameAs\":[\"https:\\\/\\\/www.instagram.com\\\/efk_cdf_sfao\\\/\",\"https:\\\/\\\/www.youtube.com\\\/channel\\\/UCm-bXj227VE5sJzhB-ihdvw\\\/featured\",\"https:\\\/\\\/www.linkedin.com\\\/company\\\/11081578\\\/\"]}]}<\/script>\n<!-- \/ Yoast SEO Premium plugin. -->","yoast_head_json":{"title":"Certificate of Advanced Studies: Public Sector Audit and Oversight - Contr\u00f4le f\u00e9d\u00e9ral des finances (CDF)","robots":{"index":"index","follow":"follow","max-snippet":"max-snippet:-1","max-image-preview":"max-image-preview:large","max-video-preview":"max-video-preview:-1"},"canonical":"https:\/\/www.efk.admin.ch\/fr\/formation-continue\/certificate-of-advanced-studies-public-sector-audit-and-oversight\/","og_locale":"fr_FR","og_type":"article","og_title":"Certificate of Advanced Studies: Public Sector Audit and Oversight","og_description":"Il s\u2019adresse aux responsables hi\u00e9rarchiques, aux sp\u00e9cialistes de la surveillance financi\u00e8re et de l\u2019audit des comptes et, plus g\u00e9n\u00e9ralement, aux personnes qui s\u2019int\u00e9ressent \u00e0 la politique, \u00e0 l\u2019administration publique et \u00e0 la presse. Il est possible de ne suivre qu\u2019un des quatre s\u00e9minaires de quatre jours propos\u00e9s. Le CAS est d\u00e9livr\u00e9 apr\u00e8s la r\u00e9ussite de [&hellip;]","og_url":"https:\/\/www.efk.admin.ch\/fr\/formation-continue\/certificate-of-advanced-studies-public-sector-audit-and-oversight\/","og_site_name":"Contr\u00f4le f\u00e9d\u00e9ral des finances (CDF)","article_modified_time":"2026-03-30T10:33:03+00:00","og_image":[{"width":1600,"height":1200,"url":"https:\/\/www.efk.admin.ch\/wp-content\/uploads\/bilder\/absolventinnen-und-absolventen-des-ersten-cas-psao.jpeg","type":"image\/jpeg"}],"twitter_card":"summary_large_image","twitter_misc":{"Dur\u00e9e de lecture estim\u00e9e":"2 minutes"},"schema":{"@context":"https:\/\/schema.org","@graph":[{"@type":"WebPage","@id":"https:\/\/www.efk.admin.ch\/fr\/formation-continue\/certificate-of-advanced-studies-public-sector-audit-and-oversight\/","url":"https:\/\/www.efk.admin.ch\/fr\/formation-continue\/certificate-of-advanced-studies-public-sector-audit-and-oversight\/","name":"Certificate of Advanced Studies: Public Sector Audit and Oversight - Contr\u00f4le f\u00e9d\u00e9ral des finances (CDF)","isPartOf":{"@id":"https:\/\/www.efk.admin.ch\/fr\/#website"},"primaryImageOfPage":{"@id":"https:\/\/www.efk.admin.ch\/fr\/formation-continue\/certificate-of-advanced-studies-public-sector-audit-and-oversight\/#primaryimage"},"image":{"@id":"https:\/\/www.efk.admin.ch\/fr\/formation-continue\/certificate-of-advanced-studies-public-sector-audit-and-oversight\/#primaryimage"},"thumbnailUrl":"https:\/\/www.efk.admin.ch\/wp-content\/uploads\/bilder\/absolventinnen-und-absolventen-des-ersten-cas-psao.jpeg","datePublished":"2024-12-17T13:52:30+00:00","dateModified":"2026-03-30T10:33:03+00:00","breadcrumb":{"@id":"https:\/\/www.efk.admin.ch\/fr\/formation-continue\/certificate-of-advanced-studies-public-sector-audit-and-oversight\/#breadcrumb"},"inLanguage":"fr-FR","potentialAction":[{"@type":"ReadAction","target":["https:\/\/www.efk.admin.ch\/fr\/formation-continue\/certificate-of-advanced-studies-public-sector-audit-and-oversight\/"]}]},{"@type":"ImageObject","inLanguage":"fr-FR","@id":"https:\/\/www.efk.admin.ch\/fr\/formation-continue\/certificate-of-advanced-studies-public-sector-audit-and-oversight\/#primaryimage","url":"https:\/\/www.efk.admin.ch\/wp-content\/uploads\/bilder\/absolventinnen-und-absolventen-des-ersten-cas-psao.jpeg","contentUrl":"https:\/\/www.efk.admin.ch\/wp-content\/uploads\/bilder\/absolventinnen-und-absolventen-des-ersten-cas-psao.jpeg","width":1600,"height":1200},{"@type":"BreadcrumbList","@id":"https:\/\/www.efk.admin.ch\/fr\/formation-continue\/certificate-of-advanced-studies-public-sector-audit-and-oversight\/#breadcrumb","itemListElement":[{"@type":"ListItem","position":1,"name":"Home","item":"https:\/\/www.efk.admin.ch\/fr\/"},{"@type":"ListItem","position":2,"name":"Formation continue","item":"https:\/\/www.efk.admin.ch\/fr\/formation-continue\/"},{"@type":"ListItem","position":3,"name":"Certificate of Advanced Studies: Public Sector Audit and Oversight"}]},{"@type":"WebSite","@id":"https:\/\/www.efk.admin.ch\/fr\/#website","url":"https:\/\/www.efk.admin.ch\/fr\/","name":"Informationen \u00fcber das oberste Finanzaufsichtsorgan der Schweiz","description":"Le Contr\u00f4le f\u00e9d\u00e9ral des finances (CDF) est l'organe supr\u00eame de surveillance financi\u00e8re de la Conf\u00e9d\u00e9ration suisse.","publisher":{"@id":"https:\/\/www.efk.admin.ch\/fr\/#organization"},"alternateName":"EFK","potentialAction":[{"@type":"SearchAction","target":{"@type":"EntryPoint","urlTemplate":"https:\/\/www.efk.admin.ch\/fr\/?s={search_term_string}"},"query-input":{"@type":"PropertyValueSpecification","valueRequired":true,"valueName":"search_term_string"}}],"inLanguage":"fr-FR"},{"@type":"Organization","@id":"https:\/\/www.efk.admin.ch\/fr\/#organization","name":"Contr\u00f4le f\u00e9d\u00e9ral des finances (CDF)","alternateName":"EFK","url":"https:\/\/www.efk.admin.ch\/fr\/","logo":{"@type":"ImageObject","inLanguage":"fr-FR","@id":"https:\/\/www.efk.admin.ch\/fr\/#\/schema\/logo\/image\/","url":"https:\/\/www.efk.admin.ch\/wp-content\/uploads\/efk_cdf_logo_ohne_claim.png","contentUrl":"https:\/\/www.efk.admin.ch\/wp-content\/uploads\/efk_cdf_logo_ohne_claim.png","width":268,"height":258,"caption":"Contr\u00f4le f\u00e9d\u00e9ral des finances (CDF)"},"image":{"@id":"https:\/\/www.efk.admin.ch\/fr\/#\/schema\/logo\/image\/"},"sameAs":["https:\/\/www.instagram.com\/efk_cdf_sfao\/","https:\/\/www.youtube.com\/channel\/UCm-bXj227VE5sJzhB-ihdvw\/featured","https:\/\/www.linkedin.com\/company\/11081578\/"]}]}},"_links":{"self":[{"href":"https:\/\/www.efk.admin.ch\/fr\/wp-json\/wp\/v2\/pages\/35096","targetHints":{"allow":["GET"]}}],"collection":[{"href":"https:\/\/www.efk.admin.ch\/fr\/wp-json\/wp\/v2\/pages"}],"about":[{"href":"https:\/\/www.efk.admin.ch\/fr\/wp-json\/wp\/v2\/types\/page"}],"author":[{"embeddable":true,"href":"https:\/\/www.efk.admin.ch\/fr\/wp-json\/wp\/v2\/users\/14"}],"replies":[{"embeddable":true,"href":"https:\/\/www.efk.admin.ch\/fr\/wp-json\/wp\/v2\/comments?post=35096"}],"version-history":[{"count":5,"href":"https:\/\/www.efk.admin.ch\/fr\/wp-json\/wp\/v2\/pages\/35096\/revisions"}],"predecessor-version":[{"id":43556,"href":"https:\/\/www.efk.admin.ch\/fr\/wp-json\/wp\/v2\/pages\/35096\/revisions\/43556"}],"up":[{"embeddable":true,"href":"https:\/\/www.efk.admin.ch\/fr\/wp-json\/wp\/v2\/pages\/35105"}],"wp:featuredmedia":[{"embeddable":true,"href":"https:\/\/www.efk.admin.ch\/fr\/wp-json\/wp\/v2\/media\/34986"}],"wp:attachment":[{"href":"https:\/\/www.efk.admin.ch\/fr\/wp-json\/wp\/v2\/media?parent=35096"}],"curies":[{"name":"wp","href":"https:\/\/api.w.org\/{rel}","templated":true}]}}