{"id":30056,"date":"2024-04-10T15:47:38","date_gmt":"2024-04-10T13:47:38","guid":{"rendered":"https:\/\/preview.efk.admin.ch\/whistleblowing\/"},"modified":"2025-10-17T11:07:15","modified_gmt":"2025-10-17T09:07:15","slug":"lanceurs-dalerte-whistleblowing","status":"publish","type":"page","link":"https:\/\/www.efk.admin.ch\/fr\/lanceurs-dalerte-whistleblowing\/","title":{"rendered":"Lanceurs d\u2019alerte (whistleblowing)"},"content":{"rendered":"<section class=\"blue-section cta-block\">\n  <div class=\"cta-block__wrapper\">\n                <h2 class=\"secondary-title cta-block__title\">\n            Plateforme prot\u00e9g\u00e9e de lanceurs d\u2019alerte        <\/h2>\n        \n        \n                <div class=\"cta-block__links\">\n                            <a href=\"https:\/\/www.bkms-system.ch\/bkwebanon\/report\/clientInfo?cin=5efk11&#038;c=-1&#038;language=fre\" class=\"btn btn--cta\" target=\"_blank\">Signaler des informations de mani\u00e8re anonyme et s\u00e9curis\u00e9e<\/a>\n                    <\/div>\n        \n                    <svg xmlns=\"http:\/\/www.w3.org\/2000\/svg\" viewBox=\"0 0 472.41 369.71\" width=\"500\">\n  <path\n    d=\"M65.99 213.82c14.73-53.5 63.38-90.57 118.87-90.58h20.53v41.08h61.62v-41.08h205.4v61.62l-167.03 35.79c14.23 66.58-28.21 132.08-94.79 146.31-63.85 13.64-127.27-24.87-144.6-87.82-18.04 13.76-43.82 10.29-57.58-7.75-13.76-18.04-10.29-43.82 7.75-57.58 14.71-11.22 35.11-11.22 49.82 0Zm-24.92 12.12c-11.34 0-20.54 9.2-20.54 20.54s9.2 20.54 20.54 20.54 20.54-9.2 20.54-20.54c.03-11.32-9.12-20.51-20.44-20.54h-.1ZM225.94 0v82.16h20.54V0h-20.54Zm105.15 20.97-43.54 69.68 17.42 10.89 43.54-69.68-17.42-10.89Zm-190.44 0 43.54 69.68-17.42 10.88-43.54-69.67 17.42-10.88Z\"\n    style=\"fill-rule:evenodd;stroke-width:0\" \/>\n<\/svg>          <\/div>\n<\/section>\n\n\n\n<div style=\"height:50px\" aria-hidden=\"true\" class=\"wp-block-spacer\"><\/div>\n\n\n\n<p>Soup\u00e7onnez-vous l\u2019existence d\u2019irr\u00e9gularit\u00e9s, d\u2019actes de corruption, d\u2019indiscr\u00e9tions ou d\u2019actions ill\u00e9gales\u00a0? Que vous soyez un employ\u00e9 de la Conf\u00e9d\u00e9ration ou un particulier, vous pouvez signaler au Contr\u00f4le f\u00e9d\u00e9ral des finances (CDF) tout soup\u00e7on d\u2019abus au sein de l\u2019administration f\u00e9d\u00e9rale, des entreprises li\u00e9es \u00e0 la Conf\u00e9d\u00e9ration ou chez les b\u00e9n\u00e9ficiaires de subventions.<\/p>\n\n\n\n<p>Une plateforme externe s\u00e9curis\u00e9e a notamment \u00e9t\u00e9 cr\u00e9\u00e9e \u00e0 cet effet. Elle permet aux lanceurs d\u2019alerte de transmettre des informations sous forme anonyme et en toute s\u00e9curit\u00e9, ainsi que des documents annexes. Il n\u2019est pas possible de tracer les messages jusqu\u2019\u00e0 leur origine.<\/p>\n\n\n\n<p><a href=\"https:\/\/youtube.com\/shorts\/a95qnMXRiBY?feature=share\" target=\"_blank\" rel=\"noreferrer noopener\">Whistleblowing de quoi s\u2019agit-il ?<\/a> et <a href=\"https:\/\/youtube.com\/shorts\/epb1ixk2HhQ?feature=share\" target=\"_blank\" rel=\"noreferrer noopener\">Comment puis-je soumettre une alerte tout en restant anonyme et comment les annonces sont-elles trait\u00e9es ?<\/a><\/p>\n\n\n\n<p>En attirant l\u2019attention sur des abus pr\u00e9sum\u00e9s d\u00e8s les premiers signes, les lanceurs d\u2019alerte agissent dans l\u2019int\u00e9r\u00eat de l\u2019administration publique, mais aussi de la soci\u00e9t\u00e9. Lorsque ces comportements sont mis au grand jour, la confiance est renforc\u00e9e sur le long terme.<\/p>\n\n\n\n<h3 class=\"wp-block-heading\" id=\"h-saviez-vous-que\">Saviez-vous que&#8230;<\/h3>\n\n\n\n<p>Depuis 2011, les employ\u00e9s de la Conf\u00e9d\u00e9ration sont tenus de d\u00e9noncer tous les crimes et d\u00e9lits poursuivis d\u2019office dont ils ont eu connaissance ou qui leur ont \u00e9t\u00e9 signal\u00e9s dans l\u2019exercice de leur fonction. Ils doivent les communiquer \u00e0 leurs sup\u00e9rieurs, au CDF ou aux autorit\u00e9s de poursuite p\u00e9nale. Ils peuvent le faire d\u00e8s qu\u2019ils ont un soup\u00e7on, sans n\u00e9cessit\u00e9 d\u2019apporter des preuves.<\/p>\n\n\n\n<p>Les employ\u00e9s de la Conf\u00e9d\u00e9ration peuvent \u00e9galement signaler d\u2019autres irr\u00e9gularit\u00e9s qu\u2019ils ont constat\u00e9es ou dont ils ont eu connaissance dans l\u2019exercice de leur fonction. Ces informations peuvent \u00eatre utiles au CDF, par exemple dans le cadre de ses activit\u00e9s de contr\u00f4le, et permettent de proc\u00e9der \u00e0 des am\u00e9liorations dans les domaines concern\u00e9s.<\/p>\n\n\n\n<p>Le CDF re\u00e7oit chaque ann\u00e9e de nombreux signalements de la part de lanceurs d\u2019alerte&nbsp;:<\/p>\n\n\n\n<h3 class=\"wp-block-heading\" id=\"h-nombre-d-annonces-de-lanceurs-d-alerte-2015-2024\">Nombre d\u2019annonces de lanceurs d\u2019alerte 2015\u20132024<\/h3>\n\n\n\n<figure class=\"wp-block-image size-large is-resized\"><img loading=\"lazy\" decoding=\"async\" width=\"1024\" height=\"727\" src=\"https:\/\/www.efk.admin.ch\/wp-content\/uploads\/bilder\/wb\/grafik_wb_2024_web_f-1024x727.jpg\" alt=\"\" class=\"wp-image-38544\" style=\"width:850px\" srcset=\"https:\/\/www.efk.admin.ch\/wp-content\/uploads\/bilder\/wb\/grafik_wb_2024_web_f-1024x727.jpg 1024w, https:\/\/www.efk.admin.ch\/wp-content\/uploads\/bilder\/wb\/grafik_wb_2024_web_f-300x213.jpg 300w, https:\/\/www.efk.admin.ch\/wp-content\/uploads\/bilder\/wb\/grafik_wb_2024_web_f-768x546.jpg 768w, https:\/\/www.efk.admin.ch\/wp-content\/uploads\/bilder\/wb\/grafik_wb_2024_web_f-1536x1091.jpg 1536w, https:\/\/www.efk.admin.ch\/wp-content\/uploads\/bilder\/wb\/grafik_wb_2024_web_f-2048x1455.jpg 2048w\" sizes=\"auto, (max-width: 1024px) 100vw, 1024px\" \/><\/figure>\n\n\n\n<div style=\"height:50px\" aria-hidden=\"true\" class=\"wp-block-spacer\"><\/div>\n\n\n\n<p>Afin de prot\u00e9ger les employ\u00e9s de la Conf\u00e9d\u00e9ration, la loi pr\u00e9cise qu\u2019ils ne doivent pas subir un d\u00e9savantage sur le plan professionnel pour avoir, de bonne foi, annonc\u00e9 une irr\u00e9gularit\u00e9.<\/p>\n\n\n\n<p>Dernier point r\u00e9jouissant \u00e0 relever&nbsp;: entre 2018 et 2022, le nombre de cellules de lanceurs d\u2019alerte au sein des administrations publiques a presque doubl\u00e9 \u00e0 l\u2019\u00e9chelle suisse. Pour plus d\u2019informations \u00e0 ce sujet, merci de consulter l\u2019\u00e9tude de la Haute \u00e9cole sp\u00e9cialis\u00e9e des Grisons, command\u00e9e par le CDF.<\/p>\n\n\n\n<p>L\u2019Office f\u00e9d\u00e9ral du personnel (OFPER) a publi\u00e9 une brochure sur la \u00ab<a href=\"https:\/\/res.cloudinary.com\/adminch\/image\/private\/s--lM4OaS7P--\/v1734073599\/Bundespublikationen\/862724091.pdf\" target=\"_blank\" rel=\"noreferrer noopener\">Pr\u00e9vention de la corruption et whistleblowing<\/a>\u00bb. Le vice-directeur du CDF Eric-Serge Jeannet a \u00e9galement publi\u00e9 un&nbsp;<a href=\"https:\/\/www.efk.admin.ch\/fr\/fachtexte\/lanceurs-dalerte-dans-ladministration-federale-un-imperatif-a-valeur-ajoutee\/\" target=\"_blank\" rel=\"noreferrer noopener\">article<\/a> \u00e0 ce sujet.<\/p>\n\n\n\n<h3 class=\"wp-block-heading\" id=\"h-sources-des-nbsp-denonciations-2024-sans-annonces-covid-19\">Sources des&nbsp;d\u00e9nonciations 2024 (sans annonces COVID-19)<\/h3>\n\n\n\n<figure class=\"wp-block-table\"><table class=\"has-fixed-layout\"><tbody><tr><td><strong><strong>Source<\/strong><\/strong><\/td><td><strong><strong><strong><strong>Part<\/strong><\/strong><\/strong><\/strong><\/td><\/tr><tr><td>Personnel de la Conf\u00e9d\u00e9ration<\/td><td>31 %<\/td><\/tr><tr><td>Personnes ext\u00e9rieures \u00e0 la Conf\u00e9d\u00e9ration<\/td><td>69 %<\/td><\/tr><tr><td>Annonces anonymes toute cat\u00e9gorie confondue<\/td><td>81 %<\/td><\/tr><\/tbody><\/table><\/figure>\n","protected":false},"excerpt":{"rendered":"<p>Soup\u00e7onnez-vous l\u2019existence d\u2019irr\u00e9gularit\u00e9s, d\u2019actes de corruption, d\u2019indiscr\u00e9tions ou d\u2019actions ill\u00e9gales\u00a0? Que vous soyez un employ\u00e9 de la Conf\u00e9d\u00e9ration ou un particulier, vous pouvez signaler au Contr\u00f4le f\u00e9d\u00e9ral des finances (CDF) tout soup\u00e7on d\u2019abus au sein de l\u2019administration f\u00e9d\u00e9rale, des entreprises li\u00e9es \u00e0 la Conf\u00e9d\u00e9ration ou chez les b\u00e9n\u00e9ficiaires de subventions. Une plateforme externe s\u00e9curis\u00e9e a [&hellip;]<\/p>\n","protected":false},"author":10,"featured_media":0,"parent":0,"menu_order":44,"comment_status":"closed","ping_status":"closed","template":"","meta":{"_acf_changed":false,"footnotes":""},"class_list":["post-30056","page","type-page","status-publish","hentry"],"acf":[],"yoast_head":"<!-- This site is optimized with the Yoast SEO Premium plugin v27.3 (Yoast SEO v27.3) - https:\/\/yoast.com\/product\/yoast-seo-premium-wordpress\/ -->\n<title>Lanceurs d\u2019alerte (whistleblowing) - Contr\u00f4le f\u00e9d\u00e9ral des finances (CDF)<\/title>\n<meta name=\"robots\" content=\"index, follow, max-snippet:-1, max-image-preview:large, max-video-preview:-1\" \/>\n<link rel=\"canonical\" href=\"https:\/\/www.efk.admin.ch\/fr\/lanceurs-dalerte-whistleblowing\/\" \/>\n<meta property=\"og:locale\" content=\"fr_FR\" \/>\n<meta property=\"og:type\" content=\"article\" \/>\n<meta property=\"og:title\" content=\"Lanceurs d\u2019alerte (whistleblowing)\" \/>\n<meta property=\"og:description\" content=\"Soup\u00e7onnez-vous l\u2019existence d\u2019irr\u00e9gularit\u00e9s, d\u2019actes de corruption, d\u2019indiscr\u00e9tions ou d\u2019actions ill\u00e9gales\u00a0? Que vous soyez un employ\u00e9 de la Conf\u00e9d\u00e9ration ou un particulier, vous pouvez signaler au Contr\u00f4le f\u00e9d\u00e9ral des finances (CDF) tout soup\u00e7on d\u2019abus au sein de l\u2019administration f\u00e9d\u00e9rale, des entreprises li\u00e9es \u00e0 la Conf\u00e9d\u00e9ration ou chez les b\u00e9n\u00e9ficiaires de subventions. Une plateforme externe s\u00e9curis\u00e9e a [&hellip;]\" \/>\n<meta property=\"og:url\" content=\"https:\/\/www.efk.admin.ch\/fr\/lanceurs-dalerte-whistleblowing\/\" \/>\n<meta property=\"og:site_name\" content=\"Contr\u00f4le f\u00e9d\u00e9ral des finances (CDF)\" \/>\n<meta property=\"article:modified_time\" content=\"2025-10-17T09:07:15+00:00\" \/>\n<meta property=\"og:image\" content=\"https:\/\/www.efk.admin.ch\/wp-content\/uploads\/bilder\/wb\/grafik_wb_2024_web_f.jpg\" \/>\n\t<meta property=\"og:image:width\" content=\"2084\" \/>\n\t<meta property=\"og:image:height\" content=\"1481\" \/>\n\t<meta property=\"og:image:type\" content=\"image\/jpeg\" \/>\n<meta name=\"twitter:card\" content=\"summary_large_image\" \/>\n<meta name=\"twitter:label1\" content=\"Dur\u00e9e de lecture estim\u00e9e\" \/>\n\t<meta name=\"twitter:data1\" content=\"3 minutes\" \/>\n<script type=\"application\/ld+json\" class=\"yoast-schema-graph\">{\"@context\":\"https:\\\/\\\/schema.org\",\"@graph\":[{\"@type\":\"WebPage\",\"@id\":\"https:\\\/\\\/www.efk.admin.ch\\\/fr\\\/lanceurs-dalerte-whistleblowing\\\/\",\"url\":\"https:\\\/\\\/www.efk.admin.ch\\\/fr\\\/lanceurs-dalerte-whistleblowing\\\/\",\"name\":\"Lanceurs d\u2019alerte (whistleblowing) - Contr\u00f4le f\u00e9d\u00e9ral des finances (CDF)\",\"isPartOf\":{\"@id\":\"https:\\\/\\\/www.efk.admin.ch\\\/fr\\\/#website\"},\"primaryImageOfPage\":{\"@id\":\"https:\\\/\\\/www.efk.admin.ch\\\/fr\\\/lanceurs-dalerte-whistleblowing\\\/#primaryimage\"},\"image\":{\"@id\":\"https:\\\/\\\/www.efk.admin.ch\\\/fr\\\/lanceurs-dalerte-whistleblowing\\\/#primaryimage\"},\"thumbnailUrl\":\"https:\\\/\\\/www.efk.admin.ch\\\/wp-content\\\/uploads\\\/bilder\\\/wb\\\/grafik_wb_2024_web_f-1024x727.jpg\",\"datePublished\":\"2024-04-10T13:47:38+00:00\",\"dateModified\":\"2025-10-17T09:07:15+00:00\",\"breadcrumb\":{\"@id\":\"https:\\\/\\\/www.efk.admin.ch\\\/fr\\\/lanceurs-dalerte-whistleblowing\\\/#breadcrumb\"},\"inLanguage\":\"fr-FR\",\"potentialAction\":[{\"@type\":\"ReadAction\",\"target\":[\"https:\\\/\\\/www.efk.admin.ch\\\/fr\\\/lanceurs-dalerte-whistleblowing\\\/\"]}]},{\"@type\":\"ImageObject\",\"inLanguage\":\"fr-FR\",\"@id\":\"https:\\\/\\\/www.efk.admin.ch\\\/fr\\\/lanceurs-dalerte-whistleblowing\\\/#primaryimage\",\"url\":\"https:\\\/\\\/www.efk.admin.ch\\\/wp-content\\\/uploads\\\/bilder\\\/wb\\\/grafik_wb_2024_web_f-1024x727.jpg\",\"contentUrl\":\"https:\\\/\\\/www.efk.admin.ch\\\/wp-content\\\/uploads\\\/bilder\\\/wb\\\/grafik_wb_2024_web_f-1024x727.jpg\"},{\"@type\":\"BreadcrumbList\",\"@id\":\"https:\\\/\\\/www.efk.admin.ch\\\/fr\\\/lanceurs-dalerte-whistleblowing\\\/#breadcrumb\",\"itemListElement\":[{\"@type\":\"ListItem\",\"position\":1,\"name\":\"Home\",\"item\":\"https:\\\/\\\/www.efk.admin.ch\\\/fr\\\/\"},{\"@type\":\"ListItem\",\"position\":2,\"name\":\"Lanceurs d\u2019alerte (whistleblowing)\"}]},{\"@type\":\"WebSite\",\"@id\":\"https:\\\/\\\/www.efk.admin.ch\\\/fr\\\/#website\",\"url\":\"https:\\\/\\\/www.efk.admin.ch\\\/fr\\\/\",\"name\":\"Informationen \u00fcber das oberste Finanzaufsichtsorgan der Schweiz\",\"description\":\"Le Contr\u00f4le f\u00e9d\u00e9ral des finances (CDF) est l'organe supr\u00eame de surveillance financi\u00e8re de la Conf\u00e9d\u00e9ration suisse.\",\"publisher\":{\"@id\":\"https:\\\/\\\/www.efk.admin.ch\\\/fr\\\/#organization\"},\"alternateName\":\"EFK\",\"potentialAction\":[{\"@type\":\"SearchAction\",\"target\":{\"@type\":\"EntryPoint\",\"urlTemplate\":\"https:\\\/\\\/www.efk.admin.ch\\\/fr\\\/?s={search_term_string}\"},\"query-input\":{\"@type\":\"PropertyValueSpecification\",\"valueRequired\":true,\"valueName\":\"search_term_string\"}}],\"inLanguage\":\"fr-FR\"},{\"@type\":\"Organization\",\"@id\":\"https:\\\/\\\/www.efk.admin.ch\\\/fr\\\/#organization\",\"name\":\"Contr\u00f4le f\u00e9d\u00e9ral des finances (CDF)\",\"alternateName\":\"EFK\",\"url\":\"https:\\\/\\\/www.efk.admin.ch\\\/fr\\\/\",\"logo\":{\"@type\":\"ImageObject\",\"inLanguage\":\"fr-FR\",\"@id\":\"https:\\\/\\\/www.efk.admin.ch\\\/fr\\\/#\\\/schema\\\/logo\\\/image\\\/\",\"url\":\"https:\\\/\\\/www.efk.admin.ch\\\/wp-content\\\/uploads\\\/efk_cdf_logo_ohne_claim.png\",\"contentUrl\":\"https:\\\/\\\/www.efk.admin.ch\\\/wp-content\\\/uploads\\\/efk_cdf_logo_ohne_claim.png\",\"width\":268,\"height\":258,\"caption\":\"Contr\u00f4le f\u00e9d\u00e9ral des finances (CDF)\"},\"image\":{\"@id\":\"https:\\\/\\\/www.efk.admin.ch\\\/fr\\\/#\\\/schema\\\/logo\\\/image\\\/\"},\"sameAs\":[\"https:\\\/\\\/www.instagram.com\\\/efk_cdf_sfao\\\/\",\"https:\\\/\\\/www.youtube.com\\\/channel\\\/UCm-bXj227VE5sJzhB-ihdvw\\\/featured\",\"https:\\\/\\\/www.linkedin.com\\\/company\\\/11081578\\\/\"]}]}<\/script>\n<!-- \/ Yoast SEO Premium plugin. -->","yoast_head_json":{"title":"Lanceurs d\u2019alerte (whistleblowing) - Contr\u00f4le f\u00e9d\u00e9ral des finances (CDF)","robots":{"index":"index","follow":"follow","max-snippet":"max-snippet:-1","max-image-preview":"max-image-preview:large","max-video-preview":"max-video-preview:-1"},"canonical":"https:\/\/www.efk.admin.ch\/fr\/lanceurs-dalerte-whistleblowing\/","og_locale":"fr_FR","og_type":"article","og_title":"Lanceurs d\u2019alerte (whistleblowing)","og_description":"Soup\u00e7onnez-vous l\u2019existence d\u2019irr\u00e9gularit\u00e9s, d\u2019actes de corruption, d\u2019indiscr\u00e9tions ou d\u2019actions ill\u00e9gales\u00a0? Que vous soyez un employ\u00e9 de la Conf\u00e9d\u00e9ration ou un particulier, vous pouvez signaler au Contr\u00f4le f\u00e9d\u00e9ral des finances (CDF) tout soup\u00e7on d\u2019abus au sein de l\u2019administration f\u00e9d\u00e9rale, des entreprises li\u00e9es \u00e0 la Conf\u00e9d\u00e9ration ou chez les b\u00e9n\u00e9ficiaires de subventions. Une plateforme externe s\u00e9curis\u00e9e a [&hellip;]","og_url":"https:\/\/www.efk.admin.ch\/fr\/lanceurs-dalerte-whistleblowing\/","og_site_name":"Contr\u00f4le f\u00e9d\u00e9ral des finances (CDF)","article_modified_time":"2025-10-17T09:07:15+00:00","og_image":[{"width":2084,"height":1481,"url":"https:\/\/www.efk.admin.ch\/wp-content\/uploads\/bilder\/wb\/grafik_wb_2024_web_f.jpg","type":"image\/jpeg"}],"twitter_card":"summary_large_image","twitter_misc":{"Dur\u00e9e de lecture estim\u00e9e":"3 minutes"},"schema":{"@context":"https:\/\/schema.org","@graph":[{"@type":"WebPage","@id":"https:\/\/www.efk.admin.ch\/fr\/lanceurs-dalerte-whistleblowing\/","url":"https:\/\/www.efk.admin.ch\/fr\/lanceurs-dalerte-whistleblowing\/","name":"Lanceurs d\u2019alerte (whistleblowing) - Contr\u00f4le f\u00e9d\u00e9ral des finances (CDF)","isPartOf":{"@id":"https:\/\/www.efk.admin.ch\/fr\/#website"},"primaryImageOfPage":{"@id":"https:\/\/www.efk.admin.ch\/fr\/lanceurs-dalerte-whistleblowing\/#primaryimage"},"image":{"@id":"https:\/\/www.efk.admin.ch\/fr\/lanceurs-dalerte-whistleblowing\/#primaryimage"},"thumbnailUrl":"https:\/\/www.efk.admin.ch\/wp-content\/uploads\/bilder\/wb\/grafik_wb_2024_web_f-1024x727.jpg","datePublished":"2024-04-10T13:47:38+00:00","dateModified":"2025-10-17T09:07:15+00:00","breadcrumb":{"@id":"https:\/\/www.efk.admin.ch\/fr\/lanceurs-dalerte-whistleblowing\/#breadcrumb"},"inLanguage":"fr-FR","potentialAction":[{"@type":"ReadAction","target":["https:\/\/www.efk.admin.ch\/fr\/lanceurs-dalerte-whistleblowing\/"]}]},{"@type":"ImageObject","inLanguage":"fr-FR","@id":"https:\/\/www.efk.admin.ch\/fr\/lanceurs-dalerte-whistleblowing\/#primaryimage","url":"https:\/\/www.efk.admin.ch\/wp-content\/uploads\/bilder\/wb\/grafik_wb_2024_web_f-1024x727.jpg","contentUrl":"https:\/\/www.efk.admin.ch\/wp-content\/uploads\/bilder\/wb\/grafik_wb_2024_web_f-1024x727.jpg"},{"@type":"BreadcrumbList","@id":"https:\/\/www.efk.admin.ch\/fr\/lanceurs-dalerte-whistleblowing\/#breadcrumb","itemListElement":[{"@type":"ListItem","position":1,"name":"Home","item":"https:\/\/www.efk.admin.ch\/fr\/"},{"@type":"ListItem","position":2,"name":"Lanceurs d\u2019alerte (whistleblowing)"}]},{"@type":"WebSite","@id":"https:\/\/www.efk.admin.ch\/fr\/#website","url":"https:\/\/www.efk.admin.ch\/fr\/","name":"Informationen \u00fcber das oberste Finanzaufsichtsorgan der Schweiz","description":"Le Contr\u00f4le f\u00e9d\u00e9ral des finances (CDF) est l'organe supr\u00eame de surveillance financi\u00e8re de la Conf\u00e9d\u00e9ration suisse.","publisher":{"@id":"https:\/\/www.efk.admin.ch\/fr\/#organization"},"alternateName":"EFK","potentialAction":[{"@type":"SearchAction","target":{"@type":"EntryPoint","urlTemplate":"https:\/\/www.efk.admin.ch\/fr\/?s={search_term_string}"},"query-input":{"@type":"PropertyValueSpecification","valueRequired":true,"valueName":"search_term_string"}}],"inLanguage":"fr-FR"},{"@type":"Organization","@id":"https:\/\/www.efk.admin.ch\/fr\/#organization","name":"Contr\u00f4le f\u00e9d\u00e9ral des finances (CDF)","alternateName":"EFK","url":"https:\/\/www.efk.admin.ch\/fr\/","logo":{"@type":"ImageObject","inLanguage":"fr-FR","@id":"https:\/\/www.efk.admin.ch\/fr\/#\/schema\/logo\/image\/","url":"https:\/\/www.efk.admin.ch\/wp-content\/uploads\/efk_cdf_logo_ohne_claim.png","contentUrl":"https:\/\/www.efk.admin.ch\/wp-content\/uploads\/efk_cdf_logo_ohne_claim.png","width":268,"height":258,"caption":"Contr\u00f4le f\u00e9d\u00e9ral des finances (CDF)"},"image":{"@id":"https:\/\/www.efk.admin.ch\/fr\/#\/schema\/logo\/image\/"},"sameAs":["https:\/\/www.instagram.com\/efk_cdf_sfao\/","https:\/\/www.youtube.com\/channel\/UCm-bXj227VE5sJzhB-ihdvw\/featured","https:\/\/www.linkedin.com\/company\/11081578\/"]}]}},"_links":{"self":[{"href":"https:\/\/www.efk.admin.ch\/fr\/wp-json\/wp\/v2\/pages\/30056","targetHints":{"allow":["GET"]}}],"collection":[{"href":"https:\/\/www.efk.admin.ch\/fr\/wp-json\/wp\/v2\/pages"}],"about":[{"href":"https:\/\/www.efk.admin.ch\/fr\/wp-json\/wp\/v2\/types\/page"}],"author":[{"embeddable":true,"href":"https:\/\/www.efk.admin.ch\/fr\/wp-json\/wp\/v2\/users\/10"}],"replies":[{"embeddable":true,"href":"https:\/\/www.efk.admin.ch\/fr\/wp-json\/wp\/v2\/comments?post=30056"}],"version-history":[{"count":20,"href":"https:\/\/www.efk.admin.ch\/fr\/wp-json\/wp\/v2\/pages\/30056\/revisions"}],"predecessor-version":[{"id":40546,"href":"https:\/\/www.efk.admin.ch\/fr\/wp-json\/wp\/v2\/pages\/30056\/revisions\/40546"}],"wp:attachment":[{"href":"https:\/\/www.efk.admin.ch\/fr\/wp-json\/wp\/v2\/media?parent=30056"}],"curies":[{"name":"wp","href":"https:\/\/api.w.org\/{rel}","templated":true}]}}