{"id":29098,"date":"2024-04-15T08:47:49","date_gmt":"2024-04-15T06:47:49","guid":{"rendered":"https:\/\/preview.efk.admin.ch\/transparenzvorschriften\/parteien-und-parteilose\/"},"modified":"2024-05-07T17:00:31","modified_gmt":"2024-05-07T15:00:31","slug":"partis-et-independants","status":"publish","type":"page","link":"https:\/\/www.efk.admin.ch\/fr\/regles-de-transparence\/partis-et-independants\/","title":{"rendered":"Partis et ind\u00e9pendants"},"content":{"rendered":"\n<h2 class=\"wp-block-heading\">Aper\u00e7u de l\u2019obligation de d\u00e9claration<\/h2>\n\n\n\n<figure class=\"wp-block-image size-large is-resized\"><img loading=\"lazy\" decoding=\"async\" width=\"1024\" height=\"767\" src=\"https:\/\/www.efk.admin.ch\/wp-content\/uploads\/bilder\/pofi\/schema_2_pofi_f-1-1024x767.jpg\" alt=\"\" class=\"wp-image-29927\" style=\"width:943px;height:auto\" srcset=\"https:\/\/www.efk.admin.ch\/wp-content\/uploads\/bilder\/pofi\/schema_2_pofi_f-1-1024x767.jpg 1024w, https:\/\/www.efk.admin.ch\/wp-content\/uploads\/bilder\/pofi\/schema_2_pofi_f-1-300x224.jpg 300w, https:\/\/www.efk.admin.ch\/wp-content\/uploads\/bilder\/pofi\/schema_2_pofi_f-1-768x576.jpg 768w, https:\/\/www.efk.admin.ch\/wp-content\/uploads\/bilder\/pofi\/schema_2_pofi_f-1-1536x1151.jpg 1536w, https:\/\/www.efk.admin.ch\/wp-content\/uploads\/bilder\/pofi\/schema_2_pofi_f-1-2048x1535.jpg 2048w\" sizes=\"auto, (max-width: 1024px) 100vw, 1024px\" \/><\/figure>\n\n\n<section class=\"links-block\">\n  <div class=\"links-block__wrapper\">\n    <div class=\"links-block__content\">\n\n                <h2 class=\"secondary-title links-block__title\">\n        Les d\u00e9clarations d\u00e9j\u00e0 publi\u00e9es        <\/h2>\n        \n                <div class=\"secondary-title links-block__description\">\n        <h3><span style=\"color: #000080;\">Le CDF publie les d\u00e9clarations au plus tard le 31 ao\u00fbt de l&#8217;ann\u00e9ee suivante.<\/span><\/h3>\n        <\/div>\n        \n        \n        <div class=\"links-block__files\">\n                        <div class=\"link\">\n            <a href=\"https:\/\/politikfinanzierung.efk.admin.ch\/app\/fr\/party-financings\" target=\"_blank\">\n                <p class=\"link__text\">Acc\u00e8s au registre \u00e9lectronique<\/p>\n                <div class=\"card__footer\">\n                <span class=\"tag-small\">Ouvrir<\/span>\n                <\/div>\n            <\/a>\n            <\/div>\n                        <div class=\"link\">\n            <a href=\"https:\/\/www.efk.admin.ch\/fr\/actualites-et-echeances\/\" target=\"_blank\">\n                <p class=\"link__text\">Voir les dates de publication actuelles<\/p>\n                <div class=\"card__footer\">\n                <span class=\"tag-small\">Ouvrir<\/span>\n                <\/div>\n            <\/a>\n            <\/div>\n                    <\/div>\n    <\/div>\n  <\/div>\n\n<\/section>\n\n\n<section class=\"blue-section cta-block\">\n  <div class=\"cta-block__wrapper\">\n                <h2 class=\"secondary-title cta-block__title\">\n            Faites-vous partie des personnes soumises \u00e0 l\u2019obligation de d\u00e9clarer et cherchez-vous des informations d\u00e9taill\u00e9es ?        <\/h2>\n        \n                <p class=\"cta-block__text\">Vous trouverez ici les principales r\u00e9ponses aux questions concernant l\u2019inscription, les d\u00e9clarations ainsi que les contr\u00f4les et les publications du CDF. Consultez la Q&#038;A pour des informations compl\u00e9mentaires.<\/p>\n        \n                <div class=\"cta-block__links\">\n                            <a href=\"https:\/\/www.efk.admin.ch\/fr\/taches-du-cdf\/\" class=\"btn btn--cta\" target=\"_blank\">R\u00e9ponses aux principales questions<\/a>\n                            <a href=\"https:\/\/www.efk.admin.ch\/fr\/qa-et-mode-d-emploi\/\" class=\"btn btn--cta\" target=\"_blank\">Vers la Q&#038;A<\/a>\n                    <\/div>\n        \n                    <svg xmlns=\"http:\/\/www.w3.org\/2000\/svg\" viewBox=\"0 0 366.98 366.98\" width=\"500\">\n  <path d=\"m0 0 101.9 348.78 71.12-117.45 135.65 135.65 29.16-29.16 29.16-29.16-135.64-135.65 117.45-71.12L0 0Z\"\n    style=\"stroke-width:0\" \/>\n<\/svg>          <\/div>\n<\/section>\n","protected":false},"excerpt":{"rendered":"<p>Aper\u00e7u de l\u2019obligation de d\u00e9claration<\/p>\n","protected":false},"author":14,"featured_media":676,"parent":29015,"menu_order":36,"comment_status":"closed","ping_status":"closed","template":"","meta":{"_acf_changed":false,"footnotes":""},"class_list":["post-29098","page","type-page","status-publish","has-post-thumbnail","hentry"],"acf":[],"yoast_head":"<!-- This site is optimized with the Yoast SEO Premium plugin v27.3 (Yoast SEO v27.3) - https:\/\/yoast.com\/product\/yoast-seo-premium-wordpress\/ -->\n<title>Partis et ind\u00e9pendants - Contr\u00f4le f\u00e9d\u00e9ral des finances (CDF)<\/title>\n<meta name=\"robots\" content=\"index, follow, max-snippet:-1, max-image-preview:large, max-video-preview:-1\" \/>\n<link rel=\"canonical\" href=\"https:\/\/www.efk.admin.ch\/fr\/regles-de-transparence\/partis-et-independants\/\" \/>\n<meta property=\"og:locale\" content=\"fr_FR\" \/>\n<meta property=\"og:type\" content=\"article\" \/>\n<meta property=\"og:title\" content=\"Partis et ind\u00e9pendants\" \/>\n<meta property=\"og:description\" content=\"Aper\u00e7u de l\u2019obligation de d\u00e9claration\" \/>\n<meta property=\"og:url\" content=\"https:\/\/www.efk.admin.ch\/fr\/regles-de-transparence\/partis-et-independants\/\" \/>\n<meta property=\"og:site_name\" content=\"Contr\u00f4le f\u00e9d\u00e9ral des finances (CDF)\" \/>\n<meta property=\"article:modified_time\" content=\"2024-05-07T15:00:31+00:00\" \/>\n<meta property=\"og:image\" content=\"https:\/\/www.efk.admin.ch\/wp-content\/uploads\/bilder\/pofi\/salle-palais-1.jpg\" \/>\n\t<meta property=\"og:image:width\" content=\"1200\" \/>\n\t<meta property=\"og:image:height\" content=\"755\" \/>\n\t<meta property=\"og:image:type\" content=\"image\/jpeg\" \/>\n<meta name=\"twitter:card\" content=\"summary_large_image\" \/>\n<script type=\"application\/ld+json\" class=\"yoast-schema-graph\">{\"@context\":\"https:\\\/\\\/schema.org\",\"@graph\":[{\"@type\":\"WebPage\",\"@id\":\"https:\\\/\\\/www.efk.admin.ch\\\/fr\\\/regles-de-transparence\\\/partis-et-independants\\\/\",\"url\":\"https:\\\/\\\/www.efk.admin.ch\\\/fr\\\/regles-de-transparence\\\/partis-et-independants\\\/\",\"name\":\"Partis et ind\u00e9pendants - Contr\u00f4le f\u00e9d\u00e9ral des finances (CDF)\",\"isPartOf\":{\"@id\":\"https:\\\/\\\/www.efk.admin.ch\\\/fr\\\/#website\"},\"primaryImageOfPage\":{\"@id\":\"https:\\\/\\\/www.efk.admin.ch\\\/fr\\\/regles-de-transparence\\\/partis-et-independants\\\/#primaryimage\"},\"image\":{\"@id\":\"https:\\\/\\\/www.efk.admin.ch\\\/fr\\\/regles-de-transparence\\\/partis-et-independants\\\/#primaryimage\"},\"thumbnailUrl\":\"https:\\\/\\\/www.efk.admin.ch\\\/wp-content\\\/uploads\\\/bilder\\\/pofi\\\/salle-palais-1.jpg\",\"datePublished\":\"2024-04-15T06:47:49+00:00\",\"dateModified\":\"2024-05-07T15:00:31+00:00\",\"breadcrumb\":{\"@id\":\"https:\\\/\\\/www.efk.admin.ch\\\/fr\\\/regles-de-transparence\\\/partis-et-independants\\\/#breadcrumb\"},\"inLanguage\":\"fr-FR\",\"potentialAction\":[{\"@type\":\"ReadAction\",\"target\":[\"https:\\\/\\\/www.efk.admin.ch\\\/fr\\\/regles-de-transparence\\\/partis-et-independants\\\/\"]}]},{\"@type\":\"ImageObject\",\"inLanguage\":\"fr-FR\",\"@id\":\"https:\\\/\\\/www.efk.admin.ch\\\/fr\\\/regles-de-transparence\\\/partis-et-independants\\\/#primaryimage\",\"url\":\"https:\\\/\\\/www.efk.admin.ch\\\/wp-content\\\/uploads\\\/bilder\\\/pofi\\\/salle-palais-1.jpg\",\"contentUrl\":\"https:\\\/\\\/www.efk.admin.ch\\\/wp-content\\\/uploads\\\/bilder\\\/pofi\\\/salle-palais-1.jpg\",\"width\":1200,\"height\":755},{\"@type\":\"BreadcrumbList\",\"@id\":\"https:\\\/\\\/www.efk.admin.ch\\\/fr\\\/regles-de-transparence\\\/partis-et-independants\\\/#breadcrumb\",\"itemListElement\":[{\"@type\":\"ListItem\",\"position\":1,\"name\":\"Home\",\"item\":\"https:\\\/\\\/www.efk.admin.ch\\\/fr\\\/\"},{\"@type\":\"ListItem\",\"position\":2,\"name\":\"R\u00e8gles de transparence\",\"item\":\"https:\\\/\\\/www.efk.admin.ch\\\/fr\\\/regles-de-transparence\\\/\"},{\"@type\":\"ListItem\",\"position\":3,\"name\":\"Partis et ind\u00e9pendants\"}]},{\"@type\":\"WebSite\",\"@id\":\"https:\\\/\\\/www.efk.admin.ch\\\/fr\\\/#website\",\"url\":\"https:\\\/\\\/www.efk.admin.ch\\\/fr\\\/\",\"name\":\"Informationen \u00fcber das oberste Finanzaufsichtsorgan der Schweiz\",\"description\":\"Le Contr\u00f4le f\u00e9d\u00e9ral des finances (CDF) est l'organe supr\u00eame de surveillance financi\u00e8re de la Conf\u00e9d\u00e9ration suisse.\",\"publisher\":{\"@id\":\"https:\\\/\\\/www.efk.admin.ch\\\/fr\\\/#organization\"},\"alternateName\":\"EFK\",\"potentialAction\":[{\"@type\":\"SearchAction\",\"target\":{\"@type\":\"EntryPoint\",\"urlTemplate\":\"https:\\\/\\\/www.efk.admin.ch\\\/fr\\\/?s={search_term_string}\"},\"query-input\":{\"@type\":\"PropertyValueSpecification\",\"valueRequired\":true,\"valueName\":\"search_term_string\"}}],\"inLanguage\":\"fr-FR\"},{\"@type\":\"Organization\",\"@id\":\"https:\\\/\\\/www.efk.admin.ch\\\/fr\\\/#organization\",\"name\":\"Contr\u00f4le f\u00e9d\u00e9ral des finances (CDF)\",\"alternateName\":\"EFK\",\"url\":\"https:\\\/\\\/www.efk.admin.ch\\\/fr\\\/\",\"logo\":{\"@type\":\"ImageObject\",\"inLanguage\":\"fr-FR\",\"@id\":\"https:\\\/\\\/www.efk.admin.ch\\\/fr\\\/#\\\/schema\\\/logo\\\/image\\\/\",\"url\":\"https:\\\/\\\/www.efk.admin.ch\\\/wp-content\\\/uploads\\\/efk_cdf_logo_ohne_claim.png\",\"contentUrl\":\"https:\\\/\\\/www.efk.admin.ch\\\/wp-content\\\/uploads\\\/efk_cdf_logo_ohne_claim.png\",\"width\":268,\"height\":258,\"caption\":\"Contr\u00f4le f\u00e9d\u00e9ral des finances (CDF)\"},\"image\":{\"@id\":\"https:\\\/\\\/www.efk.admin.ch\\\/fr\\\/#\\\/schema\\\/logo\\\/image\\\/\"},\"sameAs\":[\"https:\\\/\\\/www.instagram.com\\\/efk_cdf_sfao\\\/\",\"https:\\\/\\\/www.youtube.com\\\/channel\\\/UCm-bXj227VE5sJzhB-ihdvw\\\/featured\",\"https:\\\/\\\/www.linkedin.com\\\/company\\\/11081578\\\/\"]}]}<\/script>\n<!-- \/ Yoast SEO Premium plugin. -->","yoast_head_json":{"title":"Partis et ind\u00e9pendants - Contr\u00f4le f\u00e9d\u00e9ral des finances (CDF)","robots":{"index":"index","follow":"follow","max-snippet":"max-snippet:-1","max-image-preview":"max-image-preview:large","max-video-preview":"max-video-preview:-1"},"canonical":"https:\/\/www.efk.admin.ch\/fr\/regles-de-transparence\/partis-et-independants\/","og_locale":"fr_FR","og_type":"article","og_title":"Partis et ind\u00e9pendants","og_description":"Aper\u00e7u de l\u2019obligation de d\u00e9claration","og_url":"https:\/\/www.efk.admin.ch\/fr\/regles-de-transparence\/partis-et-independants\/","og_site_name":"Contr\u00f4le f\u00e9d\u00e9ral des finances (CDF)","article_modified_time":"2024-05-07T15:00:31+00:00","og_image":[{"width":1200,"height":755,"url":"https:\/\/www.efk.admin.ch\/wp-content\/uploads\/bilder\/pofi\/salle-palais-1.jpg","type":"image\/jpeg"}],"twitter_card":"summary_large_image","schema":{"@context":"https:\/\/schema.org","@graph":[{"@type":"WebPage","@id":"https:\/\/www.efk.admin.ch\/fr\/regles-de-transparence\/partis-et-independants\/","url":"https:\/\/www.efk.admin.ch\/fr\/regles-de-transparence\/partis-et-independants\/","name":"Partis et ind\u00e9pendants - Contr\u00f4le f\u00e9d\u00e9ral des finances (CDF)","isPartOf":{"@id":"https:\/\/www.efk.admin.ch\/fr\/#website"},"primaryImageOfPage":{"@id":"https:\/\/www.efk.admin.ch\/fr\/regles-de-transparence\/partis-et-independants\/#primaryimage"},"image":{"@id":"https:\/\/www.efk.admin.ch\/fr\/regles-de-transparence\/partis-et-independants\/#primaryimage"},"thumbnailUrl":"https:\/\/www.efk.admin.ch\/wp-content\/uploads\/bilder\/pofi\/salle-palais-1.jpg","datePublished":"2024-04-15T06:47:49+00:00","dateModified":"2024-05-07T15:00:31+00:00","breadcrumb":{"@id":"https:\/\/www.efk.admin.ch\/fr\/regles-de-transparence\/partis-et-independants\/#breadcrumb"},"inLanguage":"fr-FR","potentialAction":[{"@type":"ReadAction","target":["https:\/\/www.efk.admin.ch\/fr\/regles-de-transparence\/partis-et-independants\/"]}]},{"@type":"ImageObject","inLanguage":"fr-FR","@id":"https:\/\/www.efk.admin.ch\/fr\/regles-de-transparence\/partis-et-independants\/#primaryimage","url":"https:\/\/www.efk.admin.ch\/wp-content\/uploads\/bilder\/pofi\/salle-palais-1.jpg","contentUrl":"https:\/\/www.efk.admin.ch\/wp-content\/uploads\/bilder\/pofi\/salle-palais-1.jpg","width":1200,"height":755},{"@type":"BreadcrumbList","@id":"https:\/\/www.efk.admin.ch\/fr\/regles-de-transparence\/partis-et-independants\/#breadcrumb","itemListElement":[{"@type":"ListItem","position":1,"name":"Home","item":"https:\/\/www.efk.admin.ch\/fr\/"},{"@type":"ListItem","position":2,"name":"R\u00e8gles de transparence","item":"https:\/\/www.efk.admin.ch\/fr\/regles-de-transparence\/"},{"@type":"ListItem","position":3,"name":"Partis et ind\u00e9pendants"}]},{"@type":"WebSite","@id":"https:\/\/www.efk.admin.ch\/fr\/#website","url":"https:\/\/www.efk.admin.ch\/fr\/","name":"Informationen \u00fcber das oberste Finanzaufsichtsorgan der Schweiz","description":"Le Contr\u00f4le f\u00e9d\u00e9ral des finances (CDF) est l'organe supr\u00eame de surveillance financi\u00e8re de la Conf\u00e9d\u00e9ration suisse.","publisher":{"@id":"https:\/\/www.efk.admin.ch\/fr\/#organization"},"alternateName":"EFK","potentialAction":[{"@type":"SearchAction","target":{"@type":"EntryPoint","urlTemplate":"https:\/\/www.efk.admin.ch\/fr\/?s={search_term_string}"},"query-input":{"@type":"PropertyValueSpecification","valueRequired":true,"valueName":"search_term_string"}}],"inLanguage":"fr-FR"},{"@type":"Organization","@id":"https:\/\/www.efk.admin.ch\/fr\/#organization","name":"Contr\u00f4le f\u00e9d\u00e9ral des finances (CDF)","alternateName":"EFK","url":"https:\/\/www.efk.admin.ch\/fr\/","logo":{"@type":"ImageObject","inLanguage":"fr-FR","@id":"https:\/\/www.efk.admin.ch\/fr\/#\/schema\/logo\/image\/","url":"https:\/\/www.efk.admin.ch\/wp-content\/uploads\/efk_cdf_logo_ohne_claim.png","contentUrl":"https:\/\/www.efk.admin.ch\/wp-content\/uploads\/efk_cdf_logo_ohne_claim.png","width":268,"height":258,"caption":"Contr\u00f4le f\u00e9d\u00e9ral des finances (CDF)"},"image":{"@id":"https:\/\/www.efk.admin.ch\/fr\/#\/schema\/logo\/image\/"},"sameAs":["https:\/\/www.instagram.com\/efk_cdf_sfao\/","https:\/\/www.youtube.com\/channel\/UCm-bXj227VE5sJzhB-ihdvw\/featured","https:\/\/www.linkedin.com\/company\/11081578\/"]}]}},"_links":{"self":[{"href":"https:\/\/www.efk.admin.ch\/fr\/wp-json\/wp\/v2\/pages\/29098","targetHints":{"allow":["GET"]}}],"collection":[{"href":"https:\/\/www.efk.admin.ch\/fr\/wp-json\/wp\/v2\/pages"}],"about":[{"href":"https:\/\/www.efk.admin.ch\/fr\/wp-json\/wp\/v2\/types\/page"}],"author":[{"embeddable":true,"href":"https:\/\/www.efk.admin.ch\/fr\/wp-json\/wp\/v2\/users\/14"}],"replies":[{"embeddable":true,"href":"https:\/\/www.efk.admin.ch\/fr\/wp-json\/wp\/v2\/comments?post=29098"}],"version-history":[{"count":9,"href":"https:\/\/www.efk.admin.ch\/fr\/wp-json\/wp\/v2\/pages\/29098\/revisions"}],"predecessor-version":[{"id":29931,"href":"https:\/\/www.efk.admin.ch\/fr\/wp-json\/wp\/v2\/pages\/29098\/revisions\/29931"}],"up":[{"embeddable":true,"href":"https:\/\/www.efk.admin.ch\/fr\/wp-json\/wp\/v2\/pages\/29015"}],"wp:featuredmedia":[{"embeddable":true,"href":"https:\/\/www.efk.admin.ch\/fr\/wp-json\/wp\/v2\/media\/676"}],"wp:attachment":[{"href":"https:\/\/www.efk.admin.ch\/fr\/wp-json\/wp\/v2\/media?parent=29098"}],"curies":[{"name":"wp","href":"https:\/\/api.w.org\/{rel}","templated":true}]}}