{"id":29030,"date":"2024-04-08T14:35:56","date_gmt":"2024-04-08T12:35:56","guid":{"rendered":"https:\/\/preview.efk.admin.ch\/qa-und-handbuch\/"},"modified":"2026-03-13T09:32:19","modified_gmt":"2026-03-13T08:32:19","slug":"qa-et-mode-d-emploi","status":"publish","type":"page","link":"https:\/\/www.efk.admin.ch\/fr\/qa-et-mode-d-emploi\/","title":{"rendered":"Q&amp;A et mode d\u2019emploi"},"content":{"rendered":"<section class=\"downloads-block\">\n  <div class=\"downloads-block__wrapper\">\n    <div class=\"downloads-block__content\">\n            <h2 class=\"secondary-title downloads-block__title\">Questions et r\u00e9ponses<\/h2>\n                  <p class=\"downloads-block__text\">Cet aper\u00e7u contient des questions et des r\u00e9ponses sur la transparence du financement de la vie politique, tri\u00e9es selon les th\u00e8mes suivants : obligations des partis politiques ainsi que des d\u00e9put\u00e9es et d\u00e9put\u00e9s qui ne sont membres d\u2019aucun parti ; obligations des actrices et acteurs politiques qui font campagne ; lib\u00e9ralit\u00e9s mon\u00e9taires et non mon\u00e9taires ; proc\u00e9dure de d\u00e9claration ; contr\u00f4les, publication et archivage.<\/p>\n            <div class=\"downloads-block__files\">\n                <div class=\"file\">\n          <!-- if file has id -->\n                    <a class=\"download__file\" href=\"https:\/\/www.efk.admin.ch\/wp-content\/uploads\/bilder\/pofi\/qa\/2.4\/f-qa-transparence-du-financement-de-la-vie-politique-2.4.pdf\" target=\"_blank\">\n                        <!-- <svg xmlns=\"http:\/\/www.w3.org\/2000\/svg\" viewBox=\"0 0 42.33 56.45\" width=\"50\">\n  <path\n    d=\"m40.78 10.8-9.25-9.25A5.282 5.282 0 0 0 27.79 0H5.29C2.37 0 0 2.38 0 5.3v45.86c0 2.92 2.37 5.29 5.29 5.29h31.75c2.92 0 5.29-2.37 5.29-5.29V14.55c0-1.41-.56-2.76-1.55-3.75Zm-4.17 3.32h-8.39V5.73l8.39 8.39ZM5.29 51.16V5.3h17.64v11.47c0 1.46 1.17 2.64 2.63 2.65h11.47v31.75H5.29Zm27.58-15.84c-1.34-1.32-5.18-.96-7.1-.72a9.588 9.588 0 0 1-4.06-5.1c.43-1.77 1.11-4.48.6-6.17-.46-2.89-4.17-2.6-4.7-.65-.49 1.77-.04 4.24.77 7.4-1.16 2.8-2.46 5.54-3.9 8.2-2.2 1.13-5.18 2.89-5.62 5.09-.36 1.74 2.87 6.08 8.39-3.44 2.46-.92 4.98-1.66 7.54-2.22 1.89 1.07 3.99 1.71 6.15 1.87a2.546 2.546 0 0 0 1.93-4.27ZM11.03 43.9c.56-1.51 2.7-3.25 3.35-3.86-2.09 3.34-3.35 3.94-3.35 3.86Zm9-21.01c.82 0 .74 3.54.2 4.5-.49-1.54-.48-4.5-.2-4.5Zm-2.69 15.05c1.06-1.94 1.97-3.95 2.72-6.03a12.03 12.03 0 0 0 3.32 3.91c-2.07.53-4.09 1.24-6.04 2.12Zm14.51-.55s-.55.66-4.11-.86c3.86-.29 4.51.6 4.11.86Z\"\n    style=\"stroke-width:0\" \/>\n<\/svg> -->\n<svg  version=\"1.1\" viewBox=\"0 0 100 100\" xmlns=\"http:\/\/www.w3.org\/2000\/svg\">\n <path d=\"m21.594 0.73828c-4.1875 0-7.5938 3.3945-7.5938 7.5703v83.383c0 4.1758 3.4062 7.5742 7.5938 7.5742h56.812c4.1875-0.003906 7.5938-3.3984 7.5938-7.5742v-62.977c0-0.49219-0.19141-0.96094-0.53125-1.3164l-25.102-26.082c-0.35547-0.37109-0.84766-0.57812-1.3633-0.57812zm0 3.7891h34.09v24.633c0 1.0469 0.84766 1.8945 1.8945 1.8945h24.633v60.637c0 2.0859-1.707 3.7852-3.8047 3.7852h-56.816c-2.0977 0-3.8047-1.6953-3.8047-3.7852v-83.383c0-2.0859 1.707-3.7852 3.8047-3.7852zm37.879 1.3281 20.605 21.41h-20.605zm-10.242 23.156c-0.46875-0.003907-0.99609 0.054687-1.5859 0.19922-1.4844 0.37109-3.8711 1.8203-3.1914 7.3594 0.30078 2.4492 1.1992 5.5664 2.5273 8.9219-0.71484 2.2383-1.5078 4.5781-2.293 6.8789-0.73828 2.168-1.5 4.4062-2.1758 6.5195-0.54297 1.6953-1.043 3.2969-1.5117 4.8086-0.66016 2.1211-1.2578 4.043-1.8438 5.7852-10.129 5.7539-14.176 10.734-14.426 13.797-0.10156 1.2461 0.38672 2.3281 1.3359 2.9688 0.47656 0.32031 1.1602 0.59375 2.1094 0.59375 0.95312 0 2.1758-0.27344 3.7305-1.0508 5.4688-2.7344 8.0508-7.2539 10.352-13.699 1.9453-1.0625 4.1484-2.1758 6.6484-3.3281 3.9375-1.8164 7.293-2.9414 10.109-3.5977 3.2578 3.4219 6.7031 5.668 9.9375 5.668 3.5195 0 6-1.1641 6.8086-3.1875 0.59766-1.4961 0.14062-3.1562-1.2188-4.4453-1.9297-1.8281-5.3633-2.7695-9.6562-2.6445-1.4258 0.042968-2.9336 0.20312-4.5117 0.48047-3.5703-4.2852-7.0391-10.238-9.3672-15.715 2.3867-7.7031 3.2578-12.738 1.082-15.102-0.54297-0.58984-1.4453-1.1953-2.8555-1.2148zm-0.027344 3.7852c0.0625 0 0.097656 0.003906 0.097656 0 0.066407 0.082031 0.75781 1.0938-0.48438 6.3086-0.28125-1.0742-0.48828-2.082-0.59766-2.9961-0.28125-2.2734 0.12109-3.1641 0.34766-3.2227 0.32031-0.082031 0.52734-0.089844 0.63672-0.089844zm0.070313 17.848c1.957 3.9688 4.3711 7.9609 7 11.336-2.8555 0.79688-5.8672 1.9219-8.9648 3.3516-1.168 0.53906-2.2891 1.0742-3.3516 1.6055 0.21484-0.6875 0.43359-1.3906 0.66016-2.1094 0.46875-1.5039 0.96094-3.0938 1.5039-4.7773 0.66797-2.082 1.4258-4.3047 2.1562-6.457 0.34375-1.0156 0.67578-1.9961 0.99609-2.9492zm15.898 13.703c3.4023-0.054687 5.2578 0.70312 5.8281 0.99219 0.80859 0.40234 1.1172 0.79297 1.1992 0.95312-0.20312 0.22266-1.082 0.76172-3.2539 0.76172-1.6133 0-3.4414-0.98438-5.3281-2.625 0.55078-0.046876 1.0664-0.070313 1.5547-0.078126zm-28.344 11.012c-1.6055 3.2539-3.5508 5.5156-6.625 7.0508-0.67578 0.33984-1.1758 0.50391-1.5234 0.58203 0.58203-1.2734 2.707-4.0117 8.1484-7.6328z\"\/>\n<\/svg>\n                        <span>Q&#038;A (15.01.2025)<\/span>\n          <\/a>\n                  <\/div>\n              <\/div>\n    <\/div>\n  <\/div>\n<\/section>\n\n\n<section class=\"downloads-block\">\n  <div class=\"downloads-block__wrapper\">\n    <div class=\"downloads-block__content\">\n            <h2 class=\"secondary-title downloads-block__title\">Mode d&#8217;emploi pour les utilisatrices et utilisateurs<\/h2>\n                  <p class=\"downloads-block__text\">Le mode d\u2019emploi traite des questions techniques li\u00e9es au processus de connexion, qui n\u00e9cessite la mise en place d\u2019une authentification \u00e0 deux facteurs. En outre, la saisie d\u2019une d\u00e9claration dans le registre \u00e9lectronique est illustr\u00e9e \u00e0 l\u2019aide des recettes budg\u00e9tis\u00e9es et des lib\u00e9ralit\u00e9s de plus de 15 000 francs.<\/p>\n            <div class=\"downloads-block__files\">\n                <div class=\"file\">\n          <!-- if file has id -->\n                    <a class=\"download__file\" href=\"https:\/\/www.efk.admin.ch\/wp-content\/uploads\/bilder\/pofi\/handbuch-fur-benutzende\/registre-electronique_mode-demploi-pour-les-utilisatrices-et-utilisateurs_v2.2.pdf\" target=\"_blank\">\n                        <!-- <svg xmlns=\"http:\/\/www.w3.org\/2000\/svg\" viewBox=\"0 0 42.33 56.45\" width=\"50\">\n  <path\n    d=\"m40.78 10.8-9.25-9.25A5.282 5.282 0 0 0 27.79 0H5.29C2.37 0 0 2.38 0 5.3v45.86c0 2.92 2.37 5.29 5.29 5.29h31.75c2.92 0 5.29-2.37 5.29-5.29V14.55c0-1.41-.56-2.76-1.55-3.75Zm-4.17 3.32h-8.39V5.73l8.39 8.39ZM5.29 51.16V5.3h17.64v11.47c0 1.46 1.17 2.64 2.63 2.65h11.47v31.75H5.29Zm27.58-15.84c-1.34-1.32-5.18-.96-7.1-.72a9.588 9.588 0 0 1-4.06-5.1c.43-1.77 1.11-4.48.6-6.17-.46-2.89-4.17-2.6-4.7-.65-.49 1.77-.04 4.24.77 7.4-1.16 2.8-2.46 5.54-3.9 8.2-2.2 1.13-5.18 2.89-5.62 5.09-.36 1.74 2.87 6.08 8.39-3.44 2.46-.92 4.98-1.66 7.54-2.22 1.89 1.07 3.99 1.71 6.15 1.87a2.546 2.546 0 0 0 1.93-4.27ZM11.03 43.9c.56-1.51 2.7-3.25 3.35-3.86-2.09 3.34-3.35 3.94-3.35 3.86Zm9-21.01c.82 0 .74 3.54.2 4.5-.49-1.54-.48-4.5-.2-4.5Zm-2.69 15.05c1.06-1.94 1.97-3.95 2.72-6.03a12.03 12.03 0 0 0 3.32 3.91c-2.07.53-4.09 1.24-6.04 2.12Zm14.51-.55s-.55.66-4.11-.86c3.86-.29 4.51.6 4.11.86Z\"\n    style=\"stroke-width:0\" \/>\n<\/svg> -->\n<svg  version=\"1.1\" viewBox=\"0 0 100 100\" xmlns=\"http:\/\/www.w3.org\/2000\/svg\">\n <path d=\"m21.594 0.73828c-4.1875 0-7.5938 3.3945-7.5938 7.5703v83.383c0 4.1758 3.4062 7.5742 7.5938 7.5742h56.812c4.1875-0.003906 7.5938-3.3984 7.5938-7.5742v-62.977c0-0.49219-0.19141-0.96094-0.53125-1.3164l-25.102-26.082c-0.35547-0.37109-0.84766-0.57812-1.3633-0.57812zm0 3.7891h34.09v24.633c0 1.0469 0.84766 1.8945 1.8945 1.8945h24.633v60.637c0 2.0859-1.707 3.7852-3.8047 3.7852h-56.816c-2.0977 0-3.8047-1.6953-3.8047-3.7852v-83.383c0-2.0859 1.707-3.7852 3.8047-3.7852zm37.879 1.3281 20.605 21.41h-20.605zm-10.242 23.156c-0.46875-0.003907-0.99609 0.054687-1.5859 0.19922-1.4844 0.37109-3.8711 1.8203-3.1914 7.3594 0.30078 2.4492 1.1992 5.5664 2.5273 8.9219-0.71484 2.2383-1.5078 4.5781-2.293 6.8789-0.73828 2.168-1.5 4.4062-2.1758 6.5195-0.54297 1.6953-1.043 3.2969-1.5117 4.8086-0.66016 2.1211-1.2578 4.043-1.8438 5.7852-10.129 5.7539-14.176 10.734-14.426 13.797-0.10156 1.2461 0.38672 2.3281 1.3359 2.9688 0.47656 0.32031 1.1602 0.59375 2.1094 0.59375 0.95312 0 2.1758-0.27344 3.7305-1.0508 5.4688-2.7344 8.0508-7.2539 10.352-13.699 1.9453-1.0625 4.1484-2.1758 6.6484-3.3281 3.9375-1.8164 7.293-2.9414 10.109-3.5977 3.2578 3.4219 6.7031 5.668 9.9375 5.668 3.5195 0 6-1.1641 6.8086-3.1875 0.59766-1.4961 0.14062-3.1562-1.2188-4.4453-1.9297-1.8281-5.3633-2.7695-9.6562-2.6445-1.4258 0.042968-2.9336 0.20312-4.5117 0.48047-3.5703-4.2852-7.0391-10.238-9.3672-15.715 2.3867-7.7031 3.2578-12.738 1.082-15.102-0.54297-0.58984-1.4453-1.1953-2.8555-1.2148zm-0.027344 3.7852c0.0625 0 0.097656 0.003906 0.097656 0 0.066407 0.082031 0.75781 1.0938-0.48438 6.3086-0.28125-1.0742-0.48828-2.082-0.59766-2.9961-0.28125-2.2734 0.12109-3.1641 0.34766-3.2227 0.32031-0.082031 0.52734-0.089844 0.63672-0.089844zm0.070313 17.848c1.957 3.9688 4.3711 7.9609 7 11.336-2.8555 0.79688-5.8672 1.9219-8.9648 3.3516-1.168 0.53906-2.2891 1.0742-3.3516 1.6055 0.21484-0.6875 0.43359-1.3906 0.66016-2.1094 0.46875-1.5039 0.96094-3.0938 1.5039-4.7773 0.66797-2.082 1.4258-4.3047 2.1562-6.457 0.34375-1.0156 0.67578-1.9961 0.99609-2.9492zm15.898 13.703c3.4023-0.054687 5.2578 0.70312 5.8281 0.99219 0.80859 0.40234 1.1172 0.79297 1.1992 0.95312-0.20312 0.22266-1.082 0.76172-3.2539 0.76172-1.6133 0-3.4414-0.98438-5.3281-2.625 0.55078-0.046876 1.0664-0.070313 1.5547-0.078126zm-28.344 11.012c-1.6055 3.2539-3.5508 5.5156-6.625 7.0508-0.67578 0.33984-1.1758 0.50391-1.5234 0.58203 0.58203-1.2734 2.707-4.0117 8.1484-7.6328z\"\/>\n<\/svg>\n                        <span>Registre \u00e9lectronique : mode d&#8217;emploi pour les utilisatrices et utilisateurs<\/span>\n          <\/a>\n                  <\/div>\n              <\/div>\n    <\/div>\n  <\/div>\n<\/section>\n\n\n<section class=\"downloads-block\">\n  <div class=\"downloads-block__wrapper\">\n    <div class=\"downloads-block__content\">\n            <h2 class=\"secondary-title downloads-block__title\">Campagnes communes<\/h2>\n                  <p class=\"downloads-block__text\">Quand une campagne est-elle consid\u00e9r\u00e9e comme une \u00ab campagne commune \u00bb au sens de l\u2019art. 76c, al. 4 LDP ? Pr\u00e9cision de l\u2019Office f\u00e9d\u00e9ral de la justice.<\/p>\n            <div class=\"downloads-block__files\">\n                <div class=\"file\">\n          <!-- if file has id -->\n                    <a class=\"download__file\" href=\"https:\/\/www.efk.admin.ch\/wp-content\/uploads\/bilder\/pofi\/gemeinsame-kampagne\/grundsatzdokument-gemeinsame-kampagne-gemaess-art_76c-abs_4-bpr_f.pdf\" target=\"_blank\">\n                        <!-- <svg xmlns=\"http:\/\/www.w3.org\/2000\/svg\" viewBox=\"0 0 42.33 56.45\" width=\"50\">\n  <path\n    d=\"m40.78 10.8-9.25-9.25A5.282 5.282 0 0 0 27.79 0H5.29C2.37 0 0 2.38 0 5.3v45.86c0 2.92 2.37 5.29 5.29 5.29h31.75c2.92 0 5.29-2.37 5.29-5.29V14.55c0-1.41-.56-2.76-1.55-3.75Zm-4.17 3.32h-8.39V5.73l8.39 8.39ZM5.29 51.16V5.3h17.64v11.47c0 1.46 1.17 2.64 2.63 2.65h11.47v31.75H5.29Zm27.58-15.84c-1.34-1.32-5.18-.96-7.1-.72a9.588 9.588 0 0 1-4.06-5.1c.43-1.77 1.11-4.48.6-6.17-.46-2.89-4.17-2.6-4.7-.65-.49 1.77-.04 4.24.77 7.4-1.16 2.8-2.46 5.54-3.9 8.2-2.2 1.13-5.18 2.89-5.62 5.09-.36 1.74 2.87 6.08 8.39-3.44 2.46-.92 4.98-1.66 7.54-2.22 1.89 1.07 3.99 1.71 6.15 1.87a2.546 2.546 0 0 0 1.93-4.27ZM11.03 43.9c.56-1.51 2.7-3.25 3.35-3.86-2.09 3.34-3.35 3.94-3.35 3.86Zm9-21.01c.82 0 .74 3.54.2 4.5-.49-1.54-.48-4.5-.2-4.5Zm-2.69 15.05c1.06-1.94 1.97-3.95 2.72-6.03a12.03 12.03 0 0 0 3.32 3.91c-2.07.53-4.09 1.24-6.04 2.12Zm14.51-.55s-.55.66-4.11-.86c3.86-.29 4.51.6 4.11.86Z\"\n    style=\"stroke-width:0\" \/>\n<\/svg> -->\n<svg  version=\"1.1\" viewBox=\"0 0 100 100\" xmlns=\"http:\/\/www.w3.org\/2000\/svg\">\n <path d=\"m21.594 0.73828c-4.1875 0-7.5938 3.3945-7.5938 7.5703v83.383c0 4.1758 3.4062 7.5742 7.5938 7.5742h56.812c4.1875-0.003906 7.5938-3.3984 7.5938-7.5742v-62.977c0-0.49219-0.19141-0.96094-0.53125-1.3164l-25.102-26.082c-0.35547-0.37109-0.84766-0.57812-1.3633-0.57812zm0 3.7891h34.09v24.633c0 1.0469 0.84766 1.8945 1.8945 1.8945h24.633v60.637c0 2.0859-1.707 3.7852-3.8047 3.7852h-56.816c-2.0977 0-3.8047-1.6953-3.8047-3.7852v-83.383c0-2.0859 1.707-3.7852 3.8047-3.7852zm37.879 1.3281 20.605 21.41h-20.605zm-10.242 23.156c-0.46875-0.003907-0.99609 0.054687-1.5859 0.19922-1.4844 0.37109-3.8711 1.8203-3.1914 7.3594 0.30078 2.4492 1.1992 5.5664 2.5273 8.9219-0.71484 2.2383-1.5078 4.5781-2.293 6.8789-0.73828 2.168-1.5 4.4062-2.1758 6.5195-0.54297 1.6953-1.043 3.2969-1.5117 4.8086-0.66016 2.1211-1.2578 4.043-1.8438 5.7852-10.129 5.7539-14.176 10.734-14.426 13.797-0.10156 1.2461 0.38672 2.3281 1.3359 2.9688 0.47656 0.32031 1.1602 0.59375 2.1094 0.59375 0.95312 0 2.1758-0.27344 3.7305-1.0508 5.4688-2.7344 8.0508-7.2539 10.352-13.699 1.9453-1.0625 4.1484-2.1758 6.6484-3.3281 3.9375-1.8164 7.293-2.9414 10.109-3.5977 3.2578 3.4219 6.7031 5.668 9.9375 5.668 3.5195 0 6-1.1641 6.8086-3.1875 0.59766-1.4961 0.14062-3.1562-1.2188-4.4453-1.9297-1.8281-5.3633-2.7695-9.6562-2.6445-1.4258 0.042968-2.9336 0.20312-4.5117 0.48047-3.5703-4.2852-7.0391-10.238-9.3672-15.715 2.3867-7.7031 3.2578-12.738 1.082-15.102-0.54297-0.58984-1.4453-1.1953-2.8555-1.2148zm-0.027344 3.7852c0.0625 0 0.097656 0.003906 0.097656 0 0.066407 0.082031 0.75781 1.0938-0.48438 6.3086-0.28125-1.0742-0.48828-2.082-0.59766-2.9961-0.28125-2.2734 0.12109-3.1641 0.34766-3.2227 0.32031-0.082031 0.52734-0.089844 0.63672-0.089844zm0.070313 17.848c1.957 3.9688 4.3711 7.9609 7 11.336-2.8555 0.79688-5.8672 1.9219-8.9648 3.3516-1.168 0.53906-2.2891 1.0742-3.3516 1.6055 0.21484-0.6875 0.43359-1.3906 0.66016-2.1094 0.46875-1.5039 0.96094-3.0938 1.5039-4.7773 0.66797-2.082 1.4258-4.3047 2.1562-6.457 0.34375-1.0156 0.67578-1.9961 0.99609-2.9492zm15.898 13.703c3.4023-0.054687 5.2578 0.70312 5.8281 0.99219 0.80859 0.40234 1.1172 0.79297 1.1992 0.95312-0.20312 0.22266-1.082 0.76172-3.2539 0.76172-1.6133 0-3.4414-0.98438-5.3281-2.625 0.55078-0.046876 1.0664-0.070313 1.5547-0.078126zm-28.344 11.012c-1.6055 3.2539-3.5508 5.5156-6.625 7.0508-0.67578 0.33984-1.1758 0.50391-1.5234 0.58203 0.58203-1.2734 2.707-4.0117 8.1484-7.6328z\"\/>\n<\/svg>\n                        <span>Campagnes communes (OFJ)<\/span>\n          <\/a>\n                  <\/div>\n                <div class=\"file\">\n          <!-- if file has id -->\n                    <a class=\"download__file\" href=\"https:\/\/www.efk.admin.ch\/wp-content\/uploads\/bilder\/pofi\/beispiel-absichtserklaerung\/example_declaration-dintention-relative-a-la-creation-dune-societe-simple-campagne-commune.docx\" target=\"_blank\">\n                        <svg  version=\"1.1\" viewBox=\"0 0 100 100\" xmlns=\"http:\/\/www.w3.org\/2000\/svg\">\n <path d=\"m32.176 1.1836c-4.1484 0-7.5234 3.375-7.5234 7.5195v26.273h-15.023c-3.1055 0-5.6289 2.5234-5.6289 5.6289v28.172c0 3.1016 2.5234 5.6289 5.6289 5.6289h15.023v16.898c0 4.1406 3.375 7.5078 7.5234 7.5078h56.297c4.1523 0.003906 7.5273-3.3633 7.5273-7.5v-62.406c0-0.48438-0.1875-0.95312-0.52344-1.3008l-24.875-25.848c-0.35547-0.36719-0.84375-0.57422-1.3516-0.57422zm0 3.7539h33.781v24.406c0 1.0352 0.83984 1.8789 1.8789 1.8789h24.406v60.09c0 2.0664-1.6914 3.75-3.7695 3.75h-56.297c-2.0781 0-3.7695-1.6836-3.7695-3.7539v-16.902h31.922c3.1055 0 5.6289-2.5234 5.6289-5.6289v-28.172c0-3.1016-2.5234-5.6289-5.6289-5.6289h-31.922v-26.273c0-2.0781 1.6914-3.7656 3.7695-3.7656zm37.535 1.3125 20.418 21.219h-20.418zm-60.082 32.484h50.699c1.0352 0 1.875 0.83984 1.875 1.8711v28.172c0 1.0312-0.83984 1.8711-1.875 1.8711h-50.699c-1.0352 0-1.875-0.83984-1.875-1.8711v-28.172c0-1.0312 0.83984-1.8711 1.875-1.8711zm26.93 8.0039c-1.3125 0-2.4727 0.21094-3.4766 0.63672-0.75391 0.31641-1.4492 0.80078-2.0859 1.4531-0.63281 0.65234-1.1367 1.3906-1.5039 2.2109-0.49219 1.1133-0.73828 2.4922-0.73828 4.1367 0 2.5664 0.70703 4.582 2.1211 6.0469s3.3242 2.1953 5.7227 2.1953c2.3672 0 4.2617-0.73438 5.6758-2.207 1.4141-1.4688 2.1211-3.5078 2.1211-6.1133 0-2.625-0.71484-4.6758-2.1406-6.1484-1.4258-1.4727-3.3281-2.2109-5.7031-2.2109zm17.359 0c-2.2578 0-4.082 0.74219-5.4688 2.2266s-2.0781 3.5703-2.0781 6.2539c0 2.5391 0.69141 4.5391 2.0703 6 1.3789 1.4648 3.1406 2.1953 5.2812 2.1953 1.7305 0 3.1602-0.42578 4.2852-1.2812 1.125-0.85547 1.9297-2.1602 2.4141-3.9219l-3.1562-1c-0.27344 1.1797-0.71875 2.0469-1.3438 2.5977-0.625 0.55078-1.3672 0.82422-2.2344 0.82422-1.1719 0-2.125-0.43359-2.8594-1.2969-0.73438-0.86719-1.1016-2.3164-1.1016-4.3555 0-1.9219 0.37109-3.3125 1.1172-4.168 0.74609-0.85938 1.7148-1.2891 2.9102-1.2891 0.86719 0 1.6016 0.24219 2.207 0.72656 0.60547 0.48438 1.0039 1.1445 1.1953 1.9805l3.2227-0.76953c-0.36719-1.2891-0.91797-2.2812-1.6484-2.9688-1.2305-1.1641-2.8359-1.75-4.8086-1.75zm-40.781 0.27344v16.129h6.1289c1.2031 0 2.1641-0.11328 2.8828-0.33984 0.96094-0.30859 1.7227-0.73828 2.2891-1.2852 0.75-0.72656 1.3242-1.6758 1.7266-2.8477 0.32813-0.96094 0.49609-2.1055 0.49609-3.4336 0-1.5117-0.17578-2.7812-0.52734-3.8125-0.35547-1.0312-0.86719-1.9023-1.543-2.6133-0.67188-0.71094-1.4844-1.207-2.4297-1.4844-0.70312-0.20703-1.7266-0.30859-3.0703-0.30859h-5.9531zm23.453 2.5078c1.3438 0 2.418 0.45312 3.2305 1.3633 0.8125 0.91016 1.2148 2.2891 1.2148 4.1367 0 1.8711-0.41406 3.2734-1.25 4.207-0.83203 0.93359-1.8984 1.4023-3.1953 1.4023s-2.3672-0.47266-3.2109-1.4141-1.2656-2.3281-1.2656-4.1523c0-1.8555 0.41016-3.2422 1.2305-4.1641 0.82031-0.92188 1.9023-1.3828 3.2461-1.3828zm-20.199 0.21875h1.4648c1.3281 0 2.2188 0.050781 2.6719 0.15234 0.60938 0.13281 1.1094 0.38672 1.5078 0.75781 0.39453 0.375 0.70312 0.89453 0.92578 1.5625 0.21875 0.66797 0.33203 1.625 0.33203 2.8711 0 1.2461-0.10938 2.2305-0.33203 2.9531-0.21875 0.72266-0.50391 1.2422-0.85156 1.5547-0.34766 0.31641-0.78516 0.53906-1.3164 0.67188-0.40234 0.10156-1.0586 0.15234-1.9688 0.15234h-2.4297v-10.684z\"\/>\n<\/svg>\n                        <span>Example D\u00e9claration d\u2019intention relative \u00e0 la cr\u00e9ation d\u2019une soci\u00e9t\u00e9 simple (campagne commune)<\/span>\n          <\/a>\n                  <\/div>\n              <\/div>\n    <\/div>\n  <\/div>\n<\/section>\n","protected":false},"excerpt":{"rendered":"","protected":false},"author":14,"featured_media":0,"parent":0,"menu_order":46,"comment_status":"closed","ping_status":"closed","template":"","meta":{"_acf_changed":false,"footnotes":""},"class_list":["post-29030","page","type-page","status-publish","hentry"],"acf":[],"yoast_head":"<!-- This site is optimized with the Yoast SEO Premium plugin v27.2 (Yoast SEO v27.2) - https:\/\/yoast.com\/product\/yoast-seo-premium-wordpress\/ -->\n<title>Q&amp;A et mode d\u2019emploi - Contr\u00f4le f\u00e9d\u00e9ral des finances (CDF)<\/title>\n<meta name=\"robots\" content=\"index, follow, max-snippet:-1, max-image-preview:large, max-video-preview:-1\" \/>\n<link rel=\"canonical\" href=\"https:\/\/www.efk.admin.ch\/fr\/qa-et-mode-d-emploi\/\" \/>\n<meta property=\"og:locale\" content=\"fr_FR\" \/>\n<meta property=\"og:type\" content=\"article\" \/>\n<meta property=\"og:title\" content=\"Q&amp;A et mode d\u2019emploi\" \/>\n<meta property=\"og:url\" content=\"https:\/\/www.efk.admin.ch\/fr\/qa-et-mode-d-emploi\/\" \/>\n<meta property=\"og:site_name\" content=\"Contr\u00f4le f\u00e9d\u00e9ral des finances (CDF)\" \/>\n<meta property=\"article:modified_time\" content=\"2026-03-13T08:32:19+00:00\" \/>\n<meta property=\"og:image\" content=\"https:\/\/www.efk.admin.ch\/wp-content\/uploads\/test\/palais.jpg\" \/>\n\t<meta property=\"og:image:width\" content=\"750\" \/>\n\t<meta property=\"og:image:height\" content=\"500\" \/>\n\t<meta property=\"og:image:type\" content=\"image\/jpeg\" \/>\n<meta name=\"twitter:card\" content=\"summary_large_image\" \/>\n<script type=\"application\/ld+json\" class=\"yoast-schema-graph\">{\"@context\":\"https:\/\/schema.org\",\"@graph\":[{\"@type\":\"WebPage\",\"@id\":\"https:\/\/www.efk.admin.ch\/fr\/qa-et-mode-d-emploi\/\",\"url\":\"https:\/\/www.efk.admin.ch\/fr\/qa-et-mode-d-emploi\/\",\"name\":\"Q&amp;A et mode d\u2019emploi - Contr\u00f4le f\u00e9d\u00e9ral des finances (CDF)\",\"isPartOf\":{\"@id\":\"https:\/\/www.efk.admin.ch\/fr\/#website\"},\"datePublished\":\"2024-04-08T12:35:56+00:00\",\"dateModified\":\"2026-03-13T08:32:19+00:00\",\"breadcrumb\":{\"@id\":\"https:\/\/www.efk.admin.ch\/fr\/qa-et-mode-d-emploi\/#breadcrumb\"},\"inLanguage\":\"fr-FR\",\"potentialAction\":[{\"@type\":\"ReadAction\",\"target\":[\"https:\/\/www.efk.admin.ch\/fr\/qa-et-mode-d-emploi\/\"]}]},{\"@type\":\"BreadcrumbList\",\"@id\":\"https:\/\/www.efk.admin.ch\/fr\/qa-et-mode-d-emploi\/#breadcrumb\",\"itemListElement\":[{\"@type\":\"ListItem\",\"position\":1,\"name\":\"Home\",\"item\":\"https:\/\/www.efk.admin.ch\/fr\/\"},{\"@type\":\"ListItem\",\"position\":2,\"name\":\"Q&amp;A et mode d\u2019emploi\"}]},{\"@type\":\"WebSite\",\"@id\":\"https:\/\/www.efk.admin.ch\/fr\/#website\",\"url\":\"https:\/\/www.efk.admin.ch\/fr\/\",\"name\":\"Informationen \u00fcber das oberste Finanzaufsichtsorgan der Schweiz\",\"description\":\"Le Contr\u00f4le f\u00e9d\u00e9ral des finances (CDF) est l'organe supr\u00eame de surveillance financi\u00e8re de la Conf\u00e9d\u00e9ration suisse.\",\"publisher\":{\"@id\":\"https:\/\/www.efk.admin.ch\/fr\/#organization\"},\"alternateName\":\"EFK\",\"potentialAction\":[{\"@type\":\"SearchAction\",\"target\":{\"@type\":\"EntryPoint\",\"urlTemplate\":\"https:\/\/www.efk.admin.ch\/fr\/?s={search_term_string}\"},\"query-input\":{\"@type\":\"PropertyValueSpecification\",\"valueRequired\":true,\"valueName\":\"search_term_string\"}}],\"inLanguage\":\"fr-FR\"},{\"@type\":\"Organization\",\"@id\":\"https:\/\/www.efk.admin.ch\/fr\/#organization\",\"name\":\"Contr\u00f4le f\u00e9d\u00e9ral des finances (CDF)\",\"alternateName\":\"EFK\",\"url\":\"https:\/\/www.efk.admin.ch\/fr\/\",\"logo\":{\"@type\":\"ImageObject\",\"inLanguage\":\"fr-FR\",\"@id\":\"https:\/\/www.efk.admin.ch\/fr\/#\/schema\/logo\/image\/\",\"url\":\"https:\/\/www.efk.admin.ch\/wp-content\/uploads\/efk_cdf_logo_ohne_claim.png\",\"contentUrl\":\"https:\/\/www.efk.admin.ch\/wp-content\/uploads\/efk_cdf_logo_ohne_claim.png\",\"width\":268,\"height\":258,\"caption\":\"Contr\u00f4le f\u00e9d\u00e9ral des finances (CDF)\"},\"image\":{\"@id\":\"https:\/\/www.efk.admin.ch\/fr\/#\/schema\/logo\/image\/\"},\"sameAs\":[\"https:\/\/www.instagram.com\/efk_cdf_sfao\/\",\"https:\/\/www.youtube.com\/channel\/UCm-bXj227VE5sJzhB-ihdvw\/featured\",\"https:\/\/www.linkedin.com\/company\/11081578\/\"]}]}<\/script>\n<!-- \/ Yoast SEO Premium plugin. -->","yoast_head_json":{"title":"Q&amp;A et mode d\u2019emploi - Contr\u00f4le f\u00e9d\u00e9ral des finances (CDF)","robots":{"index":"index","follow":"follow","max-snippet":"max-snippet:-1","max-image-preview":"max-image-preview:large","max-video-preview":"max-video-preview:-1"},"canonical":"https:\/\/www.efk.admin.ch\/fr\/qa-et-mode-d-emploi\/","og_locale":"fr_FR","og_type":"article","og_title":"Q&amp;A et mode d\u2019emploi","og_url":"https:\/\/www.efk.admin.ch\/fr\/qa-et-mode-d-emploi\/","og_site_name":"Contr\u00f4le f\u00e9d\u00e9ral des finances (CDF)","article_modified_time":"2026-03-13T08:32:19+00:00","og_image":[{"width":750,"height":500,"url":"https:\/\/www.efk.admin.ch\/wp-content\/uploads\/test\/palais.jpg","type":"image\/jpeg"}],"twitter_card":"summary_large_image","schema":{"@context":"https:\/\/schema.org","@graph":[{"@type":"WebPage","@id":"https:\/\/www.efk.admin.ch\/fr\/qa-et-mode-d-emploi\/","url":"https:\/\/www.efk.admin.ch\/fr\/qa-et-mode-d-emploi\/","name":"Q&amp;A et mode d\u2019emploi - Contr\u00f4le f\u00e9d\u00e9ral des finances (CDF)","isPartOf":{"@id":"https:\/\/www.efk.admin.ch\/fr\/#website"},"datePublished":"2024-04-08T12:35:56+00:00","dateModified":"2026-03-13T08:32:19+00:00","breadcrumb":{"@id":"https:\/\/www.efk.admin.ch\/fr\/qa-et-mode-d-emploi\/#breadcrumb"},"inLanguage":"fr-FR","potentialAction":[{"@type":"ReadAction","target":["https:\/\/www.efk.admin.ch\/fr\/qa-et-mode-d-emploi\/"]}]},{"@type":"BreadcrumbList","@id":"https:\/\/www.efk.admin.ch\/fr\/qa-et-mode-d-emploi\/#breadcrumb","itemListElement":[{"@type":"ListItem","position":1,"name":"Home","item":"https:\/\/www.efk.admin.ch\/fr\/"},{"@type":"ListItem","position":2,"name":"Q&amp;A et mode d\u2019emploi"}]},{"@type":"WebSite","@id":"https:\/\/www.efk.admin.ch\/fr\/#website","url":"https:\/\/www.efk.admin.ch\/fr\/","name":"Informationen \u00fcber das oberste Finanzaufsichtsorgan der Schweiz","description":"Le Contr\u00f4le f\u00e9d\u00e9ral des finances (CDF) est l'organe supr\u00eame de surveillance financi\u00e8re de la Conf\u00e9d\u00e9ration suisse.","publisher":{"@id":"https:\/\/www.efk.admin.ch\/fr\/#organization"},"alternateName":"EFK","potentialAction":[{"@type":"SearchAction","target":{"@type":"EntryPoint","urlTemplate":"https:\/\/www.efk.admin.ch\/fr\/?s={search_term_string}"},"query-input":{"@type":"PropertyValueSpecification","valueRequired":true,"valueName":"search_term_string"}}],"inLanguage":"fr-FR"},{"@type":"Organization","@id":"https:\/\/www.efk.admin.ch\/fr\/#organization","name":"Contr\u00f4le f\u00e9d\u00e9ral des finances (CDF)","alternateName":"EFK","url":"https:\/\/www.efk.admin.ch\/fr\/","logo":{"@type":"ImageObject","inLanguage":"fr-FR","@id":"https:\/\/www.efk.admin.ch\/fr\/#\/schema\/logo\/image\/","url":"https:\/\/www.efk.admin.ch\/wp-content\/uploads\/efk_cdf_logo_ohne_claim.png","contentUrl":"https:\/\/www.efk.admin.ch\/wp-content\/uploads\/efk_cdf_logo_ohne_claim.png","width":268,"height":258,"caption":"Contr\u00f4le f\u00e9d\u00e9ral des finances (CDF)"},"image":{"@id":"https:\/\/www.efk.admin.ch\/fr\/#\/schema\/logo\/image\/"},"sameAs":["https:\/\/www.instagram.com\/efk_cdf_sfao\/","https:\/\/www.youtube.com\/channel\/UCm-bXj227VE5sJzhB-ihdvw\/featured","https:\/\/www.linkedin.com\/company\/11081578\/"]}]}},"_links":{"self":[{"href":"https:\/\/www.efk.admin.ch\/fr\/wp-json\/wp\/v2\/pages\/29030","targetHints":{"allow":["GET"]}}],"collection":[{"href":"https:\/\/www.efk.admin.ch\/fr\/wp-json\/wp\/v2\/pages"}],"about":[{"href":"https:\/\/www.efk.admin.ch\/fr\/wp-json\/wp\/v2\/types\/page"}],"author":[{"embeddable":true,"href":"https:\/\/www.efk.admin.ch\/fr\/wp-json\/wp\/v2\/users\/14"}],"replies":[{"embeddable":true,"href":"https:\/\/www.efk.admin.ch\/fr\/wp-json\/wp\/v2\/comments?post=29030"}],"version-history":[{"count":12,"href":"https:\/\/www.efk.admin.ch\/fr\/wp-json\/wp\/v2\/pages\/29030\/revisions"}],"predecessor-version":[{"id":43235,"href":"https:\/\/www.efk.admin.ch\/fr\/wp-json\/wp\/v2\/pages\/29030\/revisions\/43235"}],"wp:attachment":[{"href":"https:\/\/www.efk.admin.ch\/fr\/wp-json\/wp\/v2\/media?parent=29030"}],"curies":[{"name":"wp","href":"https:\/\/api.w.org\/{rel}","templated":true}]}}