{"id":25130,"date":"2024-03-07T15:51:07","date_gmt":"2024-03-07T14:51:07","guid":{"rendered":"https:\/\/preview.efk.admin.ch\/?page_id=25130"},"modified":"2025-02-27T14:47:45","modified_gmt":"2025-02-27T13:47:45","slug":"strategie-du-cdf","status":"publish","type":"page","link":"https:\/\/www.efk.admin.ch\/fr\/quest-ce-que-le-cdf\/strategie-du-cdf\/","title":{"rendered":"Strat\u00e9gie du CDF"},"content":{"rendered":"\n<h2 class=\"wp-block-heading\" id=\"h-vision\">Vision<\/h2>\n\n\n\n<p>Nous apportons des changements positifs au service de la population et nous suscitons la confiance en cultivant la transparence.<\/p>\n\n\n\n<h2 class=\"wp-block-heading\" id=\"h-mission\">Mission<\/h2>\n\n\n\n<ul class=\"wp-block-list\">\n<li>Nous ciblons notre engagement l\u00e0 o\u00f9 cela a du sens.<\/li>\n\n\n\n<li>Nous adoptons un regard vigilant et nous rompons avec les modes de pens\u00e9e habituels.<\/li>\n\n\n\n<li>Nous d\u00e9fendons nos convictions avec coh\u00e9rence et \u00e9quit\u00e9.<\/li>\n\n\n\n<li>Nous pensons et travaillons en toute ind\u00e9pendance.<\/li>\n\n\n\n<li>Nous abritons des talents leviers de changements.<\/li>\n\n\n\n<li>Nous faisons preuve de leadership en mati\u00e8re de surveillance financi\u00e8re aux niveaux national et international.<\/li>\n<\/ul>\n\n\n\n<h2 class=\"wp-block-heading\" id=\"h-valeurs\">Valeurs<\/h2>\n\n\n\n<ul class=\"wp-block-list\">\n<li>Direction : je pratique une direction transparente qui favorise la confiance.<\/li>\n<\/ul>\n\n\n\n<ul class=\"wp-block-list\">\n<li>Collaboration : je me comporte avec les autres comme j\u2019aimerais qu\u2019ils se comportent avec moi.<\/li>\n<\/ul>\n\n\n\n<ul class=\"wp-block-list\">\n<li>Professionnalisme : je fournis un travail cr\u00e9dible et fiable et j\u2019apporte une valeur ajout\u00e9e.<\/li>\n<\/ul>\n\n\n\n<ul class=\"wp-block-list\">\n<li>Innovation : je quitte ma zone de confort au b\u00e9n\u00e9fice de meilleures solutions et je m\u2019essaie \u00e0 la nouveaut\u00e9.<\/li>\n<\/ul>\n\n\n\n<h2 class=\"wp-block-heading\" id=\"h-objectifs-strategiques-pour-2025-2028\">Objectifs strat\u00e9giques pour 2025-2028<\/h2>\n\n\n\n<p><strong><mark style=\"background-color:rgba(0, 0, 0, 0)\" class=\"has-inline-color has-vivid-red-color\">Perspective externe<\/mark><\/strong><\/p>\n\n\n\n<ul class=\"wp-block-list\">\n<li>Nous voulons accro\u00eetre la visibilit\u00e9 et la valeur de notre travail.<\/li>\n\n\n\n<li>Nous voulons g\u00e9rer nos relations avec les parties prenantes de mani\u00e8re plus cibl\u00e9e et efficace.<\/li>\n<\/ul>\n\n\n\n<p><strong><mark style=\"background-color:rgba(0, 0, 0, 0)\" class=\"has-inline-color has-vivid-red-color\">Perspective interne<\/mark><\/strong><\/p>\n\n\n\n<ul class=\"wp-block-list\">\n<li>Nous voulons am\u00e9liorer l\u2019efficacit\u00e9 des processus internes en privil\u00e9giant les solutions simples et pragmatiques.<\/li>\n\n\n\n<li>Nous voulons continuer d\u2019offrir des perspectives \u00e0 nos collaborateurs et collaboratrices et pr\u00e9server la passion au travail.<\/li>\n<\/ul>\n","protected":false},"excerpt":{"rendered":"<p>Vision Nous apportons des changements positifs au service de la population et nous suscitons la confiance en cultivant la transparence. Mission Valeurs Objectifs strat\u00e9giques pour 2025-2028 Perspective externe Perspective interne<\/p>\n","protected":false},"author":10,"featured_media":0,"parent":25112,"menu_order":69,"comment_status":"closed","ping_status":"closed","template":"","meta":{"_acf_changed":false,"footnotes":""},"class_list":["post-25130","page","type-page","status-publish","hentry"],"acf":[],"yoast_head":"<!-- This site is optimized with the Yoast SEO Premium plugin v27.2 (Yoast SEO v27.2) - https:\/\/yoast.com\/product\/yoast-seo-premium-wordpress\/ -->\n<title>Strat\u00e9gie du CDF - Contr\u00f4le f\u00e9d\u00e9ral des finances (CDF)<\/title>\n<meta name=\"robots\" content=\"index, follow, max-snippet:-1, max-image-preview:large, max-video-preview:-1\" \/>\n<link rel=\"canonical\" href=\"https:\/\/www.efk.admin.ch\/fr\/quest-ce-que-le-cdf\/strategie-du-cdf\/\" \/>\n<meta property=\"og:locale\" content=\"fr_FR\" \/>\n<meta property=\"og:type\" content=\"article\" \/>\n<meta property=\"og:title\" content=\"Strat\u00e9gie du CDF\" \/>\n<meta property=\"og:description\" content=\"Vision Nous apportons des changements positifs au service de la population et nous suscitons la confiance en cultivant la transparence. Mission Valeurs Objectifs strat\u00e9giques pour 2025-2028 Perspective externe Perspective interne\" \/>\n<meta property=\"og:url\" content=\"https:\/\/www.efk.admin.ch\/fr\/quest-ce-que-le-cdf\/strategie-du-cdf\/\" \/>\n<meta property=\"og:site_name\" content=\"Contr\u00f4le f\u00e9d\u00e9ral des finances (CDF)\" \/>\n<meta property=\"article:modified_time\" content=\"2025-02-27T13:47:45+00:00\" \/>\n<meta property=\"og:image\" content=\"https:\/\/www.efk.admin.ch\/wp-content\/uploads\/test\/palais.jpg\" \/>\n\t<meta property=\"og:image:width\" content=\"750\" \/>\n\t<meta property=\"og:image:height\" content=\"500\" \/>\n\t<meta property=\"og:image:type\" content=\"image\/jpeg\" \/>\n<meta name=\"twitter:card\" content=\"summary_large_image\" \/>\n<meta name=\"twitter:label1\" content=\"Dur\u00e9e de lecture estim\u00e9e\" \/>\n\t<meta name=\"twitter:data1\" content=\"2 minutes\" \/>\n<script type=\"application\/ld+json\" class=\"yoast-schema-graph\">{\"@context\":\"https:\/\/schema.org\",\"@graph\":[{\"@type\":\"WebPage\",\"@id\":\"https:\/\/www.efk.admin.ch\/fr\/quest-ce-que-le-cdf\/strategie-du-cdf\/\",\"url\":\"https:\/\/www.efk.admin.ch\/fr\/quest-ce-que-le-cdf\/strategie-du-cdf\/\",\"name\":\"Strat\u00e9gie du CDF - Contr\u00f4le f\u00e9d\u00e9ral des finances (CDF)\",\"isPartOf\":{\"@id\":\"https:\/\/www.efk.admin.ch\/fr\/#website\"},\"datePublished\":\"2024-03-07T14:51:07+00:00\",\"dateModified\":\"2025-02-27T13:47:45+00:00\",\"breadcrumb\":{\"@id\":\"https:\/\/www.efk.admin.ch\/fr\/quest-ce-que-le-cdf\/strategie-du-cdf\/#breadcrumb\"},\"inLanguage\":\"fr-FR\",\"potentialAction\":[{\"@type\":\"ReadAction\",\"target\":[\"https:\/\/www.efk.admin.ch\/fr\/quest-ce-que-le-cdf\/strategie-du-cdf\/\"]}]},{\"@type\":\"BreadcrumbList\",\"@id\":\"https:\/\/www.efk.admin.ch\/fr\/quest-ce-que-le-cdf\/strategie-du-cdf\/#breadcrumb\",\"itemListElement\":[{\"@type\":\"ListItem\",\"position\":1,\"name\":\"Home\",\"item\":\"https:\/\/www.efk.admin.ch\/fr\/\"},{\"@type\":\"ListItem\",\"position\":2,\"name\":\"Qu\u2019est-ce que le CDF\u00a0?\",\"item\":\"https:\/\/www.efk.admin.ch\/fr\/quest-ce-que-le-cdf\/\"},{\"@type\":\"ListItem\",\"position\":3,\"name\":\"Strat\u00e9gie du CDF\"}]},{\"@type\":\"WebSite\",\"@id\":\"https:\/\/www.efk.admin.ch\/fr\/#website\",\"url\":\"https:\/\/www.efk.admin.ch\/fr\/\",\"name\":\"Informationen \u00fcber das oberste Finanzaufsichtsorgan der Schweiz\",\"description\":\"Le Contr\u00f4le f\u00e9d\u00e9ral des finances (CDF) est l'organe supr\u00eame de surveillance financi\u00e8re de la Conf\u00e9d\u00e9ration suisse.\",\"publisher\":{\"@id\":\"https:\/\/www.efk.admin.ch\/fr\/#organization\"},\"alternateName\":\"EFK\",\"potentialAction\":[{\"@type\":\"SearchAction\",\"target\":{\"@type\":\"EntryPoint\",\"urlTemplate\":\"https:\/\/www.efk.admin.ch\/fr\/?s={search_term_string}\"},\"query-input\":{\"@type\":\"PropertyValueSpecification\",\"valueRequired\":true,\"valueName\":\"search_term_string\"}}],\"inLanguage\":\"fr-FR\"},{\"@type\":\"Organization\",\"@id\":\"https:\/\/www.efk.admin.ch\/fr\/#organization\",\"name\":\"Contr\u00f4le f\u00e9d\u00e9ral des finances (CDF)\",\"alternateName\":\"EFK\",\"url\":\"https:\/\/www.efk.admin.ch\/fr\/\",\"logo\":{\"@type\":\"ImageObject\",\"inLanguage\":\"fr-FR\",\"@id\":\"https:\/\/www.efk.admin.ch\/fr\/#\/schema\/logo\/image\/\",\"url\":\"https:\/\/www.efk.admin.ch\/wp-content\/uploads\/efk_cdf_logo_ohne_claim.png\",\"contentUrl\":\"https:\/\/www.efk.admin.ch\/wp-content\/uploads\/efk_cdf_logo_ohne_claim.png\",\"width\":268,\"height\":258,\"caption\":\"Contr\u00f4le f\u00e9d\u00e9ral des finances (CDF)\"},\"image\":{\"@id\":\"https:\/\/www.efk.admin.ch\/fr\/#\/schema\/logo\/image\/\"},\"sameAs\":[\"https:\/\/www.instagram.com\/efk_cdf_sfao\/\",\"https:\/\/www.youtube.com\/channel\/UCm-bXj227VE5sJzhB-ihdvw\/featured\",\"https:\/\/www.linkedin.com\/company\/11081578\/\"]}]}<\/script>\n<!-- \/ Yoast SEO Premium plugin. -->","yoast_head_json":{"title":"Strat\u00e9gie du CDF - Contr\u00f4le f\u00e9d\u00e9ral des finances (CDF)","robots":{"index":"index","follow":"follow","max-snippet":"max-snippet:-1","max-image-preview":"max-image-preview:large","max-video-preview":"max-video-preview:-1"},"canonical":"https:\/\/www.efk.admin.ch\/fr\/quest-ce-que-le-cdf\/strategie-du-cdf\/","og_locale":"fr_FR","og_type":"article","og_title":"Strat\u00e9gie du CDF","og_description":"Vision Nous apportons des changements positifs au service de la population et nous suscitons la confiance en cultivant la transparence. Mission Valeurs Objectifs strat\u00e9giques pour 2025-2028 Perspective externe Perspective interne","og_url":"https:\/\/www.efk.admin.ch\/fr\/quest-ce-que-le-cdf\/strategie-du-cdf\/","og_site_name":"Contr\u00f4le f\u00e9d\u00e9ral des finances (CDF)","article_modified_time":"2025-02-27T13:47:45+00:00","og_image":[{"width":750,"height":500,"url":"https:\/\/www.efk.admin.ch\/wp-content\/uploads\/test\/palais.jpg","type":"image\/jpeg"}],"twitter_card":"summary_large_image","twitter_misc":{"Dur\u00e9e de lecture estim\u00e9e":"2 minutes"},"schema":{"@context":"https:\/\/schema.org","@graph":[{"@type":"WebPage","@id":"https:\/\/www.efk.admin.ch\/fr\/quest-ce-que-le-cdf\/strategie-du-cdf\/","url":"https:\/\/www.efk.admin.ch\/fr\/quest-ce-que-le-cdf\/strategie-du-cdf\/","name":"Strat\u00e9gie du CDF - Contr\u00f4le f\u00e9d\u00e9ral des finances (CDF)","isPartOf":{"@id":"https:\/\/www.efk.admin.ch\/fr\/#website"},"datePublished":"2024-03-07T14:51:07+00:00","dateModified":"2025-02-27T13:47:45+00:00","breadcrumb":{"@id":"https:\/\/www.efk.admin.ch\/fr\/quest-ce-que-le-cdf\/strategie-du-cdf\/#breadcrumb"},"inLanguage":"fr-FR","potentialAction":[{"@type":"ReadAction","target":["https:\/\/www.efk.admin.ch\/fr\/quest-ce-que-le-cdf\/strategie-du-cdf\/"]}]},{"@type":"BreadcrumbList","@id":"https:\/\/www.efk.admin.ch\/fr\/quest-ce-que-le-cdf\/strategie-du-cdf\/#breadcrumb","itemListElement":[{"@type":"ListItem","position":1,"name":"Home","item":"https:\/\/www.efk.admin.ch\/fr\/"},{"@type":"ListItem","position":2,"name":"Qu\u2019est-ce que le CDF\u00a0?","item":"https:\/\/www.efk.admin.ch\/fr\/quest-ce-que-le-cdf\/"},{"@type":"ListItem","position":3,"name":"Strat\u00e9gie du CDF"}]},{"@type":"WebSite","@id":"https:\/\/www.efk.admin.ch\/fr\/#website","url":"https:\/\/www.efk.admin.ch\/fr\/","name":"Informationen \u00fcber das oberste Finanzaufsichtsorgan der Schweiz","description":"Le Contr\u00f4le f\u00e9d\u00e9ral des finances (CDF) est l'organe supr\u00eame de surveillance financi\u00e8re de la Conf\u00e9d\u00e9ration suisse.","publisher":{"@id":"https:\/\/www.efk.admin.ch\/fr\/#organization"},"alternateName":"EFK","potentialAction":[{"@type":"SearchAction","target":{"@type":"EntryPoint","urlTemplate":"https:\/\/www.efk.admin.ch\/fr\/?s={search_term_string}"},"query-input":{"@type":"PropertyValueSpecification","valueRequired":true,"valueName":"search_term_string"}}],"inLanguage":"fr-FR"},{"@type":"Organization","@id":"https:\/\/www.efk.admin.ch\/fr\/#organization","name":"Contr\u00f4le f\u00e9d\u00e9ral des finances (CDF)","alternateName":"EFK","url":"https:\/\/www.efk.admin.ch\/fr\/","logo":{"@type":"ImageObject","inLanguage":"fr-FR","@id":"https:\/\/www.efk.admin.ch\/fr\/#\/schema\/logo\/image\/","url":"https:\/\/www.efk.admin.ch\/wp-content\/uploads\/efk_cdf_logo_ohne_claim.png","contentUrl":"https:\/\/www.efk.admin.ch\/wp-content\/uploads\/efk_cdf_logo_ohne_claim.png","width":268,"height":258,"caption":"Contr\u00f4le f\u00e9d\u00e9ral des finances (CDF)"},"image":{"@id":"https:\/\/www.efk.admin.ch\/fr\/#\/schema\/logo\/image\/"},"sameAs":["https:\/\/www.instagram.com\/efk_cdf_sfao\/","https:\/\/www.youtube.com\/channel\/UCm-bXj227VE5sJzhB-ihdvw\/featured","https:\/\/www.linkedin.com\/company\/11081578\/"]}]}},"_links":{"self":[{"href":"https:\/\/www.efk.admin.ch\/fr\/wp-json\/wp\/v2\/pages\/25130","targetHints":{"allow":["GET"]}}],"collection":[{"href":"https:\/\/www.efk.admin.ch\/fr\/wp-json\/wp\/v2\/pages"}],"about":[{"href":"https:\/\/www.efk.admin.ch\/fr\/wp-json\/wp\/v2\/types\/page"}],"author":[{"embeddable":true,"href":"https:\/\/www.efk.admin.ch\/fr\/wp-json\/wp\/v2\/users\/10"}],"replies":[{"embeddable":true,"href":"https:\/\/www.efk.admin.ch\/fr\/wp-json\/wp\/v2\/comments?post=25130"}],"version-history":[{"count":10,"href":"https:\/\/www.efk.admin.ch\/fr\/wp-json\/wp\/v2\/pages\/25130\/revisions"}],"predecessor-version":[{"id":37021,"href":"https:\/\/www.efk.admin.ch\/fr\/wp-json\/wp\/v2\/pages\/25130\/revisions\/37021"}],"up":[{"embeddable":true,"href":"https:\/\/www.efk.admin.ch\/fr\/wp-json\/wp\/v2\/pages\/25112"}],"wp:attachment":[{"href":"https:\/\/www.efk.admin.ch\/fr\/wp-json\/wp\/v2\/media?parent=25130"}],"curies":[{"name":"wp","href":"https:\/\/api.w.org\/{rel}","templated":true}]}}