{"id":25096,"date":"2024-03-07T15:49:38","date_gmt":"2024-03-07T14:49:38","guid":{"rendered":"https:\/\/preview.efk.admin.ch\/?page_id=25096"},"modified":"2024-12-18T14:53:38","modified_gmt":"2024-12-18T13:53:38","slug":"autonomie-et-independance-du-cdf","status":"publish","type":"page","link":"https:\/\/www.efk.admin.ch\/fr\/quest-ce-que-le-cdf\/autonomie-et-independance-du-cdf\/","title":{"rendered":"Autonomie et ind\u00e9pendance du CDF"},"content":{"rendered":"\n<p>Organe supr\u00eame en mati\u00e8re de surveillance financi\u00e8re, le CDF conduit ses audits en toute ind\u00e9pendance, dans le cadre des dispositions l\u00e9gales applicables. Il adopte une approche orient\u00e9e sur les risques selon les crit\u00e8res de la r\u00e9gularit\u00e9, de la l\u00e9galit\u00e9 et de la rentabilit\u00e9 inscrits dans la <a href=\"https:\/\/www.fedlex.admin.ch\/eli\/cc\/1967\/1505_1553_1547\/fr#art_5\" target=\"_blank\" rel=\"noreferrer noopener\">loi f\u00e9d\u00e9rale sur le Contr\u00f4le des finances<\/a>. Sur cette base, le CDF \u00e9tablit son programme d\u2019audit, qu\u2019il porte \u00e0 la connaissance du Conseil f\u00e9d\u00e9ral et de la D\u00e9l\u00e9gation des finances des Chambres f\u00e9d\u00e9rales. Il est rattach\u00e9 au D\u00e9partement f\u00e9d\u00e9ral des finances sur le plan administratif, mais sans lui \u00eatre subordonn\u00e9.<\/p>\n\n\n\n<p>Le CDF est dirig\u00e9 par un directeur ou une directrice. Cette personne est nomm\u00e9e par le Conseil f\u00e9d\u00e9ral pour un mandat de six&nbsp;ans. La nomination doit ensuite \u00eatre approuv\u00e9e par le Parlement. Une prolongation de la dur\u00e9e du mandat est possible.<\/p>\n\n\n\n<p>Le directeur peut d\u00e9cider de mani\u00e8re autonome de l\u2019engagement du personnel. Le Parlement approuve le budget du CDF sans que le Conseil f\u00e9d\u00e9ral ne se prononce \u00e0 ce sujet. S\u2019il a besoin de connaissances particuli\u00e8res pour accomplir ses t\u00e2ches, le CDF peut faire appel \u00e0 des experts externes.<\/p>\n\n\n\n<p>Pour de plus amples renseignements sur ce sujet et bien d\u2019autres, vous pouvez t\u00e9l\u00e9charger le <a href=\"https:\/\/www.efk.admin.ch\/fr\/rapport-annuel\/\" target=\"_blank\" rel=\"noreferrer noopener\">rapport annuel<\/a>.<\/p>\n","protected":false},"excerpt":{"rendered":"<p>Organe supr\u00eame en mati\u00e8re de surveillance financi\u00e8re, le CDF conduit ses audits en toute ind\u00e9pendance, dans le cadre des dispositions l\u00e9gales applicables. Il adopte une approche orient\u00e9e sur les risques selon les crit\u00e8res de la r\u00e9gularit\u00e9, de la l\u00e9galit\u00e9 et de la rentabilit\u00e9 inscrits dans la loi f\u00e9d\u00e9rale sur le Contr\u00f4le des finances. Sur cette [&hellip;]<\/p>\n","protected":false},"author":10,"featured_media":0,"parent":25112,"menu_order":67,"comment_status":"closed","ping_status":"closed","template":"","meta":{"_acf_changed":false,"footnotes":""},"class_list":["post-25096","page","type-page","status-publish","hentry"],"acf":[],"yoast_head":"<!-- This site is optimized with the Yoast SEO Premium plugin v27.5 (Yoast SEO v27.5) - https:\/\/yoast.com\/product\/yoast-seo-premium-wordpress\/ -->\n<title>Autonomie et ind\u00e9pendance du CDF - Contr\u00f4le f\u00e9d\u00e9ral des finances (CDF)<\/title>\n<meta name=\"robots\" content=\"index, follow, max-snippet:-1, max-image-preview:large, max-video-preview:-1\" \/>\n<link rel=\"canonical\" href=\"https:\/\/www.efk.admin.ch\/fr\/quest-ce-que-le-cdf\/autonomie-et-independance-du-cdf\/\" \/>\n<meta property=\"og:locale\" content=\"fr_FR\" \/>\n<meta property=\"og:type\" content=\"article\" \/>\n<meta property=\"og:title\" content=\"Autonomie et ind\u00e9pendance du CDF\" \/>\n<meta property=\"og:description\" content=\"Organe supr\u00eame en mati\u00e8re de surveillance financi\u00e8re, le CDF conduit ses audits en toute ind\u00e9pendance, dans le cadre des dispositions l\u00e9gales applicables. Il adopte une approche orient\u00e9e sur les risques selon les crit\u00e8res de la r\u00e9gularit\u00e9, de la l\u00e9galit\u00e9 et de la rentabilit\u00e9 inscrits dans la loi f\u00e9d\u00e9rale sur le Contr\u00f4le des finances. Sur cette [&hellip;]\" \/>\n<meta property=\"og:url\" content=\"https:\/\/www.efk.admin.ch\/fr\/quest-ce-que-le-cdf\/autonomie-et-independance-du-cdf\/\" \/>\n<meta property=\"og:site_name\" content=\"Contr\u00f4le f\u00e9d\u00e9ral des finances (CDF)\" \/>\n<meta property=\"article:modified_time\" content=\"2024-12-18T13:53:38+00:00\" \/>\n<meta property=\"og:image\" content=\"https:\/\/www.efk.admin.ch\/wp-content\/uploads\/test\/palais.jpg\" \/>\n\t<meta property=\"og:image:width\" content=\"750\" \/>\n\t<meta property=\"og:image:height\" content=\"500\" \/>\n\t<meta property=\"og:image:type\" content=\"image\/jpeg\" \/>\n<meta name=\"twitter:card\" content=\"summary_large_image\" \/>\n<meta name=\"twitter:label1\" content=\"Dur\u00e9e de lecture estim\u00e9e\" \/>\n\t<meta name=\"twitter:data1\" content=\"2 minutes\" \/>\n<script type=\"application\/ld+json\" class=\"yoast-schema-graph\">{\"@context\":\"https:\\\/\\\/schema.org\",\"@graph\":[{\"@type\":\"WebPage\",\"@id\":\"https:\\\/\\\/www.efk.admin.ch\\\/fr\\\/quest-ce-que-le-cdf\\\/autonomie-et-independance-du-cdf\\\/\",\"url\":\"https:\\\/\\\/www.efk.admin.ch\\\/fr\\\/quest-ce-que-le-cdf\\\/autonomie-et-independance-du-cdf\\\/\",\"name\":\"Autonomie et ind\u00e9pendance du CDF - Contr\u00f4le f\u00e9d\u00e9ral des finances (CDF)\",\"isPartOf\":{\"@id\":\"https:\\\/\\\/www.efk.admin.ch\\\/fr\\\/#website\"},\"datePublished\":\"2024-03-07T14:49:38+00:00\",\"dateModified\":\"2024-12-18T13:53:38+00:00\",\"breadcrumb\":{\"@id\":\"https:\\\/\\\/www.efk.admin.ch\\\/fr\\\/quest-ce-que-le-cdf\\\/autonomie-et-independance-du-cdf\\\/#breadcrumb\"},\"inLanguage\":\"fr-FR\",\"potentialAction\":[{\"@type\":\"ReadAction\",\"target\":[\"https:\\\/\\\/www.efk.admin.ch\\\/fr\\\/quest-ce-que-le-cdf\\\/autonomie-et-independance-du-cdf\\\/\"]}]},{\"@type\":\"BreadcrumbList\",\"@id\":\"https:\\\/\\\/www.efk.admin.ch\\\/fr\\\/quest-ce-que-le-cdf\\\/autonomie-et-independance-du-cdf\\\/#breadcrumb\",\"itemListElement\":[{\"@type\":\"ListItem\",\"position\":1,\"name\":\"Home\",\"item\":\"https:\\\/\\\/www.efk.admin.ch\\\/fr\\\/\"},{\"@type\":\"ListItem\",\"position\":2,\"name\":\"Qu\u2019est-ce que le CDF\u00a0?\",\"item\":\"https:\\\/\\\/www.efk.admin.ch\\\/fr\\\/quest-ce-que-le-cdf\\\/\"},{\"@type\":\"ListItem\",\"position\":3,\"name\":\"Autonomie et ind\u00e9pendance du CDF\"}]},{\"@type\":\"WebSite\",\"@id\":\"https:\\\/\\\/www.efk.admin.ch\\\/fr\\\/#website\",\"url\":\"https:\\\/\\\/www.efk.admin.ch\\\/fr\\\/\",\"name\":\"Informationen \u00fcber das oberste Finanzaufsichtsorgan der Schweiz\",\"description\":\"Le Contr\u00f4le f\u00e9d\u00e9ral des finances (CDF) est l'organe supr\u00eame de surveillance financi\u00e8re de la Conf\u00e9d\u00e9ration suisse.\",\"publisher\":{\"@id\":\"https:\\\/\\\/www.efk.admin.ch\\\/fr\\\/#organization\"},\"alternateName\":\"EFK\",\"potentialAction\":[{\"@type\":\"SearchAction\",\"target\":{\"@type\":\"EntryPoint\",\"urlTemplate\":\"https:\\\/\\\/www.efk.admin.ch\\\/fr\\\/?s={search_term_string}\"},\"query-input\":{\"@type\":\"PropertyValueSpecification\",\"valueRequired\":true,\"valueName\":\"search_term_string\"}}],\"inLanguage\":\"fr-FR\"},{\"@type\":\"Organization\",\"@id\":\"https:\\\/\\\/www.efk.admin.ch\\\/fr\\\/#organization\",\"name\":\"Contr\u00f4le f\u00e9d\u00e9ral des finances (CDF)\",\"alternateName\":\"EFK\",\"url\":\"https:\\\/\\\/www.efk.admin.ch\\\/fr\\\/\",\"logo\":{\"@type\":\"ImageObject\",\"inLanguage\":\"fr-FR\",\"@id\":\"https:\\\/\\\/www.efk.admin.ch\\\/fr\\\/#\\\/schema\\\/logo\\\/image\\\/\",\"url\":\"https:\\\/\\\/www.efk.admin.ch\\\/wp-content\\\/uploads\\\/efk_cdf_logo_ohne_claim.png\",\"contentUrl\":\"https:\\\/\\\/www.efk.admin.ch\\\/wp-content\\\/uploads\\\/efk_cdf_logo_ohne_claim.png\",\"width\":268,\"height\":258,\"caption\":\"Contr\u00f4le f\u00e9d\u00e9ral des finances (CDF)\"},\"image\":{\"@id\":\"https:\\\/\\\/www.efk.admin.ch\\\/fr\\\/#\\\/schema\\\/logo\\\/image\\\/\"},\"sameAs\":[\"https:\\\/\\\/www.instagram.com\\\/efk_cdf_sfao\\\/\",\"https:\\\/\\\/www.youtube.com\\\/channel\\\/UCm-bXj227VE5sJzhB-ihdvw\\\/featured\",\"https:\\\/\\\/www.linkedin.com\\\/company\\\/11081578\\\/\"]}]}<\/script>\n<!-- \/ Yoast SEO Premium plugin. -->","yoast_head_json":{"title":"Autonomie et ind\u00e9pendance du CDF - Contr\u00f4le f\u00e9d\u00e9ral des finances (CDF)","robots":{"index":"index","follow":"follow","max-snippet":"max-snippet:-1","max-image-preview":"max-image-preview:large","max-video-preview":"max-video-preview:-1"},"canonical":"https:\/\/www.efk.admin.ch\/fr\/quest-ce-que-le-cdf\/autonomie-et-independance-du-cdf\/","og_locale":"fr_FR","og_type":"article","og_title":"Autonomie et ind\u00e9pendance du CDF","og_description":"Organe supr\u00eame en mati\u00e8re de surveillance financi\u00e8re, le CDF conduit ses audits en toute ind\u00e9pendance, dans le cadre des dispositions l\u00e9gales applicables. Il adopte une approche orient\u00e9e sur les risques selon les crit\u00e8res de la r\u00e9gularit\u00e9, de la l\u00e9galit\u00e9 et de la rentabilit\u00e9 inscrits dans la loi f\u00e9d\u00e9rale sur le Contr\u00f4le des finances. Sur cette [&hellip;]","og_url":"https:\/\/www.efk.admin.ch\/fr\/quest-ce-que-le-cdf\/autonomie-et-independance-du-cdf\/","og_site_name":"Contr\u00f4le f\u00e9d\u00e9ral des finances (CDF)","article_modified_time":"2024-12-18T13:53:38+00:00","og_image":[{"width":750,"height":500,"url":"https:\/\/www.efk.admin.ch\/wp-content\/uploads\/test\/palais.jpg","type":"image\/jpeg"}],"twitter_card":"summary_large_image","twitter_misc":{"Dur\u00e9e de lecture estim\u00e9e":"2 minutes"},"schema":{"@context":"https:\/\/schema.org","@graph":[{"@type":"WebPage","@id":"https:\/\/www.efk.admin.ch\/fr\/quest-ce-que-le-cdf\/autonomie-et-independance-du-cdf\/","url":"https:\/\/www.efk.admin.ch\/fr\/quest-ce-que-le-cdf\/autonomie-et-independance-du-cdf\/","name":"Autonomie et ind\u00e9pendance du CDF - Contr\u00f4le f\u00e9d\u00e9ral des finances (CDF)","isPartOf":{"@id":"https:\/\/www.efk.admin.ch\/fr\/#website"},"datePublished":"2024-03-07T14:49:38+00:00","dateModified":"2024-12-18T13:53:38+00:00","breadcrumb":{"@id":"https:\/\/www.efk.admin.ch\/fr\/quest-ce-que-le-cdf\/autonomie-et-independance-du-cdf\/#breadcrumb"},"inLanguage":"fr-FR","potentialAction":[{"@type":"ReadAction","target":["https:\/\/www.efk.admin.ch\/fr\/quest-ce-que-le-cdf\/autonomie-et-independance-du-cdf\/"]}]},{"@type":"BreadcrumbList","@id":"https:\/\/www.efk.admin.ch\/fr\/quest-ce-que-le-cdf\/autonomie-et-independance-du-cdf\/#breadcrumb","itemListElement":[{"@type":"ListItem","position":1,"name":"Home","item":"https:\/\/www.efk.admin.ch\/fr\/"},{"@type":"ListItem","position":2,"name":"Qu\u2019est-ce que le CDF\u00a0?","item":"https:\/\/www.efk.admin.ch\/fr\/quest-ce-que-le-cdf\/"},{"@type":"ListItem","position":3,"name":"Autonomie et ind\u00e9pendance du CDF"}]},{"@type":"WebSite","@id":"https:\/\/www.efk.admin.ch\/fr\/#website","url":"https:\/\/www.efk.admin.ch\/fr\/","name":"Informationen \u00fcber das oberste Finanzaufsichtsorgan der Schweiz","description":"Le Contr\u00f4le f\u00e9d\u00e9ral des finances (CDF) est l'organe supr\u00eame de surveillance financi\u00e8re de la Conf\u00e9d\u00e9ration suisse.","publisher":{"@id":"https:\/\/www.efk.admin.ch\/fr\/#organization"},"alternateName":"EFK","potentialAction":[{"@type":"SearchAction","target":{"@type":"EntryPoint","urlTemplate":"https:\/\/www.efk.admin.ch\/fr\/?s={search_term_string}"},"query-input":{"@type":"PropertyValueSpecification","valueRequired":true,"valueName":"search_term_string"}}],"inLanguage":"fr-FR"},{"@type":"Organization","@id":"https:\/\/www.efk.admin.ch\/fr\/#organization","name":"Contr\u00f4le f\u00e9d\u00e9ral des finances (CDF)","alternateName":"EFK","url":"https:\/\/www.efk.admin.ch\/fr\/","logo":{"@type":"ImageObject","inLanguage":"fr-FR","@id":"https:\/\/www.efk.admin.ch\/fr\/#\/schema\/logo\/image\/","url":"https:\/\/www.efk.admin.ch\/wp-content\/uploads\/efk_cdf_logo_ohne_claim.png","contentUrl":"https:\/\/www.efk.admin.ch\/wp-content\/uploads\/efk_cdf_logo_ohne_claim.png","width":268,"height":258,"caption":"Contr\u00f4le f\u00e9d\u00e9ral des finances (CDF)"},"image":{"@id":"https:\/\/www.efk.admin.ch\/fr\/#\/schema\/logo\/image\/"},"sameAs":["https:\/\/www.instagram.com\/efk_cdf_sfao\/","https:\/\/www.youtube.com\/channel\/UCm-bXj227VE5sJzhB-ihdvw\/featured","https:\/\/www.linkedin.com\/company\/11081578\/"]}]}},"_links":{"self":[{"href":"https:\/\/www.efk.admin.ch\/fr\/wp-json\/wp\/v2\/pages\/25096","targetHints":{"allow":["GET"]}}],"collection":[{"href":"https:\/\/www.efk.admin.ch\/fr\/wp-json\/wp\/v2\/pages"}],"about":[{"href":"https:\/\/www.efk.admin.ch\/fr\/wp-json\/wp\/v2\/types\/page"}],"author":[{"embeddable":true,"href":"https:\/\/www.efk.admin.ch\/fr\/wp-json\/wp\/v2\/users\/10"}],"replies":[{"embeddable":true,"href":"https:\/\/www.efk.admin.ch\/fr\/wp-json\/wp\/v2\/comments?post=25096"}],"version-history":[{"count":4,"href":"https:\/\/www.efk.admin.ch\/fr\/wp-json\/wp\/v2\/pages\/25096\/revisions"}],"predecessor-version":[{"id":35158,"href":"https:\/\/www.efk.admin.ch\/fr\/wp-json\/wp\/v2\/pages\/25096\/revisions\/35158"}],"up":[{"embeddable":true,"href":"https:\/\/www.efk.admin.ch\/fr\/wp-json\/wp\/v2\/pages\/25112"}],"wp:attachment":[{"href":"https:\/\/www.efk.admin.ch\/fr\/wp-json\/wp\/v2\/media?parent=25096"}],"curies":[{"name":"wp","href":"https:\/\/api.w.org\/{rel}","templated":true}]}}