{"id":24578,"date":"2024-01-22T15:00:43","date_gmt":"2024-01-22T14:00:43","guid":{"rendered":"https:\/\/preview.efk.admin.ch\/?page_id=24578"},"modified":"2024-10-28T17:49:08","modified_gmt":"2024-10-28T16:49:08","slug":"groupes-dexperts","status":"publish","type":"page","link":"https:\/\/www.efk.admin.ch\/fr\/groupes-dexperts\/","title":{"rendered":"Groupes d\u2019experts"},"content":{"rendered":"\n<figure class=\"wp-block-image size-large\"><img loading=\"lazy\" decoding=\"async\" width=\"1023\" height=\"447\" src=\"https:\/\/www.efk.admin.ch\/wp-content\/uploads\/\/image001-1023x447.jpg\" alt=\"\" class=\"wp-image-31759\" srcset=\"https:\/\/www.efk.admin.ch\/wp-content\/uploads\/image001-1023x447.jpg 1023w, https:\/\/www.efk.admin.ch\/wp-content\/uploads\/image001-300x130.jpg 300w, https:\/\/www.efk.admin.ch\/wp-content\/uploads\/image001-768x335.jpg 768w, https:\/\/www.efk.admin.ch\/wp-content\/uploads\/image001-1536x670.jpg 1536w, https:\/\/www.efk.admin.ch\/wp-content\/uploads\/image001-2047x894.jpg 2047w, https:\/\/www.efk.admin.ch\/wp-content\/uploads\/image001.jpg 1388w\" sizes=\"auto, (max-width: 1023px) 100vw, 1023px\" \/><\/figure>\n\n\n\n<h2 class=\"wp-block-heading\" id=\"h-de-quels-groupes-d-experts-le-cdf-est-il-membre-nbsp\">De quels groupes d\u2019experts le CDF est-il membre&nbsp;?<\/h2>\n\n\n\n<h3 class=\"wp-block-heading\" id=\"h-au-niveau-international\">Au niveau international<\/h3>\n\n\n\n<ul class=\"wp-block-list\">\n<li>Groupe de travail sur l\u2019\u00e9valuation des politiques publiques et des programmes (WGEPP) de l\u2019Organisation internationale des institutions sup\u00e9rieures de contr\u00f4le des finances publiques (INTOSAI) (<a href=\"https:\/\/www.intosai.org\/fr\/\" target=\"_blank\" rel=\"noreferrer noopener\">https:\/\/www.intosai.org\/fr\/<\/a>&nbsp;; le CDF assure la pr\u00e9sidence).<\/li>\n\n\n\n<li><a href=\"https:\/\/www.un.org\/fr\/auditors\/panel\/\" target=\"_blank\" rel=\"noreferrer noopener\">Groupe d\u2019auditeurs externes de l\u2019Organisation des Nations unies<\/a> (membre).<\/li>\n\n\n\n<li>Organisation des institutions sup\u00e9rieures de contr\u00f4le des finances publiques d&#8217;Europe (<a href=\"https:\/\/www.eurosai.org\/fr\/about-us\/about-eurosai\/index.html\" target=\"_blank\" rel=\"noreferrer noopener\">EUROSAI<\/a>)\u00a0(membre).<\/li>\n<\/ul>\n\n\n\n<h3 class=\"wp-block-heading\" id=\"h-au-niveau-national\">Au niveau national<\/h3>\n\n\n\n<ul class=\"wp-block-list\">\n<li>Institute of Internal Auditors (IIA) Switzerland (<a href=\"https:\/\/www.iias.ch\/fr-ch\/\" target=\"_blank\" rel=\"noreferrer noopener\">https:\/\/www.iias.ch\/fr-ch\/<\/a>&nbsp;; le CDF y est repr\u00e9sent\u00e9 et son vice-directeur est membre du comit\u00e9).<\/li>\n\n\n\n<li>Conf\u00e9rence des r\u00e9visions internes de la Conf\u00e9d\u00e9ration (<a href=\"https:\/\/www.cug-ir.efk.admin.ch\/\" target=\"_blank\" rel=\"noreferrer noopener\">https:\/\/www.cug-ir.efk.admin.ch<\/a>&nbsp;; le CDF assure la pr\u00e9sidence).<\/li>\n\n\n\n<li>R\u00e9seau Gestion des risques (<a href=\"https:\/\/www.netzwerk-risikomanagement.ch\/\" target=\"_blank\" rel=\"noreferrer noopener\">https:\/\/www.netzwerk-risikomanagement.ch<\/a>&nbsp;; la directrice suppl\u00e9ante du CDF est pr\u00e9sidente du conseil d\u2019administration).<\/li>\n<\/ul>\n\n\n\n<h3 class=\"wp-block-heading\" id=\"h-au-niveau-cantonal\">Au niveau cantonal<\/h3>\n\n\n\n<ul class=\"wp-block-list\">\n<li>Conf\u00e9rence des contr\u00f4les cantonaux des finances (<a href=\"https:\/\/www.cug-kt.efk.admin.ch\/\" target=\"_blank\" rel=\"noreferrer noopener\">https:\/\/www.cug-kt.efk.admin.ch<\/a>&nbsp;; le CDF est membre, partage la direction op\u00e9rationnelle du secr\u00e9tariat et occupe le poste de secr\u00e9taire g\u00e9n\u00e9ral).<\/li>\n<\/ul>\n","protected":false},"excerpt":{"rendered":"<p>De quels groupes d\u2019experts le CDF est-il membre&nbsp;? Au niveau international Au niveau national Au niveau cantonal<\/p>\n","protected":false},"author":10,"featured_media":7865,"parent":0,"menu_order":87,"comment_status":"closed","ping_status":"closed","template":"","meta":{"_acf_changed":false,"footnotes":""},"class_list":["post-24578","page","type-page","status-publish","has-post-thumbnail","hentry"],"acf":[],"yoast_head":"<!-- This site is optimized with the Yoast SEO Premium plugin v27.3 (Yoast SEO v27.3) - https:\/\/yoast.com\/product\/yoast-seo-premium-wordpress\/ -->\n<title>Groupes d\u2019experts - Contr\u00f4le f\u00e9d\u00e9ral des finances (CDF)<\/title>\n<meta name=\"robots\" content=\"index, follow, max-snippet:-1, max-image-preview:large, max-video-preview:-1\" \/>\n<link rel=\"canonical\" href=\"https:\/\/www.efk.admin.ch\/fr\/groupes-dexperts\/\" \/>\n<meta property=\"og:locale\" content=\"fr_FR\" \/>\n<meta property=\"og:type\" content=\"article\" \/>\n<meta property=\"og:title\" content=\"Groupes d\u2019experts\" \/>\n<meta property=\"og:description\" content=\"De quels groupes d\u2019experts le CDF est-il membre&nbsp;? Au niveau international Au niveau national Au niveau cantonal\" \/>\n<meta property=\"og:url\" content=\"https:\/\/www.efk.admin.ch\/fr\/groupes-dexperts\/\" \/>\n<meta property=\"og:site_name\" content=\"Contr\u00f4le f\u00e9d\u00e9ral des finances (CDF)\" \/>\n<meta property=\"article:modified_time\" content=\"2024-10-28T16:49:08+00:00\" \/>\n<meta property=\"og:image\" content=\"https:\/\/www.efk.admin.ch\/wp-content\/uploads\/bilder\/fachgremien\/image001.jpg\" \/>\n\t<meta property=\"og:image:width\" content=\"1388\" \/>\n\t<meta property=\"og:image:height\" content=\"606\" \/>\n\t<meta property=\"og:image:type\" content=\"image\/jpeg\" \/>\n<meta name=\"twitter:card\" content=\"summary_large_image\" \/>\n<meta name=\"twitter:label1\" content=\"Dur\u00e9e de lecture estim\u00e9e\" \/>\n\t<meta name=\"twitter:data1\" content=\"2 minutes\" \/>\n<script type=\"application\/ld+json\" class=\"yoast-schema-graph\">{\"@context\":\"https:\\\/\\\/schema.org\",\"@graph\":[{\"@type\":\"WebPage\",\"@id\":\"https:\\\/\\\/www.efk.admin.ch\\\/fr\\\/groupes-dexperts\\\/\",\"url\":\"https:\\\/\\\/www.efk.admin.ch\\\/fr\\\/groupes-dexperts\\\/\",\"name\":\"Groupes d\u2019experts - Contr\u00f4le f\u00e9d\u00e9ral des finances (CDF)\",\"isPartOf\":{\"@id\":\"https:\\\/\\\/www.efk.admin.ch\\\/fr\\\/#website\"},\"primaryImageOfPage\":{\"@id\":\"https:\\\/\\\/www.efk.admin.ch\\\/fr\\\/groupes-dexperts\\\/#primaryimage\"},\"image\":{\"@id\":\"https:\\\/\\\/www.efk.admin.ch\\\/fr\\\/groupes-dexperts\\\/#primaryimage\"},\"thumbnailUrl\":\"https:\\\/\\\/www.efk.admin.ch\\\/wp-content\\\/uploads\\\/bilder\\\/fachgremien\\\/image001.jpg\",\"datePublished\":\"2024-01-22T14:00:43+00:00\",\"dateModified\":\"2024-10-28T16:49:08+00:00\",\"breadcrumb\":{\"@id\":\"https:\\\/\\\/www.efk.admin.ch\\\/fr\\\/groupes-dexperts\\\/#breadcrumb\"},\"inLanguage\":\"fr-FR\",\"potentialAction\":[{\"@type\":\"ReadAction\",\"target\":[\"https:\\\/\\\/www.efk.admin.ch\\\/fr\\\/groupes-dexperts\\\/\"]}]},{\"@type\":\"ImageObject\",\"inLanguage\":\"fr-FR\",\"@id\":\"https:\\\/\\\/www.efk.admin.ch\\\/fr\\\/groupes-dexperts\\\/#primaryimage\",\"url\":\"https:\\\/\\\/www.efk.admin.ch\\\/wp-content\\\/uploads\\\/bilder\\\/fachgremien\\\/image001.jpg\",\"contentUrl\":\"https:\\\/\\\/www.efk.admin.ch\\\/wp-content\\\/uploads\\\/bilder\\\/fachgremien\\\/image001.jpg\",\"width\":1388,\"height\":606},{\"@type\":\"BreadcrumbList\",\"@id\":\"https:\\\/\\\/www.efk.admin.ch\\\/fr\\\/groupes-dexperts\\\/#breadcrumb\",\"itemListElement\":[{\"@type\":\"ListItem\",\"position\":1,\"name\":\"Home\",\"item\":\"https:\\\/\\\/www.efk.admin.ch\\\/fr\\\/\"},{\"@type\":\"ListItem\",\"position\":2,\"name\":\"Groupes d\u2019experts\"}]},{\"@type\":\"WebSite\",\"@id\":\"https:\\\/\\\/www.efk.admin.ch\\\/fr\\\/#website\",\"url\":\"https:\\\/\\\/www.efk.admin.ch\\\/fr\\\/\",\"name\":\"Informationen \u00fcber das oberste Finanzaufsichtsorgan der Schweiz\",\"description\":\"Le Contr\u00f4le f\u00e9d\u00e9ral des finances (CDF) est l'organe supr\u00eame de surveillance financi\u00e8re de la Conf\u00e9d\u00e9ration suisse.\",\"publisher\":{\"@id\":\"https:\\\/\\\/www.efk.admin.ch\\\/fr\\\/#organization\"},\"alternateName\":\"EFK\",\"potentialAction\":[{\"@type\":\"SearchAction\",\"target\":{\"@type\":\"EntryPoint\",\"urlTemplate\":\"https:\\\/\\\/www.efk.admin.ch\\\/fr\\\/?s={search_term_string}\"},\"query-input\":{\"@type\":\"PropertyValueSpecification\",\"valueRequired\":true,\"valueName\":\"search_term_string\"}}],\"inLanguage\":\"fr-FR\"},{\"@type\":\"Organization\",\"@id\":\"https:\\\/\\\/www.efk.admin.ch\\\/fr\\\/#organization\",\"name\":\"Contr\u00f4le f\u00e9d\u00e9ral des finances (CDF)\",\"alternateName\":\"EFK\",\"url\":\"https:\\\/\\\/www.efk.admin.ch\\\/fr\\\/\",\"logo\":{\"@type\":\"ImageObject\",\"inLanguage\":\"fr-FR\",\"@id\":\"https:\\\/\\\/www.efk.admin.ch\\\/fr\\\/#\\\/schema\\\/logo\\\/image\\\/\",\"url\":\"https:\\\/\\\/www.efk.admin.ch\\\/wp-content\\\/uploads\\\/efk_cdf_logo_ohne_claim.png\",\"contentUrl\":\"https:\\\/\\\/www.efk.admin.ch\\\/wp-content\\\/uploads\\\/efk_cdf_logo_ohne_claim.png\",\"width\":268,\"height\":258,\"caption\":\"Contr\u00f4le f\u00e9d\u00e9ral des finances (CDF)\"},\"image\":{\"@id\":\"https:\\\/\\\/www.efk.admin.ch\\\/fr\\\/#\\\/schema\\\/logo\\\/image\\\/\"},\"sameAs\":[\"https:\\\/\\\/www.instagram.com\\\/efk_cdf_sfao\\\/\",\"https:\\\/\\\/www.youtube.com\\\/channel\\\/UCm-bXj227VE5sJzhB-ihdvw\\\/featured\",\"https:\\\/\\\/www.linkedin.com\\\/company\\\/11081578\\\/\"]}]}<\/script>\n<!-- \/ Yoast SEO Premium plugin. -->","yoast_head_json":{"title":"Groupes d\u2019experts - Contr\u00f4le f\u00e9d\u00e9ral des finances (CDF)","robots":{"index":"index","follow":"follow","max-snippet":"max-snippet:-1","max-image-preview":"max-image-preview:large","max-video-preview":"max-video-preview:-1"},"canonical":"https:\/\/www.efk.admin.ch\/fr\/groupes-dexperts\/","og_locale":"fr_FR","og_type":"article","og_title":"Groupes d\u2019experts","og_description":"De quels groupes d\u2019experts le CDF est-il membre&nbsp;? Au niveau international Au niveau national Au niveau cantonal","og_url":"https:\/\/www.efk.admin.ch\/fr\/groupes-dexperts\/","og_site_name":"Contr\u00f4le f\u00e9d\u00e9ral des finances (CDF)","article_modified_time":"2024-10-28T16:49:08+00:00","og_image":[{"width":1388,"height":606,"url":"https:\/\/www.efk.admin.ch\/wp-content\/uploads\/bilder\/fachgremien\/image001.jpg","type":"image\/jpeg"}],"twitter_card":"summary_large_image","twitter_misc":{"Dur\u00e9e de lecture estim\u00e9e":"2 minutes"},"schema":{"@context":"https:\/\/schema.org","@graph":[{"@type":"WebPage","@id":"https:\/\/www.efk.admin.ch\/fr\/groupes-dexperts\/","url":"https:\/\/www.efk.admin.ch\/fr\/groupes-dexperts\/","name":"Groupes d\u2019experts - Contr\u00f4le f\u00e9d\u00e9ral des finances (CDF)","isPartOf":{"@id":"https:\/\/www.efk.admin.ch\/fr\/#website"},"primaryImageOfPage":{"@id":"https:\/\/www.efk.admin.ch\/fr\/groupes-dexperts\/#primaryimage"},"image":{"@id":"https:\/\/www.efk.admin.ch\/fr\/groupes-dexperts\/#primaryimage"},"thumbnailUrl":"https:\/\/www.efk.admin.ch\/wp-content\/uploads\/bilder\/fachgremien\/image001.jpg","datePublished":"2024-01-22T14:00:43+00:00","dateModified":"2024-10-28T16:49:08+00:00","breadcrumb":{"@id":"https:\/\/www.efk.admin.ch\/fr\/groupes-dexperts\/#breadcrumb"},"inLanguage":"fr-FR","potentialAction":[{"@type":"ReadAction","target":["https:\/\/www.efk.admin.ch\/fr\/groupes-dexperts\/"]}]},{"@type":"ImageObject","inLanguage":"fr-FR","@id":"https:\/\/www.efk.admin.ch\/fr\/groupes-dexperts\/#primaryimage","url":"https:\/\/www.efk.admin.ch\/wp-content\/uploads\/bilder\/fachgremien\/image001.jpg","contentUrl":"https:\/\/www.efk.admin.ch\/wp-content\/uploads\/bilder\/fachgremien\/image001.jpg","width":1388,"height":606},{"@type":"BreadcrumbList","@id":"https:\/\/www.efk.admin.ch\/fr\/groupes-dexperts\/#breadcrumb","itemListElement":[{"@type":"ListItem","position":1,"name":"Home","item":"https:\/\/www.efk.admin.ch\/fr\/"},{"@type":"ListItem","position":2,"name":"Groupes d\u2019experts"}]},{"@type":"WebSite","@id":"https:\/\/www.efk.admin.ch\/fr\/#website","url":"https:\/\/www.efk.admin.ch\/fr\/","name":"Informationen \u00fcber das oberste Finanzaufsichtsorgan der Schweiz","description":"Le Contr\u00f4le f\u00e9d\u00e9ral des finances (CDF) est l'organe supr\u00eame de surveillance financi\u00e8re de la Conf\u00e9d\u00e9ration suisse.","publisher":{"@id":"https:\/\/www.efk.admin.ch\/fr\/#organization"},"alternateName":"EFK","potentialAction":[{"@type":"SearchAction","target":{"@type":"EntryPoint","urlTemplate":"https:\/\/www.efk.admin.ch\/fr\/?s={search_term_string}"},"query-input":{"@type":"PropertyValueSpecification","valueRequired":true,"valueName":"search_term_string"}}],"inLanguage":"fr-FR"},{"@type":"Organization","@id":"https:\/\/www.efk.admin.ch\/fr\/#organization","name":"Contr\u00f4le f\u00e9d\u00e9ral des finances (CDF)","alternateName":"EFK","url":"https:\/\/www.efk.admin.ch\/fr\/","logo":{"@type":"ImageObject","inLanguage":"fr-FR","@id":"https:\/\/www.efk.admin.ch\/fr\/#\/schema\/logo\/image\/","url":"https:\/\/www.efk.admin.ch\/wp-content\/uploads\/efk_cdf_logo_ohne_claim.png","contentUrl":"https:\/\/www.efk.admin.ch\/wp-content\/uploads\/efk_cdf_logo_ohne_claim.png","width":268,"height":258,"caption":"Contr\u00f4le f\u00e9d\u00e9ral des finances (CDF)"},"image":{"@id":"https:\/\/www.efk.admin.ch\/fr\/#\/schema\/logo\/image\/"},"sameAs":["https:\/\/www.instagram.com\/efk_cdf_sfao\/","https:\/\/www.youtube.com\/channel\/UCm-bXj227VE5sJzhB-ihdvw\/featured","https:\/\/www.linkedin.com\/company\/11081578\/"]}]}},"_links":{"self":[{"href":"https:\/\/www.efk.admin.ch\/fr\/wp-json\/wp\/v2\/pages\/24578","targetHints":{"allow":["GET"]}}],"collection":[{"href":"https:\/\/www.efk.admin.ch\/fr\/wp-json\/wp\/v2\/pages"}],"about":[{"href":"https:\/\/www.efk.admin.ch\/fr\/wp-json\/wp\/v2\/types\/page"}],"author":[{"embeddable":true,"href":"https:\/\/www.efk.admin.ch\/fr\/wp-json\/wp\/v2\/users\/10"}],"replies":[{"embeddable":true,"href":"https:\/\/www.efk.admin.ch\/fr\/wp-json\/wp\/v2\/comments?post=24578"}],"version-history":[{"count":8,"href":"https:\/\/www.efk.admin.ch\/fr\/wp-json\/wp\/v2\/pages\/24578\/revisions"}],"predecessor-version":[{"id":34447,"href":"https:\/\/www.efk.admin.ch\/fr\/wp-json\/wp\/v2\/pages\/24578\/revisions\/34447"}],"wp:featuredmedia":[{"embeddable":true,"href":"https:\/\/www.efk.admin.ch\/fr\/wp-json\/wp\/v2\/media\/7865"}],"wp:attachment":[{"href":"https:\/\/www.efk.admin.ch\/fr\/wp-json\/wp\/v2\/media?parent=24578"}],"curies":[{"name":"wp","href":"https:\/\/api.w.org\/{rel}","templated":true}]}}