{"id":243,"date":"2023-11-15T13:14:35","date_gmt":"2023-11-15T12:14:35","guid":{"rendered":"http:\/\/hawai.li\/efk\/offres-demplois\/"},"modified":"2025-12-12T14:43:44","modified_gmt":"2025-12-12T13:43:44","slug":"offres-demplois","status":"publish","type":"page","link":"https:\/\/www.efk.admin.ch\/fr\/offres-demplois\/","title":{"rendered":"Offres d&#8217;emplois"},"content":{"rendered":"\n<figure class=\"wp-block-embed is-type-video is-provider-youtube wp-block-embed-youtube wp-embed-aspect-16-9 wp-has-aspect-ratio\"><div class=\"wp-block-embed__wrapper\">\n<iframe loading=\"lazy\" title=\"EFK als Arbeitgeber\" width=\"500\" height=\"281\" src=\"https:\/\/www.youtube.com\/embed\/3Z_ojhVmKrE?feature=oembed\" frameborder=\"0\" allow=\"accelerometer; autoplay; clipboard-write; encrypted-media; gyroscope; picture-in-picture; web-share\" referrerpolicy=\"strict-origin-when-cross-origin\" allowfullscreen><\/iframe>\n<\/div><\/figure>\n\n\n\n<h2 class=\"wp-block-heading\" id=\"h-voici-sept-nbsp-raisons-pour-lesquelles-le-cdf-pourrait-etre-l-employeur-qui-te-convient-nbsp\">Voici sept&nbsp;raisons pour lesquelles le CDF pourrait \u00eatre l\u2019employeur qui te convient&nbsp;:<\/h2>\n\n\n\n<ol class=\"wp-block-list\">\n<li><strong>Ton travail contribue <\/strong>au succ\u00e8s de la Suisse. Tu travailles pour l\u2019organe supr\u00eame de la Conf\u00e9d\u00e9ration en mati\u00e8re de surveillance financi\u00e8re et veilles ainsi \u00e0 l\u2019utilisation judicieuse de l\u2019argent du contribuable.<\/li>\n\n\n\n<li><strong>Tes t\u00e2ches sont vari\u00e9es. <\/strong>Cybers\u00e9curit\u00e9, \u00e9volution d\u00e9mographique, transports publics&nbsp;: voil\u00e0 un aper\u00e7u des th\u00e8mes qui occuperont tes journ\u00e9es. Nos audits peuvent \u00e9galement porter sur des organisations internationales, et nous entretenons des contacts \u00e9troits avec des organes internationaux.<\/li>\n\n\n\n<li><strong>Ton travail produit des r\u00e9sultats concrets. <\/strong>Il ne finit pas au fond d\u2019un tiroir. La plupart de nos rapports sont publi\u00e9s et examin\u00e9s par le grand public. <\/li>\n\n\n\n<li><strong>L\u2019ind\u00e9pendance est le ma\u00eetre-mot. <\/strong>L\u2019analyse des risques est la base de notre action. Nous n\u2019effectuons aucun audit sur commande, peu importe que celle-ci provienne d\u2019acteurs politiques, d\u2019offices ou de d\u00e9partements. <\/li>\n\n\n\n<li><strong>Le CDF est une petite structure, o\u00f9 la qualit\u00e9 prime. <\/strong>Les structures sont l\u00e9g\u00e8res et claires, et l\u2019excellence est une \u00e9vidence. Nous mettons un point d\u2019honneur \u00e0 la formation continue, qui te permet de d\u00e9velopper encore tes comp\u00e9tences.<\/li>\n\n\n\n<li><strong>L\u2019\u00e9quilibre entre travail et vie priv\u00e9e est garanti. <\/strong>Le volume et le rythme de travail sont \u00e9lev\u00e9s, mais une planification annuelle stricte et des horaires flexibles offrant des jours de cong\u00e9 suppl\u00e9mentaires permettent de garder le bon \u00e9quilibre.<\/li>\n\n\n\n<li><strong>Tu profites d\u2019un environnement de travail agr\u00e9able. <\/strong>S\u00e9rieux ne veut pas dire ennui. Tu pourras compter sur l\u2019aide de tes coll\u00e8gues et auras de nombreuses occasions d\u2019\u00e9changer avec eux, que ce soit au bureau ou en dehors des heures de travail.<\/li>\n<\/ol>\n\n\n\n<figure class=\"wp-block-image size-large\"><img decoding=\"async\" src=\"https:\/\/www.efk.admin.ch\/wp-content\/uploads\/bilder\/efk\/efk_monbijou1-1024x621.jpg\" alt=\"\" class=\"wp-image-29203\"\/><figcaption class=\"wp-element-caption\">Une situation id\u00e9ale : Le Contr\u00f4le f\u00e9d\u00e9ral des finances est situ\u00e9 au c\u0153ur de Berne, non loin de la gare centrale.<\/figcaption><\/figure>\n","protected":false},"excerpt":{"rendered":"<p>Voici sept&nbsp;raisons pour lesquelles le CDF pourrait \u00eatre l\u2019employeur qui te convient&nbsp;:<\/p>\n","protected":false},"author":1,"featured_media":0,"parent":0,"menu_order":113,"comment_status":"closed","ping_status":"closed","template":"template-jobs-archives.php","meta":{"_acf_changed":false,"footnotes":""},"class_list":["post-243","page","type-page","status-publish","hentry"],"acf":[],"yoast_head":"<!-- This site is optimized with the Yoast SEO Premium plugin v27.3 (Yoast SEO v27.3) - https:\/\/yoast.com\/product\/yoast-seo-premium-wordpress\/ -->\n<title>Offres d&#039;emplois - Contr\u00f4le f\u00e9d\u00e9ral des finances (CDF)<\/title>\n<meta name=\"robots\" content=\"index, follow, max-snippet:-1, max-image-preview:large, max-video-preview:-1\" \/>\n<link rel=\"canonical\" href=\"https:\/\/www.efk.admin.ch\/fr\/offres-demplois\/\" \/>\n<meta property=\"og:locale\" content=\"fr_FR\" \/>\n<meta property=\"og:type\" content=\"article\" \/>\n<meta property=\"og:title\" content=\"Offres d&#039;emplois\" \/>\n<meta property=\"og:description\" content=\"Voici sept&nbsp;raisons pour lesquelles le CDF pourrait \u00eatre l\u2019employeur qui te convient&nbsp;:\" \/>\n<meta property=\"og:url\" content=\"https:\/\/www.efk.admin.ch\/fr\/offres-demplois\/\" \/>\n<meta property=\"og:site_name\" content=\"Contr\u00f4le f\u00e9d\u00e9ral des finances (CDF)\" \/>\n<meta property=\"article:modified_time\" content=\"2025-12-12T13:43:44+00:00\" \/>\n<meta property=\"og:image\" content=\"https:\/\/www.efk.admin.ch\/wp-content\/uploads\/test\/palais.jpg\" \/>\n\t<meta property=\"og:image:width\" content=\"750\" \/>\n\t<meta property=\"og:image:height\" content=\"500\" \/>\n\t<meta property=\"og:image:type\" content=\"image\/jpeg\" \/>\n<meta name=\"twitter:card\" content=\"summary_large_image\" \/>\n<meta name=\"twitter:label1\" content=\"Dur\u00e9e de lecture estim\u00e9e\" \/>\n\t<meta name=\"twitter:data1\" content=\"2 minutes\" \/>\n<script type=\"application\/ld+json\" class=\"yoast-schema-graph\">{\"@context\":\"https:\\\/\\\/schema.org\",\"@graph\":[{\"@type\":\"WebPage\",\"@id\":\"https:\\\/\\\/www.efk.admin.ch\\\/fr\\\/offres-demplois\\\/\",\"url\":\"https:\\\/\\\/www.efk.admin.ch\\\/fr\\\/offres-demplois\\\/\",\"name\":\"Offres d'emplois - Contr\u00f4le f\u00e9d\u00e9ral des finances (CDF)\",\"isPartOf\":{\"@id\":\"https:\\\/\\\/www.efk.admin.ch\\\/fr\\\/#website\"},\"primaryImageOfPage\":{\"@id\":\"https:\\\/\\\/www.efk.admin.ch\\\/fr\\\/offres-demplois\\\/#primaryimage\"},\"image\":{\"@id\":\"https:\\\/\\\/www.efk.admin.ch\\\/fr\\\/offres-demplois\\\/#primaryimage\"},\"thumbnailUrl\":\"https:\\\/\\\/www.efk.admin.ch\\\/wp-content\\\/uploads\\\/bilder\\\/efk\\\/efk_monbijou1-1024x621.jpg\",\"datePublished\":\"2023-11-15T12:14:35+00:00\",\"dateModified\":\"2025-12-12T13:43:44+00:00\",\"breadcrumb\":{\"@id\":\"https:\\\/\\\/www.efk.admin.ch\\\/fr\\\/offres-demplois\\\/#breadcrumb\"},\"inLanguage\":\"fr-FR\",\"potentialAction\":[{\"@type\":\"ReadAction\",\"target\":[\"https:\\\/\\\/www.efk.admin.ch\\\/fr\\\/offres-demplois\\\/\"]}]},{\"@type\":\"ImageObject\",\"inLanguage\":\"fr-FR\",\"@id\":\"https:\\\/\\\/www.efk.admin.ch\\\/fr\\\/offres-demplois\\\/#primaryimage\",\"url\":\"https:\\\/\\\/www.efk.admin.ch\\\/wp-content\\\/uploads\\\/bilder\\\/efk\\\/efk_monbijou1-1024x621.jpg\",\"contentUrl\":\"https:\\\/\\\/www.efk.admin.ch\\\/wp-content\\\/uploads\\\/bilder\\\/efk\\\/efk_monbijou1-1024x621.jpg\"},{\"@type\":\"BreadcrumbList\",\"@id\":\"https:\\\/\\\/www.efk.admin.ch\\\/fr\\\/offres-demplois\\\/#breadcrumb\",\"itemListElement\":[{\"@type\":\"ListItem\",\"position\":1,\"name\":\"Home\",\"item\":\"https:\\\/\\\/www.efk.admin.ch\\\/fr\\\/\"},{\"@type\":\"ListItem\",\"position\":2,\"name\":\"Offres d&#8217;emplois\"}]},{\"@type\":\"WebSite\",\"@id\":\"https:\\\/\\\/www.efk.admin.ch\\\/fr\\\/#website\",\"url\":\"https:\\\/\\\/www.efk.admin.ch\\\/fr\\\/\",\"name\":\"Informationen \u00fcber das oberste Finanzaufsichtsorgan der Schweiz\",\"description\":\"Le Contr\u00f4le f\u00e9d\u00e9ral des finances (CDF) est l'organe supr\u00eame de surveillance financi\u00e8re de la Conf\u00e9d\u00e9ration suisse.\",\"publisher\":{\"@id\":\"https:\\\/\\\/www.efk.admin.ch\\\/fr\\\/#organization\"},\"alternateName\":\"EFK\",\"potentialAction\":[{\"@type\":\"SearchAction\",\"target\":{\"@type\":\"EntryPoint\",\"urlTemplate\":\"https:\\\/\\\/www.efk.admin.ch\\\/fr\\\/?s={search_term_string}\"},\"query-input\":{\"@type\":\"PropertyValueSpecification\",\"valueRequired\":true,\"valueName\":\"search_term_string\"}}],\"inLanguage\":\"fr-FR\"},{\"@type\":\"Organization\",\"@id\":\"https:\\\/\\\/www.efk.admin.ch\\\/fr\\\/#organization\",\"name\":\"Contr\u00f4le f\u00e9d\u00e9ral des finances (CDF)\",\"alternateName\":\"EFK\",\"url\":\"https:\\\/\\\/www.efk.admin.ch\\\/fr\\\/\",\"logo\":{\"@type\":\"ImageObject\",\"inLanguage\":\"fr-FR\",\"@id\":\"https:\\\/\\\/www.efk.admin.ch\\\/fr\\\/#\\\/schema\\\/logo\\\/image\\\/\",\"url\":\"https:\\\/\\\/www.efk.admin.ch\\\/wp-content\\\/uploads\\\/efk_cdf_logo_ohne_claim.png\",\"contentUrl\":\"https:\\\/\\\/www.efk.admin.ch\\\/wp-content\\\/uploads\\\/efk_cdf_logo_ohne_claim.png\",\"width\":268,\"height\":258,\"caption\":\"Contr\u00f4le f\u00e9d\u00e9ral des finances (CDF)\"},\"image\":{\"@id\":\"https:\\\/\\\/www.efk.admin.ch\\\/fr\\\/#\\\/schema\\\/logo\\\/image\\\/\"},\"sameAs\":[\"https:\\\/\\\/www.instagram.com\\\/efk_cdf_sfao\\\/\",\"https:\\\/\\\/www.youtube.com\\\/channel\\\/UCm-bXj227VE5sJzhB-ihdvw\\\/featured\",\"https:\\\/\\\/www.linkedin.com\\\/company\\\/11081578\\\/\"]}]}<\/script>\n<!-- \/ Yoast SEO Premium plugin. -->","yoast_head_json":{"title":"Offres d'emplois - Contr\u00f4le f\u00e9d\u00e9ral des finances (CDF)","robots":{"index":"index","follow":"follow","max-snippet":"max-snippet:-1","max-image-preview":"max-image-preview:large","max-video-preview":"max-video-preview:-1"},"canonical":"https:\/\/www.efk.admin.ch\/fr\/offres-demplois\/","og_locale":"fr_FR","og_type":"article","og_title":"Offres d'emplois","og_description":"Voici sept&nbsp;raisons pour lesquelles le CDF pourrait \u00eatre l\u2019employeur qui te convient&nbsp;:","og_url":"https:\/\/www.efk.admin.ch\/fr\/offres-demplois\/","og_site_name":"Contr\u00f4le f\u00e9d\u00e9ral des finances (CDF)","article_modified_time":"2025-12-12T13:43:44+00:00","og_image":[{"width":750,"height":500,"url":"https:\/\/www.efk.admin.ch\/wp-content\/uploads\/test\/palais.jpg","type":"image\/jpeg"}],"twitter_card":"summary_large_image","twitter_misc":{"Dur\u00e9e de lecture estim\u00e9e":"2 minutes"},"schema":{"@context":"https:\/\/schema.org","@graph":[{"@type":"WebPage","@id":"https:\/\/www.efk.admin.ch\/fr\/offres-demplois\/","url":"https:\/\/www.efk.admin.ch\/fr\/offres-demplois\/","name":"Offres d'emplois - Contr\u00f4le f\u00e9d\u00e9ral des finances (CDF)","isPartOf":{"@id":"https:\/\/www.efk.admin.ch\/fr\/#website"},"primaryImageOfPage":{"@id":"https:\/\/www.efk.admin.ch\/fr\/offres-demplois\/#primaryimage"},"image":{"@id":"https:\/\/www.efk.admin.ch\/fr\/offres-demplois\/#primaryimage"},"thumbnailUrl":"https:\/\/www.efk.admin.ch\/wp-content\/uploads\/bilder\/efk\/efk_monbijou1-1024x621.jpg","datePublished":"2023-11-15T12:14:35+00:00","dateModified":"2025-12-12T13:43:44+00:00","breadcrumb":{"@id":"https:\/\/www.efk.admin.ch\/fr\/offres-demplois\/#breadcrumb"},"inLanguage":"fr-FR","potentialAction":[{"@type":"ReadAction","target":["https:\/\/www.efk.admin.ch\/fr\/offres-demplois\/"]}]},{"@type":"ImageObject","inLanguage":"fr-FR","@id":"https:\/\/www.efk.admin.ch\/fr\/offres-demplois\/#primaryimage","url":"https:\/\/www.efk.admin.ch\/wp-content\/uploads\/bilder\/efk\/efk_monbijou1-1024x621.jpg","contentUrl":"https:\/\/www.efk.admin.ch\/wp-content\/uploads\/bilder\/efk\/efk_monbijou1-1024x621.jpg"},{"@type":"BreadcrumbList","@id":"https:\/\/www.efk.admin.ch\/fr\/offres-demplois\/#breadcrumb","itemListElement":[{"@type":"ListItem","position":1,"name":"Home","item":"https:\/\/www.efk.admin.ch\/fr\/"},{"@type":"ListItem","position":2,"name":"Offres d&#8217;emplois"}]},{"@type":"WebSite","@id":"https:\/\/www.efk.admin.ch\/fr\/#website","url":"https:\/\/www.efk.admin.ch\/fr\/","name":"Informationen \u00fcber das oberste Finanzaufsichtsorgan der Schweiz","description":"Le Contr\u00f4le f\u00e9d\u00e9ral des finances (CDF) est l'organe supr\u00eame de surveillance financi\u00e8re de la Conf\u00e9d\u00e9ration suisse.","publisher":{"@id":"https:\/\/www.efk.admin.ch\/fr\/#organization"},"alternateName":"EFK","potentialAction":[{"@type":"SearchAction","target":{"@type":"EntryPoint","urlTemplate":"https:\/\/www.efk.admin.ch\/fr\/?s={search_term_string}"},"query-input":{"@type":"PropertyValueSpecification","valueRequired":true,"valueName":"search_term_string"}}],"inLanguage":"fr-FR"},{"@type":"Organization","@id":"https:\/\/www.efk.admin.ch\/fr\/#organization","name":"Contr\u00f4le f\u00e9d\u00e9ral des finances (CDF)","alternateName":"EFK","url":"https:\/\/www.efk.admin.ch\/fr\/","logo":{"@type":"ImageObject","inLanguage":"fr-FR","@id":"https:\/\/www.efk.admin.ch\/fr\/#\/schema\/logo\/image\/","url":"https:\/\/www.efk.admin.ch\/wp-content\/uploads\/efk_cdf_logo_ohne_claim.png","contentUrl":"https:\/\/www.efk.admin.ch\/wp-content\/uploads\/efk_cdf_logo_ohne_claim.png","width":268,"height":258,"caption":"Contr\u00f4le f\u00e9d\u00e9ral des finances (CDF)"},"image":{"@id":"https:\/\/www.efk.admin.ch\/fr\/#\/schema\/logo\/image\/"},"sameAs":["https:\/\/www.instagram.com\/efk_cdf_sfao\/","https:\/\/www.youtube.com\/channel\/UCm-bXj227VE5sJzhB-ihdvw\/featured","https:\/\/www.linkedin.com\/company\/11081578\/"]}]}},"_links":{"self":[{"href":"https:\/\/www.efk.admin.ch\/fr\/wp-json\/wp\/v2\/pages\/243","targetHints":{"allow":["GET"]}}],"collection":[{"href":"https:\/\/www.efk.admin.ch\/fr\/wp-json\/wp\/v2\/pages"}],"about":[{"href":"https:\/\/www.efk.admin.ch\/fr\/wp-json\/wp\/v2\/types\/page"}],"author":[{"embeddable":true,"href":"https:\/\/www.efk.admin.ch\/fr\/wp-json\/wp\/v2\/users\/1"}],"replies":[{"embeddable":true,"href":"https:\/\/www.efk.admin.ch\/fr\/wp-json\/wp\/v2\/comments?post=243"}],"version-history":[{"count":8,"href":"https:\/\/www.efk.admin.ch\/fr\/wp-json\/wp\/v2\/pages\/243\/revisions"}],"predecessor-version":[{"id":41317,"href":"https:\/\/www.efk.admin.ch\/fr\/wp-json\/wp\/v2\/pages\/243\/revisions\/41317"}],"wp:attachment":[{"href":"https:\/\/www.efk.admin.ch\/fr\/wp-json\/wp\/v2\/media?parent=243"}],"curies":[{"name":"wp","href":"https:\/\/api.w.org\/{rel}","templated":true}]}}